{"id":51836,"date":"2026-03-10T14:26:36","date_gmt":"2026-03-10T18:26:36","guid":{"rendered":"https:\/\/mobiwonder.com\/?p=51836"},"modified":"2026-03-13T16:07:05","modified_gmt":"2026-03-13T20:07:05","slug":"global-esim","status":"publish","type":"product","link":"https:\/\/mobiwonder.com\/fr\/produit\/global-esim\/","title":{"rendered":"eSIM Mondial"},"content":{"rendered":"<p>Stay connected in over 190 countries with our global eSIM card. Easy setup, instant activation, and no roaming fees. Travel smart with MobiWonder.<\/p>\n","protected":false},"excerpt":{"rendered":"<p>Restez connect\u00e9 dans le monde entier avec nos forfaits combo eSIM mondiaux. Configuration facile, activation instantan\u00e9e et sans frais d&rsquo;itin\u00e9rance. Voyagez intelligemment avec MobiWonder.<\/p>\n","protected":false},"featured_media":41725,"template":"","meta":[],"product_brand":[],"product_cat":[1114],"product_tag":[2003,2004],"class_list":{"0":"post-51836","1":"product","2":"type-product","3":"status-publish","4":"has-post-thumbnail","6":"product_cat-global-region","7":"product_tag-global-esim","8":"product_tag--esim","9":"pa_2-choose-data-amount-1-go-haut-debit-jour-fr","10":"pa_2-choose-data-amount-2-go-haut-debit-jour-fr","11":"pa_2-choose-data-amount-500-mo-haut-debit-jour-fr","12":"pa_coverage-afrique-du-sud-fr","13":"pa_coverage-albanie-fr","14":"pa_coverage-allemagne-fr","15":"pa_coverage-anguilla-fr","16":"pa_coverage-antigua-et-barbuda-fr","17":"pa_coverage-arabie-saoudite-fr","18":"pa_coverage-argentine-fr","19":"pa_coverage-armenie-fr","20":"pa_coverage-aruba-fr","21":"pa_coverage-australie-fr","22":"pa_coverage-autriche-fr","23":"pa_coverage-azerbaidjan-fr","24":"pa_coverage-bangladesh-fr","25":"pa_coverage-barbade-fr","26":"pa_coverage-belgique-fr","27":"pa_coverage-bermudes-fr","28":"pa_coverage-bielorussie-fr","29":"pa_coverage-bosnie-herzegovine-fr","30":"pa_coverage-bresil-fr","31":"pa_coverage-brunei-fr","32":"pa_coverage-bulgarie-fr","33":"pa_coverage-cambodge-fr","34":"pa_coverage-cameroun-fr","35":"pa_coverage-canada-fr","36":"pa_coverage-centrafrique-fr","37":"pa_coverage-chili-fr","38":"pa_coverage-chine-fr","39":"pa_coverage-chine-continentale-fr","40":"pa_coverage-chypre-fr","41":"pa_coverage-colombie-fr","42":"pa_coverage-coree-du-sud-fr","43":"pa_coverage-costa-rica-fr","44":"pa_coverage-cote-divoire-fr","45":"pa_coverage-croatie-fr","46":"pa_coverage-curacao-fr","47":"pa_coverage-danemark-fr","48":"pa_coverage-dominique-fr","49":"pa_coverage-eau-fr","50":"pa_coverage-egypte-fr","51":"pa_coverage-el-salvador-fr","52":"pa_coverage-equateur-fr","53":"pa_coverage-espagne-fr","54":"pa_coverage-estonie-fr","55":"pa_coverage-eswatini-fr","56":"pa_coverage-etats-unis-fr","57":"pa_coverage-fidji-fr","58":"pa_coverage-finlande-fr","59":"pa_coverage-france-fr","60":"pa_coverage-georgie-fr","61":"pa_coverage-ghana-fr","62":"pa_coverage-gibraltar-fr","63":"pa_coverage-grece-fr","64":"pa_coverage-grenade-fr","65":"pa_coverage-guadeloupe-fr","66":"pa_coverage-guam-fr","67":"pa_coverage-guatemala-fr","68":"pa_coverage-guyana-fr","69":"pa_coverage-guyane-francaise-fr","70":"pa_coverage-haiti-fr","71":"pa_coverage-honduras-fr","72":"pa_coverage-hong-kong-fr","73":"pa_coverage-hongrie-fr","74":"pa_coverage-iles-caimans-fr","75":"pa_coverage-iles-feroe-fr","76":"pa_coverage-iles-turques-et-caiques-fr","77":"pa_coverage-iles-vierges-britanniques-fr","78":"pa_coverage-inde-fr","79":"pa_coverage-indonesie-fr","80":"pa_coverage-iran-fr","81":"pa_coverage-irlande-fr","82":"pa_coverage-islande-fr","83":"pa_coverage-israel-fr","84":"pa_coverage-italie-fr","85":"pa_coverage-jamaique-fr","86":"pa_coverage-japon-fr","87":"pa_coverage-jordanie-fr","88":"pa_coverage-kazakhstan-fr","89":"pa_coverage-kenya-fr","90":"pa_coverage-kirghizistan-fr","91":"pa_coverage-koweit-fr","92":"pa_coverage-laos-fr","93":"pa_coverage-lettonie-fr","94":"pa_coverage-liberia-fr","95":"pa_coverage-lituanie-fr","96":"pa_coverage-luxembourg-fr","97":"pa_coverage-macao-fr","98":"pa_coverage-madagascar-fr","99":"pa_coverage-malaisie-fr","100":"pa_coverage-malawi-fr","101":"pa_coverage-malte-fr","102":"pa_coverage-maroc-fr","103":"pa_coverage-martinique-fr","104":"pa_coverage-maurice-fr","105":"pa_coverage-mexique-fr","106":"pa_coverage-moldavie-fr","107":"pa_coverage-mongolie-fr","108":"pa_coverage-montenegro-fr","109":"pa_coverage-mozambique-fr","110":"pa_coverage-nepal-fr","111":"pa_coverage-nicaragua-fr","112":"pa_coverage-norvege-fr","113":"pa_coverage-nouvelle-zelande-fr","114":"pa_coverage-oman-fr","115":"pa_coverage-ouganda-fr","116":"pa_coverage-ouzbekistan-fr","117":"pa_coverage-pakistan-fr","118":"pa_coverage-panama-fr","119":"pa_coverage-papouasie-nouvelle-guinee-fr","120":"pa_coverage-paraguay-fr","121":"pa_coverage-pays-bas-fr","122":"pa_coverage-perou-fr","123":"pa_coverage-philippines-fr","124":"pa_coverage-pologne-fr","125":"pa_coverage-portugal-fr","126":"pa_coverage-qatar-fr","127":"pa_coverage-rep-dem-du-congo-fr","128":"pa_coverage-rep-dominicaine-fr","129":"pa_coverage-republique-tcheque-fr","130":"pa_coverage-roumanie-fr","131":"pa_coverage-royaume-uni-fr","132":"pa_coverage-rwanda-fr","133":"pa_coverage-saint-kitts-et-nevis-fr","134":"pa_coverage-saint-vincent-fr","135":"pa_coverage-sainte-lucie-fr","136":"pa_coverage-serbie-fr","137":"pa_coverage-seychelles-fr","138":"pa_coverage-sierra-leone-fr","139":"pa_coverage-singapour-fr","140":"pa_coverage-slovaquie-fr","141":"pa_coverage-slovenie-fr","142":"pa_coverage-soudan-fr","143":"pa_coverage-sri-lanka-fr","144":"pa_coverage-suede-fr","145":"pa_coverage-suisse-fr","146":"pa_coverage-tadjikistan-fr","147":"pa_coverage-taiwan-fr","148":"pa_coverage-tanzanie-fr","149":"pa_coverage-thailande-fr","150":"pa_coverage-tonga-fr","151":"pa_coverage-trinite-et-tobago-fr","152":"pa_coverage-tunisie-fr","153":"pa_coverage-turquie-fr","154":"pa_coverage-ukraine-fr","155":"pa_coverage-uruguay-fr","156":"pa_coverage-vanuatu-fr","157":"pa_coverage-vietnam-fr","158":"pa_coverage-yemen-fr","159":"pa_coverage-zambie-fr","160":"pa_network-afrique-du-sud-fr","161":"pa_network-albanie-fr","162":"pa_network-allemagne-fr","163":"pa_network-anguilla-fr","164":"pa_network-antigua-et-barbuda-fr","165":"pa_network-arabie-saoudite-fr","166":"pa_network-argentine-fr","167":"pa_network-armenie-fr","168":"pa_network-aruba-fr","169":"pa_network-australie-fr","170":"pa_network-autriche-fr","171":"pa_network-azerbaidjan-fr","172":"pa_network-bangladesh-fr","173":"pa_network-barbade-fr","174":"pa_network-belgique-fr","175":"pa_network-bermudes-fr","176":"pa_network-bielorussie-fr","177":"pa_network-bosnie-herzegovine-fr","178":"pa_network-bresil-fr","179":"pa_network-brunei-fr","180":"pa_network-bulgarie-fr","181":"pa_network-cambodge-fr","182":"pa_network-cameroun-fr","183":"pa_network-canada-fr","184":"pa_network-centrafrique-fr","185":"pa_network-chili-fr","186":"pa_network-chine-fr","187":"pa_network-chine-continentale-fr","188":"pa_network-chypre-fr","189":"pa_network-colombie-fr","190":"pa_network-coree-du-sud-fr","191":"pa_network-costa-rica-fr","192":"pa_network-cote-divoire-fr","193":"pa_network-croatie-fr","194":"pa_network-curacao-fr","195":"pa_network-danemark-fr","196":"pa_network-dominique-fr","197":"pa_network-eau-fr","198":"pa_network-egypte-fr","199":"pa_network-el-salvador-fr","200":"pa_network-equateur-fr","201":"pa_network-espagne-fr","202":"pa_network-estonie-fr","203":"pa_network-eswatini-fr","204":"pa_network-etats-unis-fr","205":"pa_network-fidji-fr","206":"pa_network-finlande-fr","207":"pa_network-france-fr","208":"pa_network-georgie-fr","209":"pa_network-ghana-fr","210":"pa_network-gibraltar-fr","211":"pa_network-grece-fr","212":"pa_network-grenade-fr","213":"pa_network-guadeloupe-fr","214":"pa_network-guam-fr","215":"pa_network-guatemala-fr","216":"pa_network-guyana-fr","217":"pa_network-guyane-francaise-fr","218":"pa_network-haiti-fr","219":"pa_network-honduras-fr","220":"pa_network-hong-kong-fr","221":"pa_network-hongrie-fr","222":"pa_network-iles-caimans-fr","223":"pa_network-iles-feroe-fr","224":"pa_network-iles-turques-et-caiques-fr","225":"pa_network-iles-vierges-britanniques-fr","226":"pa_network-inde-fr","227":"pa_network-indonesie-fr","228":"pa_network-iran-fr","229":"pa_network-irlande-fr","230":"pa_network-islande-fr","231":"pa_network-israel-fr","232":"pa_network-italie-fr","233":"pa_network-jamaique-fr","234":"pa_network-japon-fr","235":"pa_network-jordanie-fr","236":"pa_network-kazakhstan-fr","237":"pa_network-kenya-fr","238":"pa_network-kirghizistan-fr","239":"pa_network-koweit-fr","240":"pa_network-laos-fr","241":"pa_network-lettonie-fr","242":"pa_network-liberia-fr","243":"pa_network-lituanie-fr","244":"pa_network-luxembourg-fr","245":"pa_network-macao-fr","246":"pa_network-madagascar-fr","247":"pa_network-malaisie-fr","248":"pa_network-malawi-fr","249":"pa_network-malte-fr","250":"pa_network-maroc-fr","251":"pa_network-martinique-fr","252":"pa_network-maurice-fr","253":"pa_network-mexique-fr","254":"pa_network-moldavie-fr","255":"pa_network-mongolie-fr","256":"pa_network-montenegro-fr","257":"pa_network-mozambique-fr","258":"pa_network-nepal-fr","259":"pa_network-nicaragua-fr","260":"pa_network-norvege-fr","261":"pa_network-nouvelle-zelande-fr","262":"pa_network-oman-fr","263":"pa_network-ouganda-fr","264":"pa_network-ouzbekistan-fr","265":"pa_network-pakistan-fr","266":"pa_network-panama-fr","267":"pa_network-papouasie-nouvelle-guinee-fr","268":"pa_network-paraguay-fr","269":"pa_network-pays-bas-fr","270":"pa_network-perou-fr","271":"pa_network-philippines-fr","272":"pa_network-pologne-fr","273":"pa_network-portugal-fr","274":"pa_network-qatar-fr","275":"pa_network-rep-dem-du-congo-fr","276":"pa_network-rep-dominicaine-fr","277":"pa_network-republique-tcheque-fr","278":"pa_network-roumanie-fr","279":"pa_network-royaume-uni-fr","280":"pa_network-rwanda-fr","281":"pa_network-saint-kitts-et-nevis-fr","282":"pa_network-saint-vincent-fr","283":"pa_network-sainte-lucie-fr","284":"pa_network-serbie-fr","285":"pa_network-seychelles-fr","286":"pa_network-sierra-leone-fr","287":"pa_network-singapour-fr","288":"pa_network-slovaquie-fr","289":"pa_network-slovenie-fr","290":"pa_network-soudan-fr","291":"pa_network-sri-lanka-fr","292":"pa_network-suede-fr","293":"pa_network-suisse-fr","294":"pa_network-tadjikistan-fr","295":"pa_network-taiwan-fr","296":"pa_network-tanzanie-fr","297":"pa_network-thailande-fr","298":"pa_network-tonga-fr","299":"pa_network-trinite-et-tobago-fr","300":"pa_network-tunisie-fr","301":"pa_network-turquie-fr","302":"pa_network-ukraine-fr","303":"pa_network-uruguay-fr","304":"pa_network-vanuatu-fr","305":"pa_network-vietnam-fr","306":"pa_network-yemen-fr","307":"pa_network-zambie-fr","308":"pa_plan-type-forfait-illimite-fr","309":"pa_validity-1-jour-fr","310":"pa_validity-10-jours-fr","311":"pa_validity-15-jours-fr","312":"pa_validity-20-jours-fr","313":"pa_validity-25-jours-fr","314":"pa_validity-3-jours-fr","315":"pa_validity-30-jours-fr","316":"pa_validity-5-jours-fr","317":"pa_validity-7-jours-fr","319":"first","320":"instock","321":"shipping-taxable","322":"purchasable","323":"product-type-variable","324":"has-default-attributes"},"yoast_head":"<!-- This site is optimized with the Yoast SEO plugin v27.1.1 - https:\/\/yoast.com\/product\/yoast-seo-wordpress\/ -->\n<title>MobiWonder - eSIM Mondial for international travelers<\/title>\n<meta name=\"description\" content=\"Restez connect\u00e9 dans le monde entier avec nos forfaits combo eSIM mondiaux. Configuration facile, activation instantan\u00e9e et sans frais d&#039;itin\u00e9rance. Voyagez intelligemment avec MobiWonder.\" \/>\n<meta name=\"robots\" content=\"index, follow, max-snippet:-1, max-image-preview:large, max-video-preview:-1\" \/>\n<link rel=\"canonical\" href=\"https:\/\/mobiwonder.com\/fr\/produit\/global-esim\/\" \/>\n<meta property=\"og:locale\" content=\"fr_FR\" \/>\n<meta property=\"og:type\" content=\"article\" \/>\n<meta property=\"og:title\" content=\"MobiWonder - eSIM Mondial for international travelers\" \/>\n<meta property=\"og:description\" content=\"Restez connect\u00e9 dans le monde entier avec nos forfaits combo eSIM mondiaux. Configuration facile, activation instantan\u00e9e et sans frais d&#039;itin\u00e9rance. Voyagez intelligemment avec MobiWonder.\" \/>\n<meta property=\"og:url\" content=\"https:\/\/mobiwonder.com\/fr\/produit\/global-esim\/\" \/>\n<meta property=\"og:site_name\" content=\"MobiWonder\" \/>\n<meta property=\"article:modified_time\" content=\"2026-03-13T20:07:05+00:00\" \/>\n<meta property=\"og:image\" content=\"https:\/\/mobiwonder.com\/wp-content\/uploads\/2025\/09\/global-esim.png\" \/>\n\t<meta property=\"og:image:width\" content=\"375\" \/>\n\t<meta property=\"og:image:height\" content=\"670\" \/>\n\t<meta property=\"og:image:type\" content=\"image\/png\" \/>\n<meta name=\"twitter:card\" content=\"summary_large_image\" \/>\n<meta name=\"twitter:label1\" content=\"Est. reading time\" \/>\n\t<meta name=\"twitter:data1\" content=\"1 minute\" \/>\n<script type=\"application\/ld+json\" class=\"yoast-schema-graph\">{\"@context\":\"https:\/\/schema.org\",\"@graph\":[{\"@type\":\"WebPage\",\"@id\":\"https:\/\/mobiwonder.com\/fr\/produit\/global-esim\/\",\"url\":\"https:\/\/mobiwonder.com\/fr\/produit\/global-esim\/\",\"name\":\"MobiWonder - eSIM Mondial for international travelers\",\"isPartOf\":{\"@id\":\"https:\/\/mobiwonder.com\/fr\/#website\"},\"primaryImageOfPage\":{\"@id\":\"https:\/\/mobiwonder.com\/fr\/produit\/global-esim\/#primaryimage\"},\"image\":{\"@id\":\"https:\/\/mobiwonder.com\/fr\/produit\/global-esim\/#primaryimage\"},\"thumbnailUrl\":\"https:\/\/mobiwonder.com\/wp-content\/uploads\/2025\/09\/global-esim.png\",\"datePublished\":\"2026-03-10T18:26:36+00:00\",\"dateModified\":\"2026-03-13T20:07:05+00:00\",\"description\":\"Restez connect\u00e9 dans le monde entier avec nos forfaits combo eSIM mondiaux. Configuration facile, activation instantan\u00e9e et sans frais d'itin\u00e9rance. Voyagez intelligemment avec MobiWonder.\",\"breadcrumb\":{\"@id\":\"https:\/\/mobiwonder.com\/fr\/produit\/global-esim\/#breadcrumb\"},\"inLanguage\":\"fr-FR\",\"potentialAction\":[{\"@type\":\"ReadAction\",\"target\":[\"https:\/\/mobiwonder.com\/fr\/produit\/global-esim\/\"]}]},{\"@type\":\"ImageObject\",\"inLanguage\":\"fr-FR\",\"@id\":\"https:\/\/mobiwonder.com\/fr\/produit\/global-esim\/#primaryimage\",\"url\":\"https:\/\/mobiwonder.com\/wp-content\/uploads\/2025\/09\/global-esim.png\",\"contentUrl\":\"https:\/\/mobiwonder.com\/wp-content\/uploads\/2025\/09\/global-esim.png\",\"width\":375,\"height\":670,\"caption\":\"global-esim\"},{\"@type\":\"BreadcrumbList\",\"@id\":\"https:\/\/mobiwonder.com\/fr\/produit\/global-esim\/#breadcrumb\",\"itemListElement\":[{\"@type\":\"ListItem\",\"position\":1,\"name\":\"Home\",\"item\":\"https:\/\/mobiwonder.com\/fr\/mobiwonder-com-2\/\"},{\"@type\":\"ListItem\",\"position\":2,\"name\":\"Shop\",\"item\":\"https:\/\/mobiwonder.com\/shop-2\/\"},{\"@type\":\"ListItem\",\"position\":3,\"name\":\"eSIM Mondial\"}]},{\"@type\":\"WebSite\",\"@id\":\"https:\/\/mobiwonder.com\/fr\/#website\",\"url\":\"https:\/\/mobiwonder.com\/fr\/\",\"name\":\"MobiWonder\",\"description\":\"\",\"potentialAction\":[{\"@type\":\"SearchAction\",\"target\":{\"@type\":\"EntryPoint\",\"urlTemplate\":\"https:\/\/mobiwonder.com\/fr\/?s={search_term_string}\"},\"query-input\":{\"@type\":\"PropertyValueSpecification\",\"valueRequired\":true,\"valueName\":\"search_term_string\"}}],\"inLanguage\":\"fr-FR\"}]}<\/script>\n<!-- \/ Yoast SEO plugin. -->","yoast_head_json":{"title":"MobiWonder - eSIM Mondial for international travelers","description":"Restez connect\u00e9 dans le monde entier avec nos forfaits combo eSIM mondiaux. Configuration facile, activation instantan\u00e9e et sans frais d'itin\u00e9rance. Voyagez intelligemment avec MobiWonder.","robots":{"index":"index","follow":"follow","max-snippet":"max-snippet:-1","max-image-preview":"max-image-preview:large","max-video-preview":"max-video-preview:-1"},"canonical":"https:\/\/mobiwonder.com\/fr\/produit\/global-esim\/","og_locale":"fr_FR","og_type":"article","og_title":"MobiWonder - eSIM Mondial for international travelers","og_description":"Restez connect\u00e9 dans le monde entier avec nos forfaits combo eSIM mondiaux. Configuration facile, activation instantan\u00e9e et sans frais d'itin\u00e9rance. Voyagez intelligemment avec MobiWonder.","og_url":"https:\/\/mobiwonder.com\/fr\/produit\/global-esim\/","og_site_name":"MobiWonder","article_modified_time":"2026-03-13T20:07:05+00:00","og_image":[{"width":375,"height":670,"url":"https:\/\/mobiwonder.com\/wp-content\/uploads\/2025\/09\/global-esim.png","type":"image\/png"}],"twitter_card":"summary_large_image","twitter_misc":{"Est. reading time":"1 minute"},"schema":{"@context":"https:\/\/schema.org","@graph":[{"@type":"WebPage","@id":"https:\/\/mobiwonder.com\/fr\/produit\/global-esim\/","url":"https:\/\/mobiwonder.com\/fr\/produit\/global-esim\/","name":"MobiWonder - eSIM Mondial for international travelers","isPartOf":{"@id":"https:\/\/mobiwonder.com\/fr\/#website"},"primaryImageOfPage":{"@id":"https:\/\/mobiwonder.com\/fr\/produit\/global-esim\/#primaryimage"},"image":{"@id":"https:\/\/mobiwonder.com\/fr\/produit\/global-esim\/#primaryimage"},"thumbnailUrl":"https:\/\/mobiwonder.com\/wp-content\/uploads\/2025\/09\/global-esim.png","datePublished":"2026-03-10T18:26:36+00:00","dateModified":"2026-03-13T20:07:05+00:00","description":"Restez connect\u00e9 dans le monde entier avec nos forfaits combo eSIM mondiaux. Configuration facile, activation instantan\u00e9e et sans frais d'itin\u00e9rance. Voyagez intelligemment avec MobiWonder.","breadcrumb":{"@id":"https:\/\/mobiwonder.com\/fr\/produit\/global-esim\/#breadcrumb"},"inLanguage":"fr-FR","potentialAction":[{"@type":"ReadAction","target":["https:\/\/mobiwonder.com\/fr\/produit\/global-esim\/"]}]},{"@type":"ImageObject","inLanguage":"fr-FR","@id":"https:\/\/mobiwonder.com\/fr\/produit\/global-esim\/#primaryimage","url":"https:\/\/mobiwonder.com\/wp-content\/uploads\/2025\/09\/global-esim.png","contentUrl":"https:\/\/mobiwonder.com\/wp-content\/uploads\/2025\/09\/global-esim.png","width":375,"height":670,"caption":"global-esim"},{"@type":"BreadcrumbList","@id":"https:\/\/mobiwonder.com\/fr\/produit\/global-esim\/#breadcrumb","itemListElement":[{"@type":"ListItem","position":1,"name":"Home","item":"https:\/\/mobiwonder.com\/fr\/mobiwonder-com-2\/"},{"@type":"ListItem","position":2,"name":"Shop","item":"https:\/\/mobiwonder.com\/shop-2\/"},{"@type":"ListItem","position":3,"name":"eSIM Mondial"}]},{"@type":"WebSite","@id":"https:\/\/mobiwonder.com\/fr\/#website","url":"https:\/\/mobiwonder.com\/fr\/","name":"MobiWonder","description":"","potentialAction":[{"@type":"SearchAction","target":{"@type":"EntryPoint","urlTemplate":"https:\/\/mobiwonder.com\/fr\/?s={search_term_string}"},"query-input":{"@type":"PropertyValueSpecification","valueRequired":true,"valueName":"search_term_string"}}],"inLanguage":"fr-FR"}]}},"_links":{"self":[{"href":"https:\/\/mobiwonder.com\/fr\/wp-json\/wp\/v2\/product\/51836","targetHints":{"allow":["GET"]}}],"collection":[{"href":"https:\/\/mobiwonder.com\/fr\/wp-json\/wp\/v2\/product"}],"about":[{"href":"https:\/\/mobiwonder.com\/fr\/wp-json\/wp\/v2\/types\/product"}],"wp:featuredmedia":[{"embeddable":true,"href":"https:\/\/mobiwonder.com\/fr\/wp-json\/wp\/v2\/media\/41725"}],"wp:attachment":[{"href":"https:\/\/mobiwonder.com\/fr\/wp-json\/wp\/v2\/media?parent=51836"}],"wp:term":[{"taxonomy":"product_brand","embeddable":true,"href":"https:\/\/mobiwonder.com\/fr\/wp-json\/wp\/v2\/product_brand?post=51836"},{"taxonomy":"product_cat","embeddable":true,"href":"https:\/\/mobiwonder.com\/fr\/wp-json\/wp\/v2\/product_cat?post=51836"},{"taxonomy":"product_tag","embeddable":true,"href":"https:\/\/mobiwonder.com\/fr\/wp-json\/wp\/v2\/product_tag?post=51836"}],"curies":[{"name":"wp","href":"https:\/\/api.w.org\/{rel}","templated":true}]}}