{"id":51817,"date":"2026-03-10T14:26:36","date_gmt":"2026-03-10T18:26:36","guid":{"rendered":"https:\/\/mobiwonder.com\/?p=51817"},"modified":"2026-03-13T16:07:05","modified_gmt":"2026-03-13T20:07:05","slug":"japan","status":"publish","type":"product","link":"https:\/\/mobiwonder.com\/fr\/produit\/japan\/","title":{"rendered":"Japon"},"content":{"rendered":"<p>Stay connected in Japan with our eSIM data plans. Easy setup, instant activation, and no roaming fees. Travel smart with MobiWonder.<\/p>\n","protected":false},"excerpt":{"rendered":"<p>Restez connect\u00e9 en Japon avec nos forfaits de donn\u00e9es eSIM. Configuration facile, activation instantan\u00e9e et sans frais d&rsquo;itin\u00e9rance. Voyagez intelligemment avec MobiWonder.<\/p>\n","protected":false},"featured_media":41941,"template":"","meta":[],"product_brand":[],"product_cat":[278,1185,1203],"product_tag":[2025,2026],"class_list":{"0":"post-51817","1":"product","2":"type-product","3":"status-publish","4":"has-post-thumbnail","6":"product_cat-japan","7":"product_cat-popular","8":"product_cat-uncategorized","9":"product_tag-japan","10":"product_tag-2026","11":"pa_2-choose-data-amount-1-go-haut-debit-jour-fr","12":"pa_2-choose-data-amount-15-jours-5gb-fr","13":"pa_2-choose-data-amount-15-jours-7gb-fr","14":"pa_2-choose-data-amount-2-go-haut-debit-jour-fr","15":"pa_2-choose-data-amount-20-jours-10gb-fr","16":"pa_2-choose-data-amount-3-go-haut-debit-jour-fr","17":"pa_2-choose-data-amount-30-jours-15gb-fr","18":"pa_2-choose-data-amount-30-jours-30gb-fr","19":"pa_2-choose-data-amount-7-jours-3gb-fr","20":"pa_coverage-japon-fr","21":"pa_network-japon-fr","22":"pa_plan-type-forfait-illimite-fr","23":"pa_plan-type-forfait-standard-fr","24":"pa_validity-10-jours-fr","25":"pa_validity-12-jours-fr","26":"pa_validity-15-jours-fr","27":"pa_validity-20-jours-fr","28":"pa_validity-3-jours-fr","29":"pa_validity-30-jours-fr","30":"pa_validity-5-jours-fr","31":"pa_validity-7-jours-fr","32":"pa_validity-8-jours-fr","33":"pa_validity-forfait-standard-fr","35":"first","36":"instock","37":"shipping-taxable","38":"purchasable","39":"product-type-variable","40":"has-default-attributes"},"yoast_head":"<!-- This site is optimized with the Yoast SEO plugin v27.1.1 - https:\/\/yoast.com\/product\/yoast-seo-wordpress\/ -->\n<title>MobiWonder - Japon for Japan travelers<\/title>\n<meta name=\"description\" content=\"Restez connect\u00e9 en Japon avec nos forfaits de donn\u00e9es eSIM. Configuration facile, activation instantan\u00e9e et sans frais d&#039;itin\u00e9rance. Voyagez intelligemment avec MobiWonder.\" \/>\n<meta name=\"robots\" content=\"index, follow, max-snippet:-1, max-image-preview:large, max-video-preview:-1\" \/>\n<link rel=\"canonical\" href=\"https:\/\/mobiwonder.com\/fr\/produit\/japan\/\" \/>\n<meta property=\"og:locale\" content=\"fr_FR\" \/>\n<meta property=\"og:type\" content=\"article\" \/>\n<meta property=\"og:title\" content=\"MobiWonder - Japon for Japan travelers\" \/>\n<meta property=\"og:description\" content=\"Restez connect\u00e9 en Japon avec nos forfaits de donn\u00e9es eSIM. Configuration facile, activation instantan\u00e9e et sans frais d&#039;itin\u00e9rance. Voyagez intelligemment avec MobiWonder.\" \/>\n<meta property=\"og:url\" content=\"https:\/\/mobiwonder.com\/fr\/produit\/japan\/\" \/>\n<meta property=\"og:site_name\" content=\"MobiWonder\" \/>\n<meta property=\"article:modified_time\" content=\"2026-03-13T20:07:05+00:00\" \/>\n<meta property=\"og:image\" content=\"https:\/\/mobiwonder.com\/wp-content\/uploads\/2025\/09\/japan.png\" \/>\n\t<meta property=\"og:image:width\" content=\"375\" \/>\n\t<meta property=\"og:image:height\" content=\"670\" \/>\n\t<meta property=\"og:image:type\" content=\"image\/png\" \/>\n<meta name=\"twitter:card\" content=\"summary_large_image\" \/>\n<meta name=\"twitter:label1\" content=\"Est. reading time\" \/>\n\t<meta name=\"twitter:data1\" content=\"1 minute\" \/>\n<script type=\"application\/ld+json\" class=\"yoast-schema-graph\">{\"@context\":\"https:\/\/schema.org\",\"@graph\":[{\"@type\":\"WebPage\",\"@id\":\"https:\/\/mobiwonder.com\/fr\/produit\/japan\/\",\"url\":\"https:\/\/mobiwonder.com\/fr\/produit\/japan\/\",\"name\":\"MobiWonder - Japon for Japan travelers\",\"isPartOf\":{\"@id\":\"https:\/\/mobiwonder.com\/fr\/#website\"},\"primaryImageOfPage\":{\"@id\":\"https:\/\/mobiwonder.com\/fr\/produit\/japan\/#primaryimage\"},\"image\":{\"@id\":\"https:\/\/mobiwonder.com\/fr\/produit\/japan\/#primaryimage\"},\"thumbnailUrl\":\"https:\/\/mobiwonder.com\/wp-content\/uploads\/2025\/09\/japan.png\",\"datePublished\":\"2026-03-10T18:26:36+00:00\",\"dateModified\":\"2026-03-13T20:07:05+00:00\",\"description\":\"Restez connect\u00e9 en Japon avec nos forfaits de donn\u00e9es eSIM. Configuration facile, activation instantan\u00e9e et sans frais d'itin\u00e9rance. Voyagez intelligemment avec MobiWonder.\",\"breadcrumb\":{\"@id\":\"https:\/\/mobiwonder.com\/fr\/produit\/japan\/#breadcrumb\"},\"inLanguage\":\"fr-FR\",\"potentialAction\":[{\"@type\":\"ReadAction\",\"target\":[\"https:\/\/mobiwonder.com\/fr\/produit\/japan\/\"]}]},{\"@type\":\"ImageObject\",\"inLanguage\":\"fr-FR\",\"@id\":\"https:\/\/mobiwonder.com\/fr\/produit\/japan\/#primaryimage\",\"url\":\"https:\/\/mobiwonder.com\/wp-content\/uploads\/2025\/09\/japan.png\",\"contentUrl\":\"https:\/\/mobiwonder.com\/wp-content\/uploads\/2025\/09\/japan.png\",\"width\":375,\"height\":670,\"caption\":\"japan\"},{\"@type\":\"BreadcrumbList\",\"@id\":\"https:\/\/mobiwonder.com\/fr\/produit\/japan\/#breadcrumb\",\"itemListElement\":[{\"@type\":\"ListItem\",\"position\":1,\"name\":\"Home\",\"item\":\"https:\/\/mobiwonder.com\/fr\/mobiwonder-com-2\/\"},{\"@type\":\"ListItem\",\"position\":2,\"name\":\"Shop\",\"item\":\"https:\/\/mobiwonder.com\/shop-2\/\"},{\"@type\":\"ListItem\",\"position\":3,\"name\":\"Japon\"}]},{\"@type\":\"WebSite\",\"@id\":\"https:\/\/mobiwonder.com\/fr\/#website\",\"url\":\"https:\/\/mobiwonder.com\/fr\/\",\"name\":\"MobiWonder\",\"description\":\"\",\"potentialAction\":[{\"@type\":\"SearchAction\",\"target\":{\"@type\":\"EntryPoint\",\"urlTemplate\":\"https:\/\/mobiwonder.com\/fr\/?s={search_term_string}\"},\"query-input\":{\"@type\":\"PropertyValueSpecification\",\"valueRequired\":true,\"valueName\":\"search_term_string\"}}],\"inLanguage\":\"fr-FR\"}]}<\/script>\n<!-- \/ Yoast SEO plugin. -->","yoast_head_json":{"title":"MobiWonder - Japon for Japan travelers","description":"Restez connect\u00e9 en Japon avec nos forfaits de donn\u00e9es eSIM. Configuration facile, activation instantan\u00e9e et sans frais d'itin\u00e9rance. Voyagez intelligemment avec MobiWonder.","robots":{"index":"index","follow":"follow","max-snippet":"max-snippet:-1","max-image-preview":"max-image-preview:large","max-video-preview":"max-video-preview:-1"},"canonical":"https:\/\/mobiwonder.com\/fr\/produit\/japan\/","og_locale":"fr_FR","og_type":"article","og_title":"MobiWonder - Japon for Japan travelers","og_description":"Restez connect\u00e9 en Japon avec nos forfaits de donn\u00e9es eSIM. Configuration facile, activation instantan\u00e9e et sans frais d'itin\u00e9rance. Voyagez intelligemment avec MobiWonder.","og_url":"https:\/\/mobiwonder.com\/fr\/produit\/japan\/","og_site_name":"MobiWonder","article_modified_time":"2026-03-13T20:07:05+00:00","og_image":[{"width":375,"height":670,"url":"https:\/\/mobiwonder.com\/wp-content\/uploads\/2025\/09\/japan.png","type":"image\/png"}],"twitter_card":"summary_large_image","twitter_misc":{"Est. reading time":"1 minute"},"schema":{"@context":"https:\/\/schema.org","@graph":[{"@type":"WebPage","@id":"https:\/\/mobiwonder.com\/fr\/produit\/japan\/","url":"https:\/\/mobiwonder.com\/fr\/produit\/japan\/","name":"MobiWonder - Japon for Japan travelers","isPartOf":{"@id":"https:\/\/mobiwonder.com\/fr\/#website"},"primaryImageOfPage":{"@id":"https:\/\/mobiwonder.com\/fr\/produit\/japan\/#primaryimage"},"image":{"@id":"https:\/\/mobiwonder.com\/fr\/produit\/japan\/#primaryimage"},"thumbnailUrl":"https:\/\/mobiwonder.com\/wp-content\/uploads\/2025\/09\/japan.png","datePublished":"2026-03-10T18:26:36+00:00","dateModified":"2026-03-13T20:07:05+00:00","description":"Restez connect\u00e9 en Japon avec nos forfaits de donn\u00e9es eSIM. Configuration facile, activation instantan\u00e9e et sans frais d'itin\u00e9rance. Voyagez intelligemment avec MobiWonder.","breadcrumb":{"@id":"https:\/\/mobiwonder.com\/fr\/produit\/japan\/#breadcrumb"},"inLanguage":"fr-FR","potentialAction":[{"@type":"ReadAction","target":["https:\/\/mobiwonder.com\/fr\/produit\/japan\/"]}]},{"@type":"ImageObject","inLanguage":"fr-FR","@id":"https:\/\/mobiwonder.com\/fr\/produit\/japan\/#primaryimage","url":"https:\/\/mobiwonder.com\/wp-content\/uploads\/2025\/09\/japan.png","contentUrl":"https:\/\/mobiwonder.com\/wp-content\/uploads\/2025\/09\/japan.png","width":375,"height":670,"caption":"japan"},{"@type":"BreadcrumbList","@id":"https:\/\/mobiwonder.com\/fr\/produit\/japan\/#breadcrumb","itemListElement":[{"@type":"ListItem","position":1,"name":"Home","item":"https:\/\/mobiwonder.com\/fr\/mobiwonder-com-2\/"},{"@type":"ListItem","position":2,"name":"Shop","item":"https:\/\/mobiwonder.com\/shop-2\/"},{"@type":"ListItem","position":3,"name":"Japon"}]},{"@type":"WebSite","@id":"https:\/\/mobiwonder.com\/fr\/#website","url":"https:\/\/mobiwonder.com\/fr\/","name":"MobiWonder","description":"","potentialAction":[{"@type":"SearchAction","target":{"@type":"EntryPoint","urlTemplate":"https:\/\/mobiwonder.com\/fr\/?s={search_term_string}"},"query-input":{"@type":"PropertyValueSpecification","valueRequired":true,"valueName":"search_term_string"}}],"inLanguage":"fr-FR"}]}},"_links":{"self":[{"href":"https:\/\/mobiwonder.com\/fr\/wp-json\/wp\/v2\/product\/51817","targetHints":{"allow":["GET"]}}],"collection":[{"href":"https:\/\/mobiwonder.com\/fr\/wp-json\/wp\/v2\/product"}],"about":[{"href":"https:\/\/mobiwonder.com\/fr\/wp-json\/wp\/v2\/types\/product"}],"wp:featuredmedia":[{"embeddable":true,"href":"https:\/\/mobiwonder.com\/fr\/wp-json\/wp\/v2\/media\/41941"}],"wp:attachment":[{"href":"https:\/\/mobiwonder.com\/fr\/wp-json\/wp\/v2\/media?parent=51817"}],"wp:term":[{"taxonomy":"product_brand","embeddable":true,"href":"https:\/\/mobiwonder.com\/fr\/wp-json\/wp\/v2\/product_brand?post=51817"},{"taxonomy":"product_cat","embeddable":true,"href":"https:\/\/mobiwonder.com\/fr\/wp-json\/wp\/v2\/product_cat?post=51817"},{"taxonomy":"product_tag","embeddable":true,"href":"https:\/\/mobiwonder.com\/fr\/wp-json\/wp\/v2\/product_tag?post=51817"}],"curies":[{"name":"wp","href":"https:\/\/api.w.org\/{rel}","templated":true}]}}