{"id":51803,"date":"2026-03-10T14:26:36","date_gmt":"2026-03-10T18:26:36","guid":{"rendered":"https:\/\/mobiwonder.com\/?p=51803"},"modified":"2026-03-13T16:07:05","modified_gmt":"2026-03-13T20:07:05","slug":"europe-esim","status":"publish","type":"product","link":"https:\/\/mobiwonder.com\/fr\/produit\/europe-esim\/","title":{"rendered":"Europe eSIM"},"content":{"rendered":"<p>Stay connected all over Europe with our combo eSIM plans. Easy setup, instant activation, and no roaming fees. Travel smart with MobiWonder.<\/p>\n","protected":false},"excerpt":{"rendered":"<p>Restez connect\u00e9 partout en Europe avec nos forfaits combo eSIM. Configuration facile, activation instantan\u00e9e et sans frais d&rsquo;itin\u00e9rance. Voyagez intelligemment avec MobiWonder.<\/p>\n","protected":false},"featured_media":41657,"template":"","meta":[],"product_brand":[],"product_cat":[396,1203],"product_tag":[1995,1996,2637],"class_list":{"0":"post-51803","1":"product","2":"type-product","3":"status-publish","4":"has-post-thumbnail","6":"product_cat-europe","7":"product_cat-uncategorized","8":"product_tag-europe-esim","9":"product_tag--esim","11":"pa_2-choose-data-amount-1-go-haut-debit-jour-fr","12":"pa_2-choose-data-amount-10-jours-5gb-fr","13":"pa_2-choose-data-amount-15-jours-6gb-fr","14":"pa_2-choose-data-amount-2-go-haut-debit-jour-fr","15":"pa_2-choose-data-amount-3-go-haut-debit-jour-fr","16":"pa_2-choose-data-amount-30-jours-10gb-fr","17":"pa_2-choose-data-amount-30-jours-20gb-fr","18":"pa_2-choose-data-amount-30-jours-30gb-fr","19":"pa_coverage-albanie-fr","20":"pa_coverage-allemagne-fr","21":"pa_coverage-autriche-fr","22":"pa_coverage-belgique-fr","23":"pa_coverage-bosnie-herzegovine-fr","24":"pa_coverage-bulgarie-fr","25":"pa_coverage-chypre-fr","26":"pa_coverage-croatie-fr","27":"pa_coverage-danemark-fr","28":"pa_coverage-espagne-fr","29":"pa_coverage-estonie-fr","30":"pa_coverage-finlande-fr","31":"pa_coverage-france-fr","32":"pa_coverage-gibraltar-fr","33":"pa_coverage-grece-fr","34":"pa_coverage-hongrie-fr","35":"pa_coverage-iles-feroe-fr","36":"pa_coverage-irlande-fr","37":"pa_coverage-islande-fr","38":"pa_coverage-italie-fr","39":"pa_coverage-lettonie-fr","40":"pa_coverage-lituanie-fr","41":"pa_coverage-luxembourg-fr","42":"pa_coverage-malte-fr","43":"pa_coverage-montenegro-fr","44":"pa_coverage-norvege-fr","45":"pa_coverage-pays-bas-fr","46":"pa_coverage-pologne-fr","47":"pa_coverage-portugal-fr","48":"pa_coverage-republique-tcheque-fr","49":"pa_coverage-roumanie-fr","50":"pa_coverage-royaume-uni-fr","51":"pa_coverage-serbie-fr","52":"pa_coverage-slovaquie-fr","53":"pa_coverage-slovenie-fr","54":"pa_coverage-suede-fr","55":"pa_coverage-suisse-fr","56":"pa_coverage-ukraine-fr","57":"pa_network-albanie-fr","58":"pa_network-allemagne-fr","59":"pa_network-autriche-fr","60":"pa_network-belgique-fr","61":"pa_network-bosnie-herzegovine-fr","62":"pa_network-bulgarie-fr","63":"pa_network-chypre-fr","64":"pa_network-croatie-fr","65":"pa_network-danemark-fr","66":"pa_network-espagne-fr","67":"pa_network-estonie-fr","68":"pa_network-finlande-fr","69":"pa_network-france-fr","70":"pa_network-gibraltar-fr","71":"pa_network-grece-fr","72":"pa_network-hongrie-fr","73":"pa_network-iles-feroe-fr","74":"pa_network-irlande-fr","75":"pa_network-islande-fr","76":"pa_network-italie-fr","77":"pa_network-lettonie-fr","78":"pa_network-lituanie-fr","79":"pa_network-luxembourg-fr","80":"pa_network-malte-fr","81":"pa_network-montenegro-fr","82":"pa_network-norvege-fr","83":"pa_network-pays-bas-fr","84":"pa_network-pologne-fr","85":"pa_network-portugal-fr","86":"pa_network-republique-tcheque-fr","87":"pa_network-roumanie-fr","88":"pa_network-royaume-uni-fr","89":"pa_network-serbie-fr","90":"pa_network-slovaquie-fr","91":"pa_network-slovenie-fr","92":"pa_network-suede-fr","93":"pa_network-suisse-fr","94":"pa_network-ukraine-fr","95":"pa_plan-type-forfait-illimite-fr","96":"pa_plan-type-forfait-standard-fr","97":"pa_validity-10-jours-fr","98":"pa_validity-12-jours-fr","99":"pa_validity-15-jours-fr","100":"pa_validity-20-jours-fr","101":"pa_validity-30-jours-fr","102":"pa_validity-5-jours-fr","103":"pa_validity-7-jours-fr","104":"pa_validity-forfait-standard-fr","106":"first","107":"instock","108":"shipping-taxable","109":"purchasable","110":"product-type-variable","111":"has-default-attributes"},"yoast_head":"<!-- This site is optimized with the Yoast SEO plugin v27.1.1 - https:\/\/yoast.com\/product\/yoast-seo-wordpress\/ -->\n<title>MobiWonder - Europe eSIM for Europe travelers<\/title>\n<meta name=\"description\" content=\"Restez connect\u00e9 partout en Europe avec nos forfaits combo eSIM. Configuration facile, activation instantan\u00e9e et sans frais d&#039;itin\u00e9rance. Voyagez intelligemment avec MobiWonder.\" \/>\n<meta name=\"robots\" content=\"index, follow, max-snippet:-1, max-image-preview:large, max-video-preview:-1\" \/>\n<link rel=\"canonical\" href=\"https:\/\/mobiwonder.com\/fr\/produit\/europe-esim\/\" \/>\n<meta property=\"og:locale\" content=\"fr_FR\" \/>\n<meta property=\"og:type\" content=\"article\" \/>\n<meta property=\"og:title\" content=\"MobiWonder - Europe eSIM for Europe travelers\" \/>\n<meta property=\"og:description\" content=\"Restez connect\u00e9 partout en Europe avec nos forfaits combo eSIM. Configuration facile, activation instantan\u00e9e et sans frais d&#039;itin\u00e9rance. Voyagez intelligemment avec MobiWonder.\" \/>\n<meta property=\"og:url\" content=\"https:\/\/mobiwonder.com\/fr\/produit\/europe-esim\/\" \/>\n<meta property=\"og:site_name\" content=\"MobiWonder\" \/>\n<meta property=\"article:modified_time\" content=\"2026-03-13T20:07:05+00:00\" \/>\n<meta property=\"og:image\" content=\"https:\/\/mobiwonder.com\/wp-content\/uploads\/2025\/09\/europe-esim.png\" \/>\n\t<meta property=\"og:image:width\" content=\"375\" \/>\n\t<meta property=\"og:image:height\" content=\"670\" \/>\n\t<meta property=\"og:image:type\" content=\"image\/png\" \/>\n<meta name=\"twitter:card\" content=\"summary_large_image\" \/>\n<meta name=\"twitter:label1\" content=\"Est. reading time\" \/>\n\t<meta name=\"twitter:data1\" content=\"1 minute\" \/>\n<script type=\"application\/ld+json\" class=\"yoast-schema-graph\">{\"@context\":\"https:\/\/schema.org\",\"@graph\":[{\"@type\":\"WebPage\",\"@id\":\"https:\/\/mobiwonder.com\/fr\/produit\/europe-esim\/\",\"url\":\"https:\/\/mobiwonder.com\/fr\/produit\/europe-esim\/\",\"name\":\"MobiWonder - Europe eSIM for Europe travelers\",\"isPartOf\":{\"@id\":\"https:\/\/mobiwonder.com\/fr\/#website\"},\"primaryImageOfPage\":{\"@id\":\"https:\/\/mobiwonder.com\/fr\/produit\/europe-esim\/#primaryimage\"},\"image\":{\"@id\":\"https:\/\/mobiwonder.com\/fr\/produit\/europe-esim\/#primaryimage\"},\"thumbnailUrl\":\"https:\/\/mobiwonder.com\/wp-content\/uploads\/2025\/09\/europe-esim.png\",\"datePublished\":\"2026-03-10T18:26:36+00:00\",\"dateModified\":\"2026-03-13T20:07:05+00:00\",\"description\":\"Restez connect\u00e9 partout en Europe avec nos forfaits combo eSIM. Configuration facile, activation instantan\u00e9e et sans frais d'itin\u00e9rance. Voyagez intelligemment avec MobiWonder.\",\"breadcrumb\":{\"@id\":\"https:\/\/mobiwonder.com\/fr\/produit\/europe-esim\/#breadcrumb\"},\"inLanguage\":\"fr-FR\",\"potentialAction\":[{\"@type\":\"ReadAction\",\"target\":[\"https:\/\/mobiwonder.com\/fr\/produit\/europe-esim\/\"]}]},{\"@type\":\"ImageObject\",\"inLanguage\":\"fr-FR\",\"@id\":\"https:\/\/mobiwonder.com\/fr\/produit\/europe-esim\/#primaryimage\",\"url\":\"https:\/\/mobiwonder.com\/wp-content\/uploads\/2025\/09\/europe-esim.png\",\"contentUrl\":\"https:\/\/mobiwonder.com\/wp-content\/uploads\/2025\/09\/europe-esim.png\",\"width\":375,\"height\":670,\"caption\":\"europe-esim\"},{\"@type\":\"BreadcrumbList\",\"@id\":\"https:\/\/mobiwonder.com\/fr\/produit\/europe-esim\/#breadcrumb\",\"itemListElement\":[{\"@type\":\"ListItem\",\"position\":1,\"name\":\"Home\",\"item\":\"https:\/\/mobiwonder.com\/fr\/mobiwonder-com-2\/\"},{\"@type\":\"ListItem\",\"position\":2,\"name\":\"Shop\",\"item\":\"https:\/\/mobiwonder.com\/shop-2\/\"},{\"@type\":\"ListItem\",\"position\":3,\"name\":\"Europe eSIM\"}]},{\"@type\":\"WebSite\",\"@id\":\"https:\/\/mobiwonder.com\/fr\/#website\",\"url\":\"https:\/\/mobiwonder.com\/fr\/\",\"name\":\"MobiWonder\",\"description\":\"\",\"potentialAction\":[{\"@type\":\"SearchAction\",\"target\":{\"@type\":\"EntryPoint\",\"urlTemplate\":\"https:\/\/mobiwonder.com\/fr\/?s={search_term_string}\"},\"query-input\":{\"@type\":\"PropertyValueSpecification\",\"valueRequired\":true,\"valueName\":\"search_term_string\"}}],\"inLanguage\":\"fr-FR\"}]}<\/script>\n<!-- \/ Yoast SEO plugin. -->","yoast_head_json":{"title":"MobiWonder - Europe eSIM for Europe travelers","description":"Restez connect\u00e9 partout en Europe avec nos forfaits combo eSIM. Configuration facile, activation instantan\u00e9e et sans frais d'itin\u00e9rance. Voyagez intelligemment avec MobiWonder.","robots":{"index":"index","follow":"follow","max-snippet":"max-snippet:-1","max-image-preview":"max-image-preview:large","max-video-preview":"max-video-preview:-1"},"canonical":"https:\/\/mobiwonder.com\/fr\/produit\/europe-esim\/","og_locale":"fr_FR","og_type":"article","og_title":"MobiWonder - Europe eSIM for Europe travelers","og_description":"Restez connect\u00e9 partout en Europe avec nos forfaits combo eSIM. Configuration facile, activation instantan\u00e9e et sans frais d'itin\u00e9rance. Voyagez intelligemment avec MobiWonder.","og_url":"https:\/\/mobiwonder.com\/fr\/produit\/europe-esim\/","og_site_name":"MobiWonder","article_modified_time":"2026-03-13T20:07:05+00:00","og_image":[{"width":375,"height":670,"url":"https:\/\/mobiwonder.com\/wp-content\/uploads\/2025\/09\/europe-esim.png","type":"image\/png"}],"twitter_card":"summary_large_image","twitter_misc":{"Est. reading time":"1 minute"},"schema":{"@context":"https:\/\/schema.org","@graph":[{"@type":"WebPage","@id":"https:\/\/mobiwonder.com\/fr\/produit\/europe-esim\/","url":"https:\/\/mobiwonder.com\/fr\/produit\/europe-esim\/","name":"MobiWonder - Europe eSIM for Europe travelers","isPartOf":{"@id":"https:\/\/mobiwonder.com\/fr\/#website"},"primaryImageOfPage":{"@id":"https:\/\/mobiwonder.com\/fr\/produit\/europe-esim\/#primaryimage"},"image":{"@id":"https:\/\/mobiwonder.com\/fr\/produit\/europe-esim\/#primaryimage"},"thumbnailUrl":"https:\/\/mobiwonder.com\/wp-content\/uploads\/2025\/09\/europe-esim.png","datePublished":"2026-03-10T18:26:36+00:00","dateModified":"2026-03-13T20:07:05+00:00","description":"Restez connect\u00e9 partout en Europe avec nos forfaits combo eSIM. Configuration facile, activation instantan\u00e9e et sans frais d'itin\u00e9rance. Voyagez intelligemment avec MobiWonder.","breadcrumb":{"@id":"https:\/\/mobiwonder.com\/fr\/produit\/europe-esim\/#breadcrumb"},"inLanguage":"fr-FR","potentialAction":[{"@type":"ReadAction","target":["https:\/\/mobiwonder.com\/fr\/produit\/europe-esim\/"]}]},{"@type":"ImageObject","inLanguage":"fr-FR","@id":"https:\/\/mobiwonder.com\/fr\/produit\/europe-esim\/#primaryimage","url":"https:\/\/mobiwonder.com\/wp-content\/uploads\/2025\/09\/europe-esim.png","contentUrl":"https:\/\/mobiwonder.com\/wp-content\/uploads\/2025\/09\/europe-esim.png","width":375,"height":670,"caption":"europe-esim"},{"@type":"BreadcrumbList","@id":"https:\/\/mobiwonder.com\/fr\/produit\/europe-esim\/#breadcrumb","itemListElement":[{"@type":"ListItem","position":1,"name":"Home","item":"https:\/\/mobiwonder.com\/fr\/mobiwonder-com-2\/"},{"@type":"ListItem","position":2,"name":"Shop","item":"https:\/\/mobiwonder.com\/shop-2\/"},{"@type":"ListItem","position":3,"name":"Europe eSIM"}]},{"@type":"WebSite","@id":"https:\/\/mobiwonder.com\/fr\/#website","url":"https:\/\/mobiwonder.com\/fr\/","name":"MobiWonder","description":"","potentialAction":[{"@type":"SearchAction","target":{"@type":"EntryPoint","urlTemplate":"https:\/\/mobiwonder.com\/fr\/?s={search_term_string}"},"query-input":{"@type":"PropertyValueSpecification","valueRequired":true,"valueName":"search_term_string"}}],"inLanguage":"fr-FR"}]}},"_links":{"self":[{"href":"https:\/\/mobiwonder.com\/fr\/wp-json\/wp\/v2\/product\/51803","targetHints":{"allow":["GET"]}}],"collection":[{"href":"https:\/\/mobiwonder.com\/fr\/wp-json\/wp\/v2\/product"}],"about":[{"href":"https:\/\/mobiwonder.com\/fr\/wp-json\/wp\/v2\/types\/product"}],"wp:featuredmedia":[{"embeddable":true,"href":"https:\/\/mobiwonder.com\/fr\/wp-json\/wp\/v2\/media\/41657"}],"wp:attachment":[{"href":"https:\/\/mobiwonder.com\/fr\/wp-json\/wp\/v2\/media?parent=51803"}],"wp:term":[{"taxonomy":"product_brand","embeddable":true,"href":"https:\/\/mobiwonder.com\/fr\/wp-json\/wp\/v2\/product_brand?post=51803"},{"taxonomy":"product_cat","embeddable":true,"href":"https:\/\/mobiwonder.com\/fr\/wp-json\/wp\/v2\/product_cat?post=51803"},{"taxonomy":"product_tag","embeddable":true,"href":"https:\/\/mobiwonder.com\/fr\/wp-json\/wp\/v2\/product_tag?post=51803"}],"curies":[{"name":"wp","href":"https:\/\/api.w.org\/{rel}","templated":true}]}}