{"id":51800,"date":"2026-03-10T14:26:36","date_gmt":"2026-03-10T18:26:36","guid":{"rendered":"https:\/\/mobiwonder.com\/?p=51800"},"modified":"2026-03-13T16:07:05","modified_gmt":"2026-03-13T20:07:05","slug":"africa-esim","status":"publish","type":"product","link":"https:\/\/mobiwonder.com\/fr\/produit\/africa-esim\/","title":{"rendered":"Afrique eSIM"},"content":{"rendered":"<p>Stay connected in Africa with our combo eSIM plans. Easy setup, instant activation, and no roaming fees. Travel smart with MobiWonder.<\/p>\n","protected":false},"excerpt":{"rendered":"<p>Restez connect\u00e9 partout en Afrique avec nos forfaits combo eSIM. Configuration facile, activation instantan\u00e9e et sans frais d&rsquo;itin\u00e9rance. Voyagez intelligemment avec MobiWonder.<\/p>\n","protected":false},"featured_media":41783,"template":"","meta":[],"product_brand":[],"product_cat":[394,1203],"product_tag":[1989,1990],"class_list":{"0":"post-51800","1":"product","2":"type-product","3":"status-publish","4":"has-post-thumbnail","6":"product_cat-africa","7":"product_cat-uncategorized","8":"product_tag-africa-esim","9":"product_tag--esim","10":"pa_2-choose-data-amount-1-go-haut-debit-jour-fr","11":"pa_2-choose-data-amount-2-go-haut-debit-jour-fr","12":"pa_2-choose-data-amount-500-mo-haut-debit-jour-fr","13":"pa_coverage-afrique-du-sud-fr","14":"pa_coverage-cameroun-fr","15":"pa_coverage-centrafrique-fr","16":"pa_coverage-cote-divoire-fr","17":"pa_coverage-egypte-fr","18":"pa_coverage-eswatini-fr","19":"pa_coverage-ghana-fr","20":"pa_coverage-kenya-fr","21":"pa_coverage-liberia-fr","22":"pa_coverage-madagascar-fr","23":"pa_coverage-malawi-fr","24":"pa_coverage-maroc-fr","25":"pa_coverage-maurice-fr","26":"pa_coverage-mozambique-fr","27":"pa_coverage-ouganda-fr","28":"pa_coverage-rep-dem-du-congo-fr","29":"pa_coverage-rwanda-fr","30":"pa_coverage-seychelles-fr","31":"pa_coverage-sierra-leone-fr","32":"pa_coverage-soudan-fr","33":"pa_coverage-tanzanie-fr","34":"pa_coverage-tunisie-fr","35":"pa_coverage-zambie-fr","36":"pa_network-afrique-du-sud-fr","37":"pa_network-cameroun-fr","38":"pa_network-centrafrique-fr","39":"pa_network-cote-divoire-fr","40":"pa_network-egypte-fr","41":"pa_network-eswatini-fr","42":"pa_network-ghana-fr","43":"pa_network-kenya-fr","44":"pa_network-liberia-fr","45":"pa_network-madagascar-fr","46":"pa_network-malawi-fr","47":"pa_network-maroc-fr","48":"pa_network-maurice-fr","49":"pa_network-mozambique-fr","50":"pa_network-ouganda-fr","51":"pa_network-rep-dem-du-congo-fr","52":"pa_network-rwanda-fr","53":"pa_network-seychelles-fr","54":"pa_network-sierra-leone-fr","55":"pa_network-soudan-fr","56":"pa_network-tanzanie-fr","57":"pa_network-tunisie-fr","58":"pa_network-zambie-fr","59":"pa_plan-type-forfait-illimite-fr","60":"pa_validity-1-jour-fr","61":"pa_validity-10-jours-fr","62":"pa_validity-15-jours-fr","63":"pa_validity-20-jours-fr","64":"pa_validity-25-jours-fr","65":"pa_validity-3-jours-fr","66":"pa_validity-30-jours-fr","67":"pa_validity-5-jours-fr","68":"pa_validity-7-jours-fr","70":"first","71":"instock","72":"shipping-taxable","73":"purchasable","74":"product-type-variable","75":"has-default-attributes"},"yoast_head":"<!-- This site is optimized with the Yoast SEO plugin v27.1.1 - https:\/\/yoast.com\/product\/yoast-seo-wordpress\/ -->\n<title>MobiWonder - Afrique eSIM for Africa travelers<\/title>\n<meta name=\"description\" content=\"Restez connect\u00e9 partout en Afrique avec nos forfaits combo eSIM. Configuration facile, activation instantan\u00e9e et sans frais d&#039;itin\u00e9rance. Voyagez intelligemment avec MobiWonder.\" \/>\n<meta name=\"robots\" content=\"index, follow, max-snippet:-1, max-image-preview:large, max-video-preview:-1\" \/>\n<link rel=\"canonical\" href=\"https:\/\/mobiwonder.com\/fr\/produit\/africa-esim\/\" \/>\n<meta property=\"og:locale\" content=\"fr_FR\" \/>\n<meta property=\"og:type\" content=\"article\" \/>\n<meta property=\"og:title\" content=\"MobiWonder - Afrique eSIM for Africa travelers\" \/>\n<meta property=\"og:description\" content=\"Restez connect\u00e9 partout en Afrique avec nos forfaits combo eSIM. Configuration facile, activation instantan\u00e9e et sans frais d&#039;itin\u00e9rance. Voyagez intelligemment avec MobiWonder.\" \/>\n<meta property=\"og:url\" content=\"https:\/\/mobiwonder.com\/fr\/produit\/africa-esim\/\" \/>\n<meta property=\"og:site_name\" content=\"MobiWonder\" \/>\n<meta property=\"article:modified_time\" content=\"2026-03-13T20:07:05+00:00\" \/>\n<meta property=\"og:image\" content=\"https:\/\/mobiwonder.com\/wp-content\/uploads\/2025\/09\/africa-esim.png\" \/>\n\t<meta property=\"og:image:width\" content=\"375\" \/>\n\t<meta property=\"og:image:height\" content=\"670\" \/>\n\t<meta property=\"og:image:type\" content=\"image\/png\" \/>\n<meta name=\"twitter:card\" content=\"summary_large_image\" \/>\n<script type=\"application\/ld+json\" class=\"yoast-schema-graph\">{\"@context\":\"https:\/\/schema.org\",\"@graph\":[{\"@type\":\"WebPage\",\"@id\":\"https:\/\/mobiwonder.com\/fr\/produit\/africa-esim\/\",\"url\":\"https:\/\/mobiwonder.com\/fr\/produit\/africa-esim\/\",\"name\":\"MobiWonder - Afrique eSIM for Africa travelers\",\"isPartOf\":{\"@id\":\"https:\/\/mobiwonder.com\/fr\/#website\"},\"primaryImageOfPage\":{\"@id\":\"https:\/\/mobiwonder.com\/fr\/produit\/africa-esim\/#primaryimage\"},\"image\":{\"@id\":\"https:\/\/mobiwonder.com\/fr\/produit\/africa-esim\/#primaryimage\"},\"thumbnailUrl\":\"https:\/\/mobiwonder.com\/wp-content\/uploads\/2025\/09\/africa-esim.png\",\"datePublished\":\"2026-03-10T18:26:36+00:00\",\"dateModified\":\"2026-03-13T20:07:05+00:00\",\"description\":\"Restez connect\u00e9 partout en Afrique avec nos forfaits combo eSIM. Configuration facile, activation instantan\u00e9e et sans frais d'itin\u00e9rance. Voyagez intelligemment avec MobiWonder.\",\"breadcrumb\":{\"@id\":\"https:\/\/mobiwonder.com\/fr\/produit\/africa-esim\/#breadcrumb\"},\"inLanguage\":\"fr-FR\",\"potentialAction\":[{\"@type\":\"ReadAction\",\"target\":[\"https:\/\/mobiwonder.com\/fr\/produit\/africa-esim\/\"]}]},{\"@type\":\"ImageObject\",\"inLanguage\":\"fr-FR\",\"@id\":\"https:\/\/mobiwonder.com\/fr\/produit\/africa-esim\/#primaryimage\",\"url\":\"https:\/\/mobiwonder.com\/wp-content\/uploads\/2025\/09\/africa-esim.png\",\"contentUrl\":\"https:\/\/mobiwonder.com\/wp-content\/uploads\/2025\/09\/africa-esim.png\",\"width\":375,\"height\":670,\"caption\":\"africa-esim\"},{\"@type\":\"BreadcrumbList\",\"@id\":\"https:\/\/mobiwonder.com\/fr\/produit\/africa-esim\/#breadcrumb\",\"itemListElement\":[{\"@type\":\"ListItem\",\"position\":1,\"name\":\"Home\",\"item\":\"https:\/\/mobiwonder.com\/fr\/mobiwonder-com-2\/\"},{\"@type\":\"ListItem\",\"position\":2,\"name\":\"Shop\",\"item\":\"https:\/\/mobiwonder.com\/shop-2\/\"},{\"@type\":\"ListItem\",\"position\":3,\"name\":\"Afrique eSIM\"}]},{\"@type\":\"WebSite\",\"@id\":\"https:\/\/mobiwonder.com\/fr\/#website\",\"url\":\"https:\/\/mobiwonder.com\/fr\/\",\"name\":\"MobiWonder\",\"description\":\"\",\"potentialAction\":[{\"@type\":\"SearchAction\",\"target\":{\"@type\":\"EntryPoint\",\"urlTemplate\":\"https:\/\/mobiwonder.com\/fr\/?s={search_term_string}\"},\"query-input\":{\"@type\":\"PropertyValueSpecification\",\"valueRequired\":true,\"valueName\":\"search_term_string\"}}],\"inLanguage\":\"fr-FR\"}]}<\/script>\n<!-- \/ Yoast SEO plugin. -->","yoast_head_json":{"title":"MobiWonder - Afrique eSIM for Africa travelers","description":"Restez connect\u00e9 partout en Afrique avec nos forfaits combo eSIM. Configuration facile, activation instantan\u00e9e et sans frais d'itin\u00e9rance. Voyagez intelligemment avec MobiWonder.","robots":{"index":"index","follow":"follow","max-snippet":"max-snippet:-1","max-image-preview":"max-image-preview:large","max-video-preview":"max-video-preview:-1"},"canonical":"https:\/\/mobiwonder.com\/fr\/produit\/africa-esim\/","og_locale":"fr_FR","og_type":"article","og_title":"MobiWonder - Afrique eSIM for Africa travelers","og_description":"Restez connect\u00e9 partout en Afrique avec nos forfaits combo eSIM. Configuration facile, activation instantan\u00e9e et sans frais d'itin\u00e9rance. Voyagez intelligemment avec MobiWonder.","og_url":"https:\/\/mobiwonder.com\/fr\/produit\/africa-esim\/","og_site_name":"MobiWonder","article_modified_time":"2026-03-13T20:07:05+00:00","og_image":[{"width":375,"height":670,"url":"https:\/\/mobiwonder.com\/wp-content\/uploads\/2025\/09\/africa-esim.png","type":"image\/png"}],"twitter_card":"summary_large_image","schema":{"@context":"https:\/\/schema.org","@graph":[{"@type":"WebPage","@id":"https:\/\/mobiwonder.com\/fr\/produit\/africa-esim\/","url":"https:\/\/mobiwonder.com\/fr\/produit\/africa-esim\/","name":"MobiWonder - Afrique eSIM for Africa travelers","isPartOf":{"@id":"https:\/\/mobiwonder.com\/fr\/#website"},"primaryImageOfPage":{"@id":"https:\/\/mobiwonder.com\/fr\/produit\/africa-esim\/#primaryimage"},"image":{"@id":"https:\/\/mobiwonder.com\/fr\/produit\/africa-esim\/#primaryimage"},"thumbnailUrl":"https:\/\/mobiwonder.com\/wp-content\/uploads\/2025\/09\/africa-esim.png","datePublished":"2026-03-10T18:26:36+00:00","dateModified":"2026-03-13T20:07:05+00:00","description":"Restez connect\u00e9 partout en Afrique avec nos forfaits combo eSIM. Configuration facile, activation instantan\u00e9e et sans frais d'itin\u00e9rance. Voyagez intelligemment avec MobiWonder.","breadcrumb":{"@id":"https:\/\/mobiwonder.com\/fr\/produit\/africa-esim\/#breadcrumb"},"inLanguage":"fr-FR","potentialAction":[{"@type":"ReadAction","target":["https:\/\/mobiwonder.com\/fr\/produit\/africa-esim\/"]}]},{"@type":"ImageObject","inLanguage":"fr-FR","@id":"https:\/\/mobiwonder.com\/fr\/produit\/africa-esim\/#primaryimage","url":"https:\/\/mobiwonder.com\/wp-content\/uploads\/2025\/09\/africa-esim.png","contentUrl":"https:\/\/mobiwonder.com\/wp-content\/uploads\/2025\/09\/africa-esim.png","width":375,"height":670,"caption":"africa-esim"},{"@type":"BreadcrumbList","@id":"https:\/\/mobiwonder.com\/fr\/produit\/africa-esim\/#breadcrumb","itemListElement":[{"@type":"ListItem","position":1,"name":"Home","item":"https:\/\/mobiwonder.com\/fr\/mobiwonder-com-2\/"},{"@type":"ListItem","position":2,"name":"Shop","item":"https:\/\/mobiwonder.com\/shop-2\/"},{"@type":"ListItem","position":3,"name":"Afrique eSIM"}]},{"@type":"WebSite","@id":"https:\/\/mobiwonder.com\/fr\/#website","url":"https:\/\/mobiwonder.com\/fr\/","name":"MobiWonder","description":"","potentialAction":[{"@type":"SearchAction","target":{"@type":"EntryPoint","urlTemplate":"https:\/\/mobiwonder.com\/fr\/?s={search_term_string}"},"query-input":{"@type":"PropertyValueSpecification","valueRequired":true,"valueName":"search_term_string"}}],"inLanguage":"fr-FR"}]}},"_links":{"self":[{"href":"https:\/\/mobiwonder.com\/fr\/wp-json\/wp\/v2\/product\/51800","targetHints":{"allow":["GET"]}}],"collection":[{"href":"https:\/\/mobiwonder.com\/fr\/wp-json\/wp\/v2\/product"}],"about":[{"href":"https:\/\/mobiwonder.com\/fr\/wp-json\/wp\/v2\/types\/product"}],"wp:featuredmedia":[{"embeddable":true,"href":"https:\/\/mobiwonder.com\/fr\/wp-json\/wp\/v2\/media\/41783"}],"wp:attachment":[{"href":"https:\/\/mobiwonder.com\/fr\/wp-json\/wp\/v2\/media?parent=51800"}],"wp:term":[{"taxonomy":"product_brand","embeddable":true,"href":"https:\/\/mobiwonder.com\/fr\/wp-json\/wp\/v2\/product_brand?post=51800"},{"taxonomy":"product_cat","embeddable":true,"href":"https:\/\/mobiwonder.com\/fr\/wp-json\/wp\/v2\/product_cat?post=51800"},{"taxonomy":"product_tag","embeddable":true,"href":"https:\/\/mobiwonder.com\/fr\/wp-json\/wp\/v2\/product_tag?post=51800"}],"curies":[{"name":"wp","href":"https:\/\/api.w.org\/{rel}","templated":true}]}}