{"id":51799,"date":"2026-03-10T14:26:36","date_gmt":"2026-03-10T18:26:36","guid":{"rendered":"https:\/\/mobiwonder.com\/?p=51799"},"modified":"2026-03-13T16:07:05","modified_gmt":"2026-03-13T20:07:05","slug":"asia-esim","status":"publish","type":"product","link":"https:\/\/mobiwonder.com\/fr\/produit\/asia-esim\/","title":{"rendered":"Asie eSIM"},"content":{"rendered":"<p>Stay connected in 16 Asian countries with our Asia eSIM. Easy setup, instant activation, and no roaming fees. Travel smart with MobiWonder.<\/p>\n","protected":false},"excerpt":{"rendered":"<p>Restez connect\u00e9 partout en Asie avec nos forfaits combo eSIM. Configuration facile, activation instantan\u00e9e et sans frais d&rsquo;itin\u00e9rance. Voyagez intelligemment avec MobiWonder.<\/p>\n","protected":false},"featured_media":41723,"template":"","meta":[],"product_brand":[],"product_cat":[395,1203],"product_tag":[1987,1988,2627],"class_list":{"0":"post-51799","1":"product","2":"type-product","3":"status-publish","4":"has-post-thumbnail","6":"product_cat-asia","7":"product_cat-uncategorized","8":"product_tag-asia-esim","9":"product_tag--esim","11":"pa_2-choose-data-amount-1-go-haut-debit-jour-fr","12":"pa_2-choose-data-amount-2-go-haut-debit-jour-fr","13":"pa_2-choose-data-amount-500-mo-haut-debit-jour-fr","14":"pa_coverage-cambodge-fr","15":"pa_coverage-chine-fr","16":"pa_coverage-coree-du-sud-fr","17":"pa_coverage-hong-kong-fr","18":"pa_coverage-indonesie-fr","19":"pa_coverage-japon-fr","20":"pa_coverage-laos-fr","21":"pa_coverage-macao-fr","22":"pa_coverage-malaisie-fr","23":"pa_coverage-pakistan-fr","24":"pa_coverage-philippines-fr","25":"pa_coverage-singapour-fr","26":"pa_coverage-sri-lanka-fr","27":"pa_coverage-taiwan-fr","28":"pa_coverage-thailande-fr","29":"pa_coverage-vietnam-fr","30":"pa_network-cambodge-fr","31":"pa_network-chine-fr","32":"pa_network-coree-du-sud-fr","33":"pa_network-hong-kong-fr","34":"pa_network-indonesie-fr","35":"pa_network-japon-fr","36":"pa_network-laos-fr","37":"pa_network-macao-fr","38":"pa_network-malaisie-fr","39":"pa_network-pakistan-fr","40":"pa_network-philippines-fr","41":"pa_network-singapour-fr","42":"pa_network-sri-lanka-fr","43":"pa_network-taiwan-fr","44":"pa_network-thailande-fr","45":"pa_network-vietnam-fr","46":"pa_plan-type-forfait-illimite-fr","47":"pa_validity-12-jours-fr","48":"pa_validity-15-jours-fr","49":"pa_validity-30-jours-fr","50":"pa_validity-5-jours-fr","51":"pa_validity-8-jours-fr","53":"first","54":"instock","55":"shipping-taxable","56":"purchasable","57":"product-type-variable","58":"has-default-attributes"},"yoast_head":"<!-- This site is optimized with the Yoast SEO plugin v27.1.1 - https:\/\/yoast.com\/product\/yoast-seo-wordpress\/ -->\n<title>MobiWonder - Asie eSIM for Asia travelers<\/title>\n<meta name=\"description\" content=\"Restez connect\u00e9 partout en Asie avec nos forfaits combo eSIM. Configuration facile, activation instantan\u00e9e et sans frais d&#039;itin\u00e9rance. Voyagez intelligemment avec MobiWonder.\" \/>\n<meta name=\"robots\" content=\"index, follow, max-snippet:-1, max-image-preview:large, max-video-preview:-1\" \/>\n<link rel=\"canonical\" href=\"https:\/\/mobiwonder.com\/fr\/produit\/asia-esim\/\" \/>\n<meta property=\"og:locale\" content=\"fr_FR\" \/>\n<meta property=\"og:type\" content=\"article\" \/>\n<meta property=\"og:title\" content=\"MobiWonder - Asie eSIM for Asia travelers\" \/>\n<meta property=\"og:description\" content=\"Restez connect\u00e9 partout en Asie avec nos forfaits combo eSIM. Configuration facile, activation instantan\u00e9e et sans frais d&#039;itin\u00e9rance. Voyagez intelligemment avec MobiWonder.\" \/>\n<meta property=\"og:url\" content=\"https:\/\/mobiwonder.com\/fr\/produit\/asia-esim\/\" \/>\n<meta property=\"og:site_name\" content=\"MobiWonder\" \/>\n<meta property=\"article:modified_time\" content=\"2026-03-13T20:07:05+00:00\" \/>\n<meta property=\"og:image\" content=\"https:\/\/mobiwonder.com\/wp-content\/uploads\/2025\/09\/asia-esim.png\" \/>\n\t<meta property=\"og:image:width\" content=\"375\" \/>\n\t<meta property=\"og:image:height\" content=\"670\" \/>\n\t<meta property=\"og:image:type\" content=\"image\/png\" \/>\n<meta name=\"twitter:card\" content=\"summary_large_image\" \/>\n<script type=\"application\/ld+json\" class=\"yoast-schema-graph\">{\"@context\":\"https:\/\/schema.org\",\"@graph\":[{\"@type\":\"WebPage\",\"@id\":\"https:\/\/mobiwonder.com\/fr\/produit\/asia-esim\/\",\"url\":\"https:\/\/mobiwonder.com\/fr\/produit\/asia-esim\/\",\"name\":\"MobiWonder - Asie eSIM for Asia travelers\",\"isPartOf\":{\"@id\":\"https:\/\/mobiwonder.com\/fr\/#website\"},\"primaryImageOfPage\":{\"@id\":\"https:\/\/mobiwonder.com\/fr\/produit\/asia-esim\/#primaryimage\"},\"image\":{\"@id\":\"https:\/\/mobiwonder.com\/fr\/produit\/asia-esim\/#primaryimage\"},\"thumbnailUrl\":\"https:\/\/mobiwonder.com\/wp-content\/uploads\/2025\/09\/asia-esim.png\",\"datePublished\":\"2026-03-10T18:26:36+00:00\",\"dateModified\":\"2026-03-13T20:07:05+00:00\",\"description\":\"Restez connect\u00e9 partout en Asie avec nos forfaits combo eSIM. Configuration facile, activation instantan\u00e9e et sans frais d'itin\u00e9rance. Voyagez intelligemment avec MobiWonder.\",\"breadcrumb\":{\"@id\":\"https:\/\/mobiwonder.com\/fr\/produit\/asia-esim\/#breadcrumb\"},\"inLanguage\":\"fr-FR\",\"potentialAction\":[{\"@type\":\"ReadAction\",\"target\":[\"https:\/\/mobiwonder.com\/fr\/produit\/asia-esim\/\"]}]},{\"@type\":\"ImageObject\",\"inLanguage\":\"fr-FR\",\"@id\":\"https:\/\/mobiwonder.com\/fr\/produit\/asia-esim\/#primaryimage\",\"url\":\"https:\/\/mobiwonder.com\/wp-content\/uploads\/2025\/09\/asia-esim.png\",\"contentUrl\":\"https:\/\/mobiwonder.com\/wp-content\/uploads\/2025\/09\/asia-esim.png\",\"width\":375,\"height\":670,\"caption\":\"asia-esim\"},{\"@type\":\"BreadcrumbList\",\"@id\":\"https:\/\/mobiwonder.com\/fr\/produit\/asia-esim\/#breadcrumb\",\"itemListElement\":[{\"@type\":\"ListItem\",\"position\":1,\"name\":\"Home\",\"item\":\"https:\/\/mobiwonder.com\/fr\/mobiwonder-com-2\/\"},{\"@type\":\"ListItem\",\"position\":2,\"name\":\"Shop\",\"item\":\"https:\/\/mobiwonder.com\/shop-2\/\"},{\"@type\":\"ListItem\",\"position\":3,\"name\":\"Asie eSIM\"}]},{\"@type\":\"WebSite\",\"@id\":\"https:\/\/mobiwonder.com\/fr\/#website\",\"url\":\"https:\/\/mobiwonder.com\/fr\/\",\"name\":\"MobiWonder\",\"description\":\"\",\"potentialAction\":[{\"@type\":\"SearchAction\",\"target\":{\"@type\":\"EntryPoint\",\"urlTemplate\":\"https:\/\/mobiwonder.com\/fr\/?s={search_term_string}\"},\"query-input\":{\"@type\":\"PropertyValueSpecification\",\"valueRequired\":true,\"valueName\":\"search_term_string\"}}],\"inLanguage\":\"fr-FR\"}]}<\/script>\n<!-- \/ Yoast SEO plugin. -->","yoast_head_json":{"title":"MobiWonder - Asie eSIM for Asia travelers","description":"Restez connect\u00e9 partout en Asie avec nos forfaits combo eSIM. Configuration facile, activation instantan\u00e9e et sans frais d'itin\u00e9rance. Voyagez intelligemment avec MobiWonder.","robots":{"index":"index","follow":"follow","max-snippet":"max-snippet:-1","max-image-preview":"max-image-preview:large","max-video-preview":"max-video-preview:-1"},"canonical":"https:\/\/mobiwonder.com\/fr\/produit\/asia-esim\/","og_locale":"fr_FR","og_type":"article","og_title":"MobiWonder - Asie eSIM for Asia travelers","og_description":"Restez connect\u00e9 partout en Asie avec nos forfaits combo eSIM. Configuration facile, activation instantan\u00e9e et sans frais d'itin\u00e9rance. Voyagez intelligemment avec MobiWonder.","og_url":"https:\/\/mobiwonder.com\/fr\/produit\/asia-esim\/","og_site_name":"MobiWonder","article_modified_time":"2026-03-13T20:07:05+00:00","og_image":[{"width":375,"height":670,"url":"https:\/\/mobiwonder.com\/wp-content\/uploads\/2025\/09\/asia-esim.png","type":"image\/png"}],"twitter_card":"summary_large_image","schema":{"@context":"https:\/\/schema.org","@graph":[{"@type":"WebPage","@id":"https:\/\/mobiwonder.com\/fr\/produit\/asia-esim\/","url":"https:\/\/mobiwonder.com\/fr\/produit\/asia-esim\/","name":"MobiWonder - Asie eSIM for Asia travelers","isPartOf":{"@id":"https:\/\/mobiwonder.com\/fr\/#website"},"primaryImageOfPage":{"@id":"https:\/\/mobiwonder.com\/fr\/produit\/asia-esim\/#primaryimage"},"image":{"@id":"https:\/\/mobiwonder.com\/fr\/produit\/asia-esim\/#primaryimage"},"thumbnailUrl":"https:\/\/mobiwonder.com\/wp-content\/uploads\/2025\/09\/asia-esim.png","datePublished":"2026-03-10T18:26:36+00:00","dateModified":"2026-03-13T20:07:05+00:00","description":"Restez connect\u00e9 partout en Asie avec nos forfaits combo eSIM. Configuration facile, activation instantan\u00e9e et sans frais d'itin\u00e9rance. Voyagez intelligemment avec MobiWonder.","breadcrumb":{"@id":"https:\/\/mobiwonder.com\/fr\/produit\/asia-esim\/#breadcrumb"},"inLanguage":"fr-FR","potentialAction":[{"@type":"ReadAction","target":["https:\/\/mobiwonder.com\/fr\/produit\/asia-esim\/"]}]},{"@type":"ImageObject","inLanguage":"fr-FR","@id":"https:\/\/mobiwonder.com\/fr\/produit\/asia-esim\/#primaryimage","url":"https:\/\/mobiwonder.com\/wp-content\/uploads\/2025\/09\/asia-esim.png","contentUrl":"https:\/\/mobiwonder.com\/wp-content\/uploads\/2025\/09\/asia-esim.png","width":375,"height":670,"caption":"asia-esim"},{"@type":"BreadcrumbList","@id":"https:\/\/mobiwonder.com\/fr\/produit\/asia-esim\/#breadcrumb","itemListElement":[{"@type":"ListItem","position":1,"name":"Home","item":"https:\/\/mobiwonder.com\/fr\/mobiwonder-com-2\/"},{"@type":"ListItem","position":2,"name":"Shop","item":"https:\/\/mobiwonder.com\/shop-2\/"},{"@type":"ListItem","position":3,"name":"Asie eSIM"}]},{"@type":"WebSite","@id":"https:\/\/mobiwonder.com\/fr\/#website","url":"https:\/\/mobiwonder.com\/fr\/","name":"MobiWonder","description":"","potentialAction":[{"@type":"SearchAction","target":{"@type":"EntryPoint","urlTemplate":"https:\/\/mobiwonder.com\/fr\/?s={search_term_string}"},"query-input":{"@type":"PropertyValueSpecification","valueRequired":true,"valueName":"search_term_string"}}],"inLanguage":"fr-FR"}]}},"_links":{"self":[{"href":"https:\/\/mobiwonder.com\/fr\/wp-json\/wp\/v2\/product\/51799","targetHints":{"allow":["GET"]}}],"collection":[{"href":"https:\/\/mobiwonder.com\/fr\/wp-json\/wp\/v2\/product"}],"about":[{"href":"https:\/\/mobiwonder.com\/fr\/wp-json\/wp\/v2\/types\/product"}],"wp:featuredmedia":[{"embeddable":true,"href":"https:\/\/mobiwonder.com\/fr\/wp-json\/wp\/v2\/media\/41723"}],"wp:attachment":[{"href":"https:\/\/mobiwonder.com\/fr\/wp-json\/wp\/v2\/media?parent=51799"}],"wp:term":[{"taxonomy":"product_brand","embeddable":true,"href":"https:\/\/mobiwonder.com\/fr\/wp-json\/wp\/v2\/product_brand?post=51799"},{"taxonomy":"product_cat","embeddable":true,"href":"https:\/\/mobiwonder.com\/fr\/wp-json\/wp\/v2\/product_cat?post=51799"},{"taxonomy":"product_tag","embeddable":true,"href":"https:\/\/mobiwonder.com\/fr\/wp-json\/wp\/v2\/product_tag?post=51799"}],"curies":[{"name":"wp","href":"https:\/\/api.w.org\/{rel}","templated":true}]}}