{"id":51761,"date":"2026-03-10T14:26:36","date_gmt":"2026-03-10T18:26:36","guid":{"rendered":"https:\/\/mobiwonder.com\/?p=51761"},"modified":"2026-03-13T16:36:38","modified_gmt":"2026-03-13T20:36:38","slug":"dominican-republic","status":"publish","type":"product","link":"https:\/\/mobiwonder.com\/fr\/produit\/dominican-republic\/","title":{"rendered":"R\u00e9publique dominicaine"},"content":{"rendered":"<p>Restez connect\u00e9 en R\u00e9publique dominicaine avec nos forfaits de donn\u00e9es eSIM. Configuration facile, activation instantan\u00e9e et sans frais d&rsquo;itin\u00e9rance. Voyagez intelligemment avec MobiWonder.<\/p>\n","protected":false},"excerpt":{"rendered":"<p>Restez connect\u00e9 en R\u00e9publique dominicaine avec nos forfaits de donn\u00e9es eSIM. Configuration facile, activation instantan\u00e9e et sans frais d&rsquo;itin\u00e9rance. Voyagez intelligemment avec MobiWonder.<\/p>\n","protected":false},"featured_media":41809,"template":"","meta":[],"product_brand":[],"product_cat":[1144,1185,1203],"product_tag":[1912,2442,1913],"class_list":{"0":"post-51761","1":"product","2":"type-product","3":"status-publish","4":"has-post-thumbnail","6":"product_cat-dominican-republic","7":"product_cat-popular","8":"product_cat-uncategorized","9":"product_tag-dominican-republic","10":"product_tag-2442","11":"product_tag-1913","12":"pa_2-choose-data-amount-1-go-haut-debit-jour-fr","13":"pa_2-choose-data-amount-2-go-haut-debit-jour-fr","14":"pa_2-choose-data-amount-500-mo-haut-debit-jour-fr","15":"pa_coverage-rep-dominicaine-fr","16":"pa_network-rep-dominicaine-fr","17":"pa_plan-type-forfait-illimite-fr","18":"pa_validity-1-jour-fr","19":"pa_validity-10-jours-fr","20":"pa_validity-15-jours-fr","21":"pa_validity-20-jours-fr","22":"pa_validity-25-jours-fr","23":"pa_validity-3-jours-fr","24":"pa_validity-30-jours-fr","25":"pa_validity-5-jours-fr","26":"pa_validity-7-jours-fr","28":"first","29":"instock","30":"shipping-taxable","31":"purchasable","32":"product-type-variable","33":"has-default-attributes"},"yoast_head":"<!-- This site is optimized with the Yoast SEO plugin v27.1.1 - https:\/\/yoast.com\/product\/yoast-seo-wordpress\/ -->\n<title>R\u00e9publique dominicaine - MobiWonder<\/title>\n<meta name=\"description\" content=\"Restez connect\u00e9 en R\u00e9publique dominicaine avec nos forfaits de donn\u00e9es eSIM. Configuration facile, activation instantan\u00e9e et sans frais d&#039;itin\u00e9rance. Voyagez intelligemment avec MobiWonder.\" \/>\n<meta name=\"robots\" content=\"index, follow, max-snippet:-1, max-image-preview:large, max-video-preview:-1\" \/>\n<link rel=\"canonical\" href=\"https:\/\/mobiwonder.com\/fr\/produit\/dominican-republic\/\" \/>\n<meta property=\"og:locale\" content=\"fr_FR\" \/>\n<meta property=\"og:type\" content=\"article\" \/>\n<meta property=\"og:title\" content=\"R\u00e9publique dominicaine - MobiWonder\" \/>\n<meta property=\"og:description\" content=\"Restez connect\u00e9 en R\u00e9publique dominicaine avec nos forfaits de donn\u00e9es eSIM. Configuration facile, activation instantan\u00e9e et sans frais d&#039;itin\u00e9rance. Voyagez intelligemment avec MobiWonder.\" \/>\n<meta property=\"og:url\" content=\"https:\/\/mobiwonder.com\/fr\/produit\/dominican-republic\/\" \/>\n<meta property=\"og:site_name\" content=\"MobiWonder\" \/>\n<meta property=\"article:modified_time\" content=\"2026-03-13T20:36:38+00:00\" \/>\n<meta property=\"og:image\" content=\"https:\/\/mobiwonder.com\/wp-content\/uploads\/2025\/07\/dominican-republic.png\" \/>\n\t<meta property=\"og:image:width\" content=\"768\" \/>\n\t<meta property=\"og:image:height\" content=\"1344\" \/>\n\t<meta property=\"og:image:type\" content=\"image\/png\" \/>\n<meta name=\"twitter:card\" content=\"summary_large_image\" \/>\n<script type=\"application\/ld+json\" class=\"yoast-schema-graph\">{\"@context\":\"https:\/\/schema.org\",\"@graph\":[{\"@type\":\"WebPage\",\"@id\":\"https:\/\/mobiwonder.com\/fr\/produit\/dominican-republic\/\",\"url\":\"https:\/\/mobiwonder.com\/fr\/produit\/dominican-republic\/\",\"name\":\"R\u00e9publique dominicaine - MobiWonder\",\"isPartOf\":{\"@id\":\"https:\/\/mobiwonder.com\/fr\/#website\"},\"primaryImageOfPage\":{\"@id\":\"https:\/\/mobiwonder.com\/fr\/produit\/dominican-republic\/#primaryimage\"},\"image\":{\"@id\":\"https:\/\/mobiwonder.com\/fr\/produit\/dominican-republic\/#primaryimage\"},\"thumbnailUrl\":\"https:\/\/mobiwonder.com\/wp-content\/uploads\/2025\/07\/dominican-republic.png\",\"datePublished\":\"2026-03-10T18:26:36+00:00\",\"dateModified\":\"2026-03-13T20:36:38+00:00\",\"description\":\"Restez connect\u00e9 en R\u00e9publique dominicaine avec nos forfaits de donn\u00e9es eSIM. Configuration facile, activation instantan\u00e9e et sans frais d'itin\u00e9rance. Voyagez intelligemment avec MobiWonder.\",\"breadcrumb\":{\"@id\":\"https:\/\/mobiwonder.com\/fr\/produit\/dominican-republic\/#breadcrumb\"},\"inLanguage\":\"fr-FR\",\"potentialAction\":[{\"@type\":\"ReadAction\",\"target\":[\"https:\/\/mobiwonder.com\/fr\/produit\/dominican-republic\/\"]}]},{\"@type\":\"ImageObject\",\"inLanguage\":\"fr-FR\",\"@id\":\"https:\/\/mobiwonder.com\/fr\/produit\/dominican-republic\/#primaryimage\",\"url\":\"https:\/\/mobiwonder.com\/wp-content\/uploads\/2025\/07\/dominican-republic.png\",\"contentUrl\":\"https:\/\/mobiwonder.com\/wp-content\/uploads\/2025\/07\/dominican-republic.png\",\"width\":768,\"height\":1344,\"caption\":\"dominican-republic\"},{\"@type\":\"BreadcrumbList\",\"@id\":\"https:\/\/mobiwonder.com\/fr\/produit\/dominican-republic\/#breadcrumb\",\"itemListElement\":[{\"@type\":\"ListItem\",\"position\":1,\"name\":\"Home\",\"item\":\"https:\/\/mobiwonder.com\/fr\/mobiwonder-com-2\/\"},{\"@type\":\"ListItem\",\"position\":2,\"name\":\"Shop\",\"item\":\"https:\/\/mobiwonder.com\/shop-2\/\"},{\"@type\":\"ListItem\",\"position\":3,\"name\":\"R\u00e9publique dominicaine\"}]},{\"@type\":\"WebSite\",\"@id\":\"https:\/\/mobiwonder.com\/fr\/#website\",\"url\":\"https:\/\/mobiwonder.com\/fr\/\",\"name\":\"MobiWonder\",\"description\":\"\",\"potentialAction\":[{\"@type\":\"SearchAction\",\"target\":{\"@type\":\"EntryPoint\",\"urlTemplate\":\"https:\/\/mobiwonder.com\/fr\/?s={search_term_string}\"},\"query-input\":{\"@type\":\"PropertyValueSpecification\",\"valueRequired\":true,\"valueName\":\"search_term_string\"}}],\"inLanguage\":\"fr-FR\"}]}<\/script>\n<!-- \/ Yoast SEO plugin. -->","yoast_head_json":{"title":"R\u00e9publique dominicaine - MobiWonder","description":"Restez connect\u00e9 en R\u00e9publique dominicaine avec nos forfaits de donn\u00e9es eSIM. Configuration facile, activation instantan\u00e9e et sans frais d'itin\u00e9rance. Voyagez intelligemment avec MobiWonder.","robots":{"index":"index","follow":"follow","max-snippet":"max-snippet:-1","max-image-preview":"max-image-preview:large","max-video-preview":"max-video-preview:-1"},"canonical":"https:\/\/mobiwonder.com\/fr\/produit\/dominican-republic\/","og_locale":"fr_FR","og_type":"article","og_title":"R\u00e9publique dominicaine - MobiWonder","og_description":"Restez connect\u00e9 en R\u00e9publique dominicaine avec nos forfaits de donn\u00e9es eSIM. Configuration facile, activation instantan\u00e9e et sans frais d'itin\u00e9rance. Voyagez intelligemment avec MobiWonder.","og_url":"https:\/\/mobiwonder.com\/fr\/produit\/dominican-republic\/","og_site_name":"MobiWonder","article_modified_time":"2026-03-13T20:36:38+00:00","og_image":[{"width":768,"height":1344,"url":"https:\/\/mobiwonder.com\/wp-content\/uploads\/2025\/07\/dominican-republic.png","type":"image\/png"}],"twitter_card":"summary_large_image","schema":{"@context":"https:\/\/schema.org","@graph":[{"@type":"WebPage","@id":"https:\/\/mobiwonder.com\/fr\/produit\/dominican-republic\/","url":"https:\/\/mobiwonder.com\/fr\/produit\/dominican-republic\/","name":"R\u00e9publique dominicaine - MobiWonder","isPartOf":{"@id":"https:\/\/mobiwonder.com\/fr\/#website"},"primaryImageOfPage":{"@id":"https:\/\/mobiwonder.com\/fr\/produit\/dominican-republic\/#primaryimage"},"image":{"@id":"https:\/\/mobiwonder.com\/fr\/produit\/dominican-republic\/#primaryimage"},"thumbnailUrl":"https:\/\/mobiwonder.com\/wp-content\/uploads\/2025\/07\/dominican-republic.png","datePublished":"2026-03-10T18:26:36+00:00","dateModified":"2026-03-13T20:36:38+00:00","description":"Restez connect\u00e9 en R\u00e9publique dominicaine avec nos forfaits de donn\u00e9es eSIM. Configuration facile, activation instantan\u00e9e et sans frais d'itin\u00e9rance. Voyagez intelligemment avec MobiWonder.","breadcrumb":{"@id":"https:\/\/mobiwonder.com\/fr\/produit\/dominican-republic\/#breadcrumb"},"inLanguage":"fr-FR","potentialAction":[{"@type":"ReadAction","target":["https:\/\/mobiwonder.com\/fr\/produit\/dominican-republic\/"]}]},{"@type":"ImageObject","inLanguage":"fr-FR","@id":"https:\/\/mobiwonder.com\/fr\/produit\/dominican-republic\/#primaryimage","url":"https:\/\/mobiwonder.com\/wp-content\/uploads\/2025\/07\/dominican-republic.png","contentUrl":"https:\/\/mobiwonder.com\/wp-content\/uploads\/2025\/07\/dominican-republic.png","width":768,"height":1344,"caption":"dominican-republic"},{"@type":"BreadcrumbList","@id":"https:\/\/mobiwonder.com\/fr\/produit\/dominican-republic\/#breadcrumb","itemListElement":[{"@type":"ListItem","position":1,"name":"Home","item":"https:\/\/mobiwonder.com\/fr\/mobiwonder-com-2\/"},{"@type":"ListItem","position":2,"name":"Shop","item":"https:\/\/mobiwonder.com\/shop-2\/"},{"@type":"ListItem","position":3,"name":"R\u00e9publique dominicaine"}]},{"@type":"WebSite","@id":"https:\/\/mobiwonder.com\/fr\/#website","url":"https:\/\/mobiwonder.com\/fr\/","name":"MobiWonder","description":"","potentialAction":[{"@type":"SearchAction","target":{"@type":"EntryPoint","urlTemplate":"https:\/\/mobiwonder.com\/fr\/?s={search_term_string}"},"query-input":{"@type":"PropertyValueSpecification","valueRequired":true,"valueName":"search_term_string"}}],"inLanguage":"fr-FR"}]}},"_links":{"self":[{"href":"https:\/\/mobiwonder.com\/fr\/wp-json\/wp\/v2\/product\/51761","targetHints":{"allow":["GET"]}}],"collection":[{"href":"https:\/\/mobiwonder.com\/fr\/wp-json\/wp\/v2\/product"}],"about":[{"href":"https:\/\/mobiwonder.com\/fr\/wp-json\/wp\/v2\/types\/product"}],"wp:featuredmedia":[{"embeddable":true,"href":"https:\/\/mobiwonder.com\/fr\/wp-json\/wp\/v2\/media\/41809"}],"wp:attachment":[{"href":"https:\/\/mobiwonder.com\/fr\/wp-json\/wp\/v2\/media?parent=51761"}],"wp:term":[{"taxonomy":"product_brand","embeddable":true,"href":"https:\/\/mobiwonder.com\/fr\/wp-json\/wp\/v2\/product_brand?post=51761"},{"taxonomy":"product_cat","embeddable":true,"href":"https:\/\/mobiwonder.com\/fr\/wp-json\/wp\/v2\/product_cat?post=51761"},{"taxonomy":"product_tag","embeddable":true,"href":"https:\/\/mobiwonder.com\/fr\/wp-json\/wp\/v2\/product_tag?post=51761"}],"curies":[{"name":"wp","href":"https:\/\/api.w.org\/{rel}","templated":true}]}}