{"id":51675,"date":"2026-03-10T14:26:36","date_gmt":"2026-03-10T18:26:36","guid":{"rendered":"https:\/\/mobiwonder.com\/?p=51675"},"modified":"2026-03-10T14:26:36","modified_gmt":"2026-03-10T18:26:36","slug":"redeem-esim","status":"publish","type":"page","link":"https:\/\/mobiwonder.com\/fr\/redeem-esim\/","title":{"rendered":"Redeem eSIM"},"content":{"rendered":"<p>        <div id=\"mw-esim-redeem-container\">\n            <div class=\"mw-esim-header\">\n                <h1>\u00c9changer l&#039;eSIM<\/h1>\n                <p>Saisissez le num\u00e9ro de s\u00e9rie qui vous a \u00e9t\u00e9 envoy\u00e9 par e-mail apr\u00e8s votre achat. Si vous n&#039;avez pas re\u00e7u votre num\u00e9ro de s\u00e9rie 24 heures apr\u00e8s l&#039;achat, contactez le support \u00e0 help@mobiwonder.com                <\/p>\n            <\/div>\n\n            <div class=\"mw-esim-form-wrapper\">\n                <form id=\"mw-esim-form\" method=\"post\" action=\"javascript:void(0);\" onsubmit=\"return false;\">\n                    <div class=\"mw-esim-input-group\">\n                        <span class=\"mw-esim-icon\">\n                            <svg xmlns=\"http:\/\/www.w3.org\/2000\/svg\" width=\"16\" height=\"16\" fill=\"currentColor\"\n                                class=\"bi bi-file-text\" viewBox=\"0 0 16 16\">\n                                <path\n                                    d=\"M5 4a.5.5 0 0 0 0 1h6a.5.5 0 0 0 0-1H5zm-.5 2.5A.5.5 0 0 1 5 6h6a.5.5 0 0 1 0 1H5a.5.5 0 0 1-.5-.5zM5 8a.5.5 0 0 0 0 1h6a.5.5 0 0 0 0-1H5zm0 2a.5.5 0 0 0 0 1h3a.5.5 0 0 0 0-1H5z\" \/>\n                                <path\n                                    d=\"M2 2a2 2 0 0 1 2-2h8a2 2 0 0 1 2 2v12a2 2 0 0 1-2 2H4a2 2 0 0 1-2-2V2zm10-1H4a1 1 0 0 0-1 1v12a1 1 0 0 0 1 1h8a1 1 0 0 0 1-1V2a1 1 0 0 0-1-1z\" \/>\n                            <\/svg>\n                        <\/span>\n                        <input type=\"text\" id=\"mw-esim-serial\" name=\"serialNumber\"\n                            placeholder=\"Entrez le num\u00e9ro de s\u00e9rie de votre eSIM\" required>\n                        <button type=\"submit\"\n                            id=\"mw-esim-submit-btn\">\u00c9changer l&#039;eSIM<\/button>\n                    <\/div>\n                    <div id=\"mw-esim-serial-error\" class=\"mw-esim-error\"><\/div>\n                    <div id=\"mw-esim-global-error\" class=\"mw-esim-error\"><\/div>\n\n                    <!-- Placeholder for Recaptcha -->\n                    <div class=\"mw-esim-recaptcha-placeholder\" style=\"margin-top: 20px; text-align: center;\">\n                        <!-- Recaptcha would go here -->\n                    <\/div>\n                <\/form>\n            <\/div>\n\n            <div class=\"mw-esim-info-cards\">\n                <div class=\"mw-esim-card\">\n                    <h3>V\u00e9rifiez la compatibilit\u00e9 de votre appareil.<\/h3>\n                    <p>Assurez-vous que votre appareil est compatible avant l&#039;achat. Toutes les ventes sont d\u00e9finitives. En cas de probl\u00e8me de connexion, consultez la page d&#039;assistance ou contactez-nous.                    <\/p>\n                <\/div>\n                <div class=\"mw-esim-card\">\n                    <h3>Chaque eSIM ne peut \u00eatre install\u00e9e qu&#039;une seule fois.<\/h3>\n                    <p>Une fois votre eSIM \u00e9chang\u00e9e, le code QR est valide pendant 180 jours. L&#039;eSIM n&#039;est pas transf\u00e9rable une fois ajout\u00e9e \u00e0 votre appareil.                    <\/p>\n                <\/div>\n                <div class=\"mw-esim-card\">\n                    <h3>Installez l&#039;eSIM avant votre d\u00e9part.<\/h3>\n                    <p>Une connexion Internet est requise pour installer l&#039;eSIM. \u00c0 votre arriv\u00e9e \u00e0 destination, acc\u00e9dez aux param\u00e8tres de votre t\u00e9l\u00e9phone pour activer les donn\u00e9es mobiles de l&#039;eSIM.                    <\/p>\n                <\/div>\n            <\/div>\n\n            <!-- Hidden Success Section -->\n            <div id=\"mw-esim-success-container\" style=\"display: none;\">\n                <div class=\"mw-esim-success-header\">\n                    <h2 style=\"color: #10b981; margin-bottom: 20px;\">\n                        eSIM \u00e9chang\u00e9e avec succ\u00e8s !                    <\/h2>\n                    <div class=\"mw-esim-plan-info\">\n                        <p id=\"mw-esim-plan-name\">Forfait eSIM : Chargement&#8230;<\/p>\n                        <p id=\"mw-esim-valid-date\" style=\"font-weight: bold;\">\n                            Code valide jusqu&#039;au &#8230;                        <\/p>\n                    <\/div>\n                <\/div>\n\n                <h2 style=\"text-align: center; margin: 40px 0;\">\n                    Deux fa\u00e7ons d&#039;installer l&#039;eSIM sur votre appareil :                <\/h2>\n\n                <div class=\"mw-esim-install-options\">\n                    <!-- Option 1: Scan QR -->\n                    <div class=\"mw-esim-option-card\">\n                        <h3>1. Scanner le code QR d&#039;activation<\/h3>\n                        <p>Pour scanner le code QR, vous devez d&#039;abord <strong>imprimer le code QR ou utiliser un autre appareil<\/strong> pour acc\u00e9der \u00e0 l&#039;historique de votre compte MobiWonder.                        <\/p>\n\n                        <div class=\"mw-esim-qr-wrapper\">\n                            <img decoding=\"async\" id=\"mw-esim-qr-image\" src=\"\" alt=\"Code QR d&#039;eSIM\">\n                        <\/div>\n\n                        <div style=\"margin-top: 10px; display: flex; gap: 10px; justify-content: center; flex-wrap: wrap;\">\n                            <a id=\"mw-esim-install-link\" href=\"#\" class=\"mw-esim-btn-pill\"\n                                style=\"text-decoration: none;\">Installer l&#039;eSIM<\/a>\n                            <button class=\"mw-esim-btn-pill\"\n                                onclick=\"window.print()\">Imprimer le code QR<\/button>\n                        <\/div>\n                    <\/div>\n\n                    <!-- Option 2: Manual Entry -->\n                    <div class=\"mw-esim-option-card\">\n                        <h3>2. Entrer le code d&#039;activation<\/h3>\n                        <p><strong>iOS:<\/strong> Appuyez sur &quot;Saisir les d\u00e9tails manuellement&quot; dans la vue de num\u00e9risation du code QR.<br><strong>Android:<\/strong> Appuyez sur &quot;Entrer le code \u00e0 la place&quot; (ou similaire) dans la vue de num\u00e9risation du code QR.<\/p>\n\n                        <div class=\"mw-esim-detail-group\">\n                            <label>Adresse SM-DP+ (Si requise) :<\/label>\n                            <div class=\"mw-esim-code-display\" id=\"mw-esim-smdp\"><\/div>\n                            <button class=\"mw-esim-btn-pill\"\n                                data-target=\"mw-esim-smdp\">Copier<\/button>\n                        <\/div>\n\n                        <div class=\"mw-esim-detail-group\">\n                            <label>Code d&#039;activation :<\/label>\n                            <div class=\"mw-esim-code-display\" id=\"mw-esim-activation-code\"><\/div>\n                            <button class=\"mw-esim-btn-pill\"\n                                data-target=\"mw-esim-activation-code\">Copier<\/button>\n                        <\/div>\n                    <\/div>\n                <\/div>\n\n                <!-- Registration Notice -->\n                <div class=\"mw-esim-notice-card\">\n                    <h3>Vous voyagez \u00e0 Hong Kong ou \u00e0 Ta\u00efwan ?<\/h3>\n                    <p>Conform\u00e9ment aux lois et r\u00e9glementations en vigueur \u00e0 Hong Kong et \u00e0 Ta\u00efwan, les clients doivent effectuer l&#039;enregistrement de leur nom r\u00e9el et de l&#039;ICCID de leurs cartes SIM avant de les utiliser.                    <\/p>\n\n                    <div class=\"mw-esim-detail-row\">\n                        <span>Inscription : <a\n                                href=\"https:\/\/global.cmlink.com\/en\/real-name\" target=\"_blank\"\n                                style=\"color: #10b981; font-weight: bold;\">https:\/\/global.cmlink.com\/en\/real-name<\/a><\/span>\n                        <a href=\"https:\/\/global.cmlink.com\/en\/real-name\" target=\"_blank\"\n                            class=\"mw-esim-btn-pill\">Visiter le lien<\/a>\n                    <\/div>\n\n                    <div class=\"mw-esim-detail-row\">\n                        <span>ICCID : <strong id=\"mw-esim-iccid\"\n                                style=\"color: #10b981;\">Chargement&#8230;<\/strong><\/span>\n                        <button class=\"mw-esim-btn-pill\"\n                            data-target=\"mw-esim-iccid\">Copier<\/button>\n                    <\/div>\n                <\/div>\n\n                <!-- Installation Guide -->\n                <div class=\"mw-esim-guide-section\">\n                    <h3>Comment installer l&#039;eSIM sur un appareil mobile :<\/h3>\n\n                    <div class=\"mw-esim-tabs\">\n                        <button class=\"mw-esim-tab active\"\n                            data-tab=\"ios\">iOS<\/button>\n                        <button class=\"mw-esim-tab\"\n                            data-tab=\"android\">Android<\/button>\n                    <\/div>\n\n                    <div id=\"mw-esim-guide-ios\" class=\"mw-esim-guide-content active\">\n                        <div class=\"mw-esim-steps-grid\">\n                            <div class=\"mw-esim-step\">\n                                <img decoding=\"async\" src=\"https:\/\/mobiwondercom.local\/wp-content\/uploads\/2025\/12\/iOS-Instruction-1.png\"\n                                    alt=\"\u00c9tape 1 iOS\">\n                                <p>1. Allez dans &quot;Donn\u00e9es cellulaires&quot; dans les R\u00e9glages<\/p>\n                            <\/div>\n                            <div class=\"mw-esim-step\">\n                                <img decoding=\"async\" src=\"https:\/\/mobiwondercom.local\/wp-content\/uploads\/2025\/12\/iOS-Instruction-2.png\"\n                                    alt=\"\u00c9tape 2 iOS\">\n                                <p>2. Sous la section eSIM, appuyez sur &quot;Ajouter un eSIM&quot;                                <\/p>\n                            <\/div>\n                            <div class=\"mw-esim-step\">\n                                <img decoding=\"async\" src=\"https:\/\/mobiwondercom.local\/wp-content\/uploads\/2025\/12\/iOS-Instruction-3.png\"\n                                    alt=\"\u00c9tape 3 iOS\">\n                                <p>3. Scannez le code-barres ou entrez le code d&#039;activation.                                <\/p>\n                            <\/div>\n                            <div class=\"mw-esim-step\">\n                                <img decoding=\"async\" src=\"https:\/\/mobiwondercom.local\/wp-content\/uploads\/2025\/12\/iOS-Instruction-4.png\"\n                                    alt=\"\u00c9tape 4 iOS\">\n                                <p>4. Suivez les instructions \u00e0 l&#039;\u00e9cran pour terminer la configuration.                                <\/p>\n                            <\/div>\n                        <\/div>\n                    <\/div>\n\n                    <div id=\"mw-esim-guide-android\" class=\"mw-esim-guide-content\">\n                        <div class=\"mw-esim-steps-grid\">\n                            <div class=\"mw-esim-step\">\n                                <img decoding=\"async\" src=\"https:\/\/mobiwondercom.local\/wp-content\/uploads\/2025\/12\/Android-Instruction-1.png\"\n                                    alt=\"\u00c9tape 1 Android\">\n                                <p>1. Allez dans &quot;R\u00e9seau et Internet&quot; ou &quot;Connexions&quot;                                <\/p>\n                            <\/div>\n                            <div class=\"mw-esim-step\">\n                                <img decoding=\"async\" src=\"https:\/\/mobiwondercom.local\/wp-content\/uploads\/2025\/12\/Android-Instruction-2.png\"\n                                    alt=\"\u00c9tape 2 Android\">\n                                <p>2. S\u00e9lectionnez &quot;Cartes SIM&quot; ou &quot;Gestionnaire SIM&quot;<\/p>\n                            <\/div>\n                            <div class=\"mw-esim-step\">\n                                <img decoding=\"async\" src=\"https:\/\/mobiwondercom.local\/wp-content\/uploads\/2025\/12\/Android-Instruction-3.png\"\n                                    alt=\"\u00c9tape 3 Android\">\n                                <p>3. Choisissez l&#039;option &quot;Ajouter plus&quot; ou &quot;Ajouter un eSIM&quot;                                <\/p>\n                            <\/div>\n                            <div class=\"mw-esim-step\">\n                                <img decoding=\"async\" src=\"https:\/\/mobiwondercom.local\/wp-content\/uploads\/2025\/12\/Android-Instruction-4.png\"\n                                    alt=\"\u00c9tape 4 Android\">\n                                <p>4. Suivez les instructions pour terminer la configuration de l&#039;eSIM.                                <\/p>\n                            <\/div>\n                        <\/div>\n                    <\/div>\n                <\/div>\n            <\/div>\n        <\/div>\n        <\/p>\n\n\n\n<p><\/p>\n","protected":false},"excerpt":{"rendered":"","protected":false},"author":168,"featured_media":0,"parent":0,"menu_order":0,"comment_status":"closed","ping_status":"closed","template":"","meta":{"footnotes":""},"class_list":["post-51675","page","type-page","status-publish","hentry"],"blocksy_meta":[],"yoast_head":"<!-- This site is optimized with the Yoast SEO plugin v27.1.1 - https:\/\/yoast.com\/product\/yoast-seo-wordpress\/ -->\n<title>Redeem eSIM - MobiWonder<\/title>\n<meta name=\"robots\" content=\"index, follow, max-snippet:-1, max-image-preview:large, max-video-preview:-1\" \/>\n<link rel=\"canonical\" href=\"https:\/\/mobiwonder.com\/fr\/redeem-esim\/\" \/>\n<meta property=\"og:locale\" content=\"fr_FR\" \/>\n<meta property=\"og:type\" content=\"article\" \/>\n<meta property=\"og:title\" content=\"Redeem eSIM - MobiWonder\" \/>\n<meta property=\"og:url\" content=\"https:\/\/mobiwonder.com\/fr\/redeem-esim\/\" \/>\n<meta property=\"og:site_name\" content=\"MobiWonder\" \/>\n<meta name=\"twitter:card\" content=\"summary_large_image\" \/>\n<meta name=\"twitter:label1\" content=\"Est. reading time\" \/>\n\t<meta name=\"twitter:data1\" content=\"1 minute\" \/>\n<script type=\"application\/ld+json\" class=\"yoast-schema-graph\">{\"@context\":\"https:\/\/schema.org\",\"@graph\":[{\"@type\":\"WebPage\",\"@id\":\"https:\/\/mobiwonder.com\/fr\/redeem-esim\/\",\"url\":\"https:\/\/mobiwonder.com\/fr\/redeem-esim\/\",\"name\":\"Redeem eSIM - MobiWonder\",\"isPartOf\":{\"@id\":\"https:\/\/mobiwonder.com\/fr\/#website\"},\"datePublished\":\"2026-03-10T18:26:36+00:00\",\"breadcrumb\":{\"@id\":\"https:\/\/mobiwonder.com\/fr\/redeem-esim\/#breadcrumb\"},\"inLanguage\":\"fr-FR\",\"potentialAction\":[{\"@type\":\"ReadAction\",\"target\":[\"https:\/\/mobiwonder.com\/fr\/redeem-esim\/\"]}]},{\"@type\":\"BreadcrumbList\",\"@id\":\"https:\/\/mobiwonder.com\/fr\/redeem-esim\/#breadcrumb\",\"itemListElement\":[{\"@type\":\"ListItem\",\"position\":1,\"name\":\"Home\",\"item\":\"https:\/\/mobiwonder.com\/fr\/mobiwonder-com-2\/\"},{\"@type\":\"ListItem\",\"position\":2,\"name\":\"Redeem eSIM\"}]},{\"@type\":\"WebSite\",\"@id\":\"https:\/\/mobiwonder.com\/fr\/#website\",\"url\":\"https:\/\/mobiwonder.com\/fr\/\",\"name\":\"MobiWonder\",\"description\":\"\",\"potentialAction\":[{\"@type\":\"SearchAction\",\"target\":{\"@type\":\"EntryPoint\",\"urlTemplate\":\"https:\/\/mobiwonder.com\/fr\/?s={search_term_string}\"},\"query-input\":{\"@type\":\"PropertyValueSpecification\",\"valueRequired\":true,\"valueName\":\"search_term_string\"}}],\"inLanguage\":\"fr-FR\"}]}<\/script>\n<!-- \/ Yoast SEO plugin. -->","yoast_head_json":{"title":"Redeem eSIM - MobiWonder","robots":{"index":"index","follow":"follow","max-snippet":"max-snippet:-1","max-image-preview":"max-image-preview:large","max-video-preview":"max-video-preview:-1"},"canonical":"https:\/\/mobiwonder.com\/fr\/redeem-esim\/","og_locale":"fr_FR","og_type":"article","og_title":"Redeem eSIM - MobiWonder","og_url":"https:\/\/mobiwonder.com\/fr\/redeem-esim\/","og_site_name":"MobiWonder","twitter_card":"summary_large_image","twitter_misc":{"Est. reading time":"1 minute"},"schema":{"@context":"https:\/\/schema.org","@graph":[{"@type":"WebPage","@id":"https:\/\/mobiwonder.com\/fr\/redeem-esim\/","url":"https:\/\/mobiwonder.com\/fr\/redeem-esim\/","name":"Redeem eSIM - MobiWonder","isPartOf":{"@id":"https:\/\/mobiwonder.com\/fr\/#website"},"datePublished":"2026-03-10T18:26:36+00:00","breadcrumb":{"@id":"https:\/\/mobiwonder.com\/fr\/redeem-esim\/#breadcrumb"},"inLanguage":"fr-FR","potentialAction":[{"@type":"ReadAction","target":["https:\/\/mobiwonder.com\/fr\/redeem-esim\/"]}]},{"@type":"BreadcrumbList","@id":"https:\/\/mobiwonder.com\/fr\/redeem-esim\/#breadcrumb","itemListElement":[{"@type":"ListItem","position":1,"name":"Home","item":"https:\/\/mobiwonder.com\/fr\/mobiwonder-com-2\/"},{"@type":"ListItem","position":2,"name":"Redeem eSIM"}]},{"@type":"WebSite","@id":"https:\/\/mobiwonder.com\/fr\/#website","url":"https:\/\/mobiwonder.com\/fr\/","name":"MobiWonder","description":"","potentialAction":[{"@type":"SearchAction","target":{"@type":"EntryPoint","urlTemplate":"https:\/\/mobiwonder.com\/fr\/?s={search_term_string}"},"query-input":{"@type":"PropertyValueSpecification","valueRequired":true,"valueName":"search_term_string"}}],"inLanguage":"fr-FR"}]}},"_links":{"self":[{"href":"https:\/\/mobiwonder.com\/fr\/wp-json\/wp\/v2\/pages\/51675","targetHints":{"allow":["GET"]}}],"collection":[{"href":"https:\/\/mobiwonder.com\/fr\/wp-json\/wp\/v2\/pages"}],"about":[{"href":"https:\/\/mobiwonder.com\/fr\/wp-json\/wp\/v2\/types\/page"}],"author":[{"embeddable":true,"href":"https:\/\/mobiwonder.com\/fr\/wp-json\/wp\/v2\/users\/168"}],"replies":[{"embeddable":true,"href":"https:\/\/mobiwonder.com\/fr\/wp-json\/wp\/v2\/comments?post=51675"}],"version-history":[{"count":0,"href":"https:\/\/mobiwonder.com\/fr\/wp-json\/wp\/v2\/pages\/51675\/revisions"}],"wp:attachment":[{"href":"https:\/\/mobiwonder.com\/fr\/wp-json\/wp\/v2\/media?parent=51675"}],"curies":[{"name":"wp","href":"https:\/\/api.w.org\/{rel}","templated":true}]}}