{"id":51568,"date":"2024-08-30T01:52:46","date_gmt":"2024-08-30T05:52:46","guid":{"rendered":"https:\/\/mobiwonder.com\/about-us-2\/"},"modified":"2026-04-10T16:04:01","modified_gmt":"2026-04-10T20:04:01","slug":"about-us","status":"publish","type":"page","link":"https:\/\/mobiwonder.com\/fr\/about-us\/","title":{"rendered":"About Us"},"content":{"rendered":"\n<div class=\"wp-block-group is-layout-constrained wp-container-core-group-is-layout-9cde29dc wp-block-group-is-layout-constrained\" style=\"padding-top:64px;padding-right:24px;padding-bottom:80px;padding-left:24px\">\n\n<h1 class=\"wp-block-heading has-text-align-center\" style=\"font-size:clamp(31.609px, 1.976rem + ((1vw - 3.2px) * 1.906), 56px);font-style:normal;font-weight:800;letter-spacing:-2px;line-height:1\">L\u00e0 o\u00f9 l&rsquo;<span style=\"color:#006953\">\u00e9merveillement<\/span> du monde rencontre votre libert\u00e9 de <span style=\"color:#006953\">voyager.<\/span><\/h1>\n\n\n<p class=\"has-text-align-center\" style=\"font-size:clamp(14px, 0.875rem + ((1vw - 3.2px) * 0.313), 18px);line-height:1.7;margin-top:32px\">On est pass\u00e9 par l\u00e0. Coinc\u00e9s dans un a\u00e9roport \u00e9tranger, \u00e0 chercher des cartes SIM, pour d\u00e9couvrir une facture de 200 $ \u00e0 la maison. MobiWonder a \u00e9t\u00e9 cr\u00e9\u00e9 par des voyageurs, pour des voyageurs.<\/p>\n\n<\/div>\n\n\n\n<div class=\"wp-block-group alignfull has-background is-layout-constrained wp-container-core-group-is-layout-2c6a9968 wp-block-group-is-layout-constrained\" style=\"background-color:#f2f4f5;padding-top:48px;padding-right:24px;padding-bottom:48px;padding-left:24px\">\n\n<div class=\"wp-block-columns is-layout-flex wp-container-core-columns-is-layout-28f84493 wp-block-columns-is-layout-flex\">\n<div class=\"wp-block-column is-layout-flow wp-block-column-is-layout-flow\"><p style=\"text-align:center;color:#006953;font-size:36px;font-weight:700;margin-bottom:4px;line-height:1.1\"><strong>190+<\/strong><\/p><p style=\"text-align:center;color:#3d4944;font-size:14px;letter-spacing:1.4px;text-transform:uppercase\">Pays<\/p><\/div>\n<div class=\"wp-block-column is-layout-flow wp-block-column-is-layout-flow\"><p style=\"text-align:center;color:#006953;font-size:36px;font-weight:700;margin-bottom:4px;line-height:1.1\"><strong>2,500+<\/strong><\/p><p style=\"text-align:center;color:#3d4944;font-size:14px;letter-spacing:1.4px;text-transform:uppercase\">Forfaits<\/p><\/div>\n<div class=\"wp-block-column is-layout-flow wp-block-column-is-layout-flow\"><p style=\"text-align:center;color:#006953;font-size:36px;font-weight:700;margin-bottom:4px;line-height:1.1\"><strong>24\/7<\/strong><\/p><p style=\"text-align:center;color:#3d4944;font-size:14px;letter-spacing:1.4px;text-transform:uppercase\">Support en direct<\/p><\/div>\n<div class=\"wp-block-column is-layout-flow wp-block-column-is-layout-flow\"><p style=\"text-align:center;color:#006953;font-size:36px;font-weight:700;margin-bottom:4px;line-height:1.1\"><strong>60s<\/strong><\/p><p style=\"text-align:center;color:#3d4944;font-size:14px;letter-spacing:1.4px;text-transform:uppercase\">Temps d&rsquo;installation<\/p><\/div>\n<\/div>\n\n<\/div>\n\n\n\n<div class=\"wp-block-group is-layout-constrained wp-container-core-group-is-layout-6218eaf3 wp-block-group-is-layout-constrained\" style=\"padding-top:100px;padding-right:24px;padding-bottom:100px;padding-left:24px\">\n\n<div class=\"wp-block-columns is-layout-flex wp-container-core-columns-is-layout-e524df8a wp-block-columns-is-layout-flex\">\n\n<div class=\"wp-block-column is-vertically-aligned-center is-layout-flow wp-block-column-is-layout-flow\">\n<p style=\"color:#006953;font-size:12px;font-weight:600;letter-spacing:1.2px;text-transform:uppercase;margin-bottom:16px\">La Fondation<\/p>\n\n<h2 class=\"wp-block-heading\" style=\"font-size:clamp(22.041px, 1.378rem + ((1vw - 3.2px) * 1.091), 36px);font-weight:800;line-height:1.1\">N\u00e9 dans un sac \u00e0 dos, d\u00e9ploy\u00e9 dans le monde.<\/h2>\n\n<p style=\"font-size:18px;line-height:1.6;color:#3d4944;margin-top:24px\">En 2018, nos fondateurs voyageaient en Asie du Sud-Est. Malgr\u00e9 leur aisance technologique, ils ont pass\u00e9 des heures en magasin pour obtenir des donn\u00e9es locales, pour ensuite recevoir des frais cach\u00e9s.<\/p>\n<p style=\"font-size:18px;line-height:1.6;color:#3d4944\">Ils ont r\u00e9alis\u00e9 que le mod\u00e8le d&rsquo;itin\u00e9rance \u00e9tait cass\u00e9. Co\u00fbteux, peu pratique et archa\u00efque. Ils ont entrepris de construire une connexion num\u00e9rique qui vous suit partout.<\/p>\n<p style=\"font-size:18px;line-height:1.6;color:#3d4944\">Aujourd&rsquo;hui, MobiWonder connecte les explorateurs, les nomades num\u00e9riques et les voyageurs d&rsquo;affaires sans un seul morceau de plastique.<\/p>\n<\/div>\n\n\n<div class=\"wp-block-column is-vertically-aligned-center is-layout-flow wp-block-column-is-layout-flow\">\n\n<figure class=\"wp-block-image size-full has-custom-border\"><img decoding=\"async\" src=\"http:\/\/mobiwonder.com\/wp-content\/uploads\/2026\/04\/about-founders-new.png\" alt=\"Les fondateurs de MobiWonder\" style=\"border-radius:12px\" \/><\/figure>\n\n<\/div>\n\n<\/div>\n\n<\/div>\n\n\n\n<div class=\"wp-block-group alignfull has-background is-layout-constrained wp-container-core-group-is-layout-6218eaf3 wp-block-group-is-layout-constrained\" style=\"background-color:#f2f4f5;padding-top:100px;padding-right:24px;padding-bottom:100px;padding-left:24px\">\n\n<h2 class=\"wp-block-heading has-text-align-center\" style=\"font-size:clamp(22.041px, 1.378rem + ((1vw - 3.2px) * 1.091), 36px);font-weight:800\">Pourquoi les voyageurs nous font confiance<\/h2>\n\n\n<p class=\"has-text-align-center\" style=\"margin-top:16px;margin-bottom:64px\">Nous \u00e9liminons les interm\u00e9diaires pour fournir une connexion plus rapide, moins ch\u00e8re et plus s\u00e9curis\u00e9e que l&rsquo;itin\u00e9rance traditionnelle.<\/p>\n\n\n<div class=\"wp-block-columns is-layout-flex wp-container-core-columns-is-layout-28f84493 wp-block-columns-is-layout-flex\">\n<div class=\"wp-block-column is-layout-flow wp-block-column-is-layout-flow\" style=\"background:white;border-radius:12px;padding:32px\"><div style=\"background:#c6eae3;border-radius:8px;width:48px;height:48px;text-align:center;line-height:48px;margin-bottom:24px\"><img loading=\"lazy\" decoding=\"async\" src=\"http:\/\/mobiwonder.com\/wp-content\/uploads\/about-icons\/icon-price.svg\" width=\"22\" height=\"22\" alt=\"\" style=\"vertical-align:middle\" \/><\/div><h3 style=\"font-size:20px;font-weight:700;margin-bottom:12px\">Leader des prix<\/h3><p style=\"font-size:16px;color:#3d4944\">\u00c9conomisez jusqu&rsquo;\u00e0 90 % par rapport aux tarifs d&rsquo;itin\u00e9rance traditionnels.<\/p><\/div>\n<div class=\"wp-block-column is-layout-flow wp-block-column-is-layout-flow\" style=\"background:white;border-radius:12px;padding:32px\"><div style=\"background:#c6eae3;border-radius:8px;width:48px;height:48px;text-align:center;line-height:48px;margin-bottom:24px\"><img loading=\"lazy\" decoding=\"async\" src=\"http:\/\/mobiwonder.com\/wp-content\/uploads\/about-icons\/icon-delivery.svg\" width=\"22\" height=\"22\" alt=\"\" style=\"vertical-align:middle\" \/><\/div><h3 style=\"font-size:20px;font-weight:700;margin-bottom:12px\">Livraison instantan\u00e9e<\/h3><p style=\"font-size:16px;color:#3d4944\">Votre eSIM arrive dans votre bo\u00eete mail d\u00e8s l&rsquo;achat. Pas d&rsquo;attente, pas de livraison.<\/p><\/div>\n<div class=\"wp-block-column is-layout-flow wp-block-column-is-layout-flow\" style=\"background:white;border-radius:12px;padding:32px\"><div style=\"background:#c6eae3;border-radius:8px;width:48px;height:48px;text-align:center;line-height:48px;margin-bottom:24px\"><img loading=\"lazy\" decoding=\"async\" src=\"http:\/\/mobiwonder.com\/wp-content\/uploads\/about-icons\/icon-safe.svg\" width=\"22\" height=\"22\" alt=\"\" style=\"vertical-align:middle\" \/><\/div><h3 style=\"font-size:20px;font-weight:700;margin-bottom:12px\">Voyages s\u00e9curis\u00e9s<\/h3><p style=\"font-size:16px;color:#3d4944\">\u00c9vitez les Wi-Fi publics risqu\u00e9s. Nos tunnels de donn\u00e9es chiffr\u00e9s prot\u00e8gent vos informations.<\/p><\/div>\n<\/div>\n\n\n<div class=\"wp-block-columns is-layout-flex wp-container-core-columns-is-layout-aee59796 wp-block-columns-is-layout-flex\" style=\"margin-top:32px\">\n<div class=\"wp-block-column is-layout-flow wp-block-column-is-layout-flow\" style=\"background:white;border-radius:12px;padding:32px\"><div style=\"background:#c6eae3;border-radius:8px;width:48px;height:48px;text-align:center;line-height:48px;margin-bottom:24px\"><img loading=\"lazy\" decoding=\"async\" src=\"http:\/\/mobiwonder.com\/wp-content\/uploads\/about-icons\/icon-guarantee.svg\" width=\"22\" height=\"22\" alt=\"\" style=\"vertical-align:middle\" \/><\/div><h3 style=\"font-size:20px;font-weight:700;margin-bottom:12px\">Garantie 100 %<\/h3><p style=\"font-size:16px;color:#3d4944\">Si votre eSIM ne fonctionne pas et que nous ne pouvons pas la r\u00e9parer, vous \u00eates rembours\u00e9 int\u00e9gralement.<\/p><\/div>\n<div class=\"wp-block-column is-layout-flow wp-block-column-is-layout-flow\" style=\"background:white;border-radius:12px;padding:32px\"><div style=\"background:#c6eae3;border-radius:8px;width:48px;height:48px;text-align:center;line-height:48px;margin-bottom:24px\"><img loading=\"lazy\" decoding=\"async\" src=\"http:\/\/mobiwonder.com\/wp-content\/uploads\/about-icons\/icon-support.svg\" width=\"22\" height=\"22\" alt=\"\" style=\"vertical-align:middle\" \/><\/div><h3 style=\"font-size:20px;font-weight:700;margin-bottom:12px\">Support disponible 24\/7<\/h3><p style=\"font-size:16px;color:#3d4944\">Notre \u00e9quipe est disponible 24h\/24 dans tous les fuseaux horaires.<\/p><\/div>\n<div class=\"wp-block-column is-layout-flow wp-block-column-is-layout-flow\" style=\"background:white;border-radius:12px;padding:32px\"><div style=\"background:#c6eae3;border-radius:8px;width:48px;height:48px;text-align:center;line-height:48px;margin-bottom:24px\"><img loading=\"lazy\" decoding=\"async\" src=\"http:\/\/mobiwonder.com\/wp-content\/uploads\/about-icons\/icon-nofees.svg\" width=\"22\" height=\"22\" alt=\"\" style=\"vertical-align:middle\" \/><\/div><h3 style=\"font-size:20px;font-weight:700;margin-bottom:12px\">Z\u00e9ro frais cach\u00e9s<\/h3><p style=\"font-size:16px;color:#3d4944\">Ce que vous voyez est ce que vous payez. Pas de frais d&rsquo;activation, pas de contrat.<\/p><\/div>\n<\/div>\n\n<\/div>\n\n\n\n<div class=\"wp-block-group alignfull has-background is-layout-constrained wp-container-core-group-is-layout-6218eaf3 wp-block-group-is-layout-constrained\" style=\"background-color:#f8fafb;padding-top:100px;padding-right:24px;padding-bottom:100px;padding-left:24px\">\n\n<h2 class=\"wp-block-heading\" style=\"font-size:clamp(22.041px, 1.378rem + ((1vw - 3.2px) * 1.091), 36px);font-weight:800\">Connect\u00e9 en trois clics.<\/h2>\n\n<p style=\"margin-top:24px;margin-bottom:40px;font-size:18px;color:#3d4944\">Oubliez les trombones et les petits tiroirs en plastique. MobiWonder est 100 % num\u00e9rique.<\/p>\n\n<div class=\"wp-block-columns is-layout-flex wp-container-core-columns-is-layout-28f84493 wp-block-columns-is-layout-flex\">\n<div class=\"wp-block-column is-layout-flow wp-block-column-is-layout-flow\"><div style=\"width:64px;height:64px;border-radius:50%;background:linear-gradient(135deg,#006953,#00846a);text-align:center;line-height:64px;margin-bottom:32px\"><span style=\"color:white;font-size:24px;font-weight:700\">1<\/span><\/div><h3 style=\"font-size:20px;font-weight:700;margin-bottom:12px\">Choisir la destination<\/h3><p style=\"font-size:16px;color:#3d4944\">S\u00e9lectionnez votre pays et le forfait adapt\u00e9 \u00e0 la dur\u00e9e et \u00e0 l&rsquo;utilisation de votre voyage.<\/p><\/div>\n<div class=\"wp-block-column is-layout-flow wp-block-column-is-layout-flow\"><div style=\"width:64px;height:64px;border-radius:50%;background:linear-gradient(135deg,#006953,#00846a);text-align:center;line-height:64px;margin-bottom:32px\"><span style=\"color:white;font-size:24px;font-weight:700\">2<\/span><\/div><h3 style=\"font-size:20px;font-weight:700;margin-bottom:12px\">R\u00e9cup\u00e9rer l&rsquo;eSIM<\/h3><p style=\"font-size:16px;color:#3d4944\">Recevez votre code QR unique par e-mail instantan\u00e9ment apr\u00e8s le paiement.<\/p><\/div>\n<div class=\"wp-block-column is-layout-flow wp-block-column-is-layout-flow\"><div style=\"width:64px;height:64px;border-radius:50%;background:linear-gradient(135deg,#006953,#00846a);text-align:center;line-height:64px;margin-bottom:32px\"><span style=\"color:white;font-size:24px;font-weight:700\">3<\/span><\/div><h3 style=\"font-size:20px;font-weight:700;margin-bottom:12px\">Activer et explorer<\/h3><p style=\"font-size:16px;color:#3d4944\">Scannez le code dans les param\u00e8tres de votre t\u00e9l\u00e9phone \u00e0 l&rsquo;arriv\u00e9e. Vous \u00eates connect\u00e9 au r\u00e9seau local.<\/p><\/div>\n<\/div>\n\n<\/div>\n\n\n\n<div class=\"wp-block-group is-layout-constrained wp-container-core-group-is-layout-2c6a9968 wp-block-group-is-layout-constrained\" style=\"border-top:1px solid #eceeef;border-bottom:1px solid #eceeef;padding-top:48px;padding-right:24px;padding-bottom:48px;padding-left:24px\">\n\n<div class=\"wp-block-columns is-layout-flex wp-container-core-columns-is-layout-28f84493 wp-block-columns-is-layout-flex\" style=\"opacity:0.6\">\n<div class=\"wp-block-column is-layout-flow wp-block-column-is-layout-flow\" style=\"text-align:center\"><p><img loading=\"lazy\" decoding=\"async\" src=\"http:\/\/mobiwonder.com\/wp-content\/uploads\/about-icons\/icon-lock.svg\" width=\"16\" height=\"16\" alt=\"\" style=\"vertical-align:middle;margin-right:6px\" \/> <strong>SSL S\u00c9CURIS\u00c9<\/strong><\/p><\/div>\n<div class=\"wp-block-column is-layout-flow wp-block-column-is-layout-flow\" style=\"text-align:center\"><p><img loading=\"lazy\" decoding=\"async\" src=\"http:\/\/mobiwonder.com\/wp-content\/uploads\/about-icons\/icon-card.svg\" width=\"16\" height=\"16\" alt=\"\" style=\"vertical-align:middle;margin-right:6px\" \/> <strong>CONFORME PCI<\/strong><\/p><\/div>\n<div class=\"wp-block-column is-layout-flow wp-block-column-is-layout-flow\" style=\"text-align:center\"><p><img loading=\"lazy\" decoding=\"async\" src=\"http:\/\/mobiwonder.com\/wp-content\/uploads\/about-icons\/icon-moneyback.svg\" width=\"16\" height=\"16\" alt=\"\" style=\"vertical-align:middle;margin-right:6px\" \/> <strong>GARANTIE SATISFAIT OU REMBOURS\u00c9<\/strong><\/p><\/div>\n<\/div>\n\n<\/div>\n\n\n\n<div class=\"wp-block-group alignfull has-background is-layout-constrained wp-container-core-group-is-layout-6218eaf3 wp-block-group-is-layout-constrained\" style=\"background-color:#f2f4f5;padding-top:100px;padding-right:24px;padding-bottom:100px;padding-left:24px;margin-bottom:64px\">\n\n<div class=\"wp-block-columns is-layout-flex wp-container-core-columns-is-layout-4a938530 wp-block-columns-is-layout-flex\">\n\n<div class=\"wp-block-column is-layout-flow wp-block-column-is-layout-flow\" style=\"background:white;border-radius:16px;padding:48px\">\n\n<h2 class=\"wp-block-heading\" style=\"font-size:clamp(18.959px, 1.185rem + ((1vw - 3.2px) * 0.863), 30px);font-weight:700\">Nous contacter<\/h2>\n\n<div style=\"margin-top:32px;overflow:hidden\"><div style=\"background:#c6eae3;border-radius:50%;width:48px;height:48px;min-width:48px;text-align:center;line-height:48px;float:left;margin-right:20px\"><img loading=\"lazy\" decoding=\"async\" src=\"http:\/\/mobiwonder.com\/wp-content\/uploads\/about-icons\/icon-email.svg\" width=\"20\" height=\"20\" alt=\"\" style=\"vertical-align:middle\" \/><\/div><div style=\"overflow:hidden\"><p style=\"font-weight:700;font-size:18px;margin-bottom:4px\">Support par e-mail<\/p><p style=\"color:#3d4944;margin-bottom:2px\">help@mobiwonder.com<\/p><p style=\"color:#3d4944;font-size:14px\">Temps de r\u00e9ponse : &lt; 2 heures<\/p><\/div><\/div>\n<div style=\"margin-top:32px;overflow:hidden\"><div style=\"background:#c6eae3;border-radius:50%;width:48px;height:48px;min-width:48px;text-align:center;line-height:48px;float:left;margin-right:20px\"><img loading=\"lazy\" decoding=\"async\" src=\"http:\/\/mobiwonder.com\/wp-content\/uploads\/about-icons\/icon-chat.svg\" width=\"20\" height=\"20\" alt=\"\" style=\"vertical-align:middle\" \/><\/div><div style=\"overflow:hidden\"><p style=\"font-weight:700;font-size:18px;margin-bottom:4px\">Chat en direct<\/p><p style=\"color:#006953;font-weight:700;margin-bottom:2px\">D\u00e9marrer une conversation<\/p><p style=\"color:#3d4944;font-size:14px\">Disponible 24h\/24, 7j\/7<\/p><\/div><\/div>\n<\/div>\n\n\n<div class=\"wp-block-column is-vertically-aligned-center is-layout-flow wp-block-column-is-layout-flow\">\n\n<h2 class=\"wp-block-heading\" style=\"font-size:clamp(18.959px, 1.185rem + ((1vw - 3.2px) * 0.863), 30px);font-weight:700\">Devenir partenaire ?<\/h2>\n\n<p style=\"font-size:18px;line-height:1.6;color:#3d4944;margin-top:24px;margin-bottom:32px\">\u00cates-vous une agence de voyage, une compagnie a\u00e9rienne ou un influenceur ? Nous offrons des API B2B et des programmes d&rsquo;affiliation.<\/p>\n<p style=\"text-align:center;margin-top:16px\"><a href=\"\/contact-us\/\" style=\"background:linear-gradient(135deg,#006953,#00846a);color:white;font-weight:700;font-size:16px;padding:16px 32px;border-radius:12px;text-decoration:none\">Nous contacter pour un partenariat<\/a><\/p>\n<\/div>\n\n<\/div>\n\n<\/div>\n","protected":false},"excerpt":{"rendered":"<p>L\u00e0 o\u00f9 l&rsquo;\u00e9merveillement du monde rencontre votre libert\u00e9 de voyager. On est pass\u00e9 par l\u00e0. Coinc\u00e9s dans un a\u00e9roport \u00e9tranger, \u00e0 chercher des cartes SIM, pour d\u00e9couvrir une facture de 200 $ \u00e0 la maison. MobiWonder a \u00e9t\u00e9 cr\u00e9\u00e9 par des voyageurs, pour des voyageurs. 190+ Pays 2,500+ Forfaits 24\/7 Support en direct 60s Temps [&hellip;]<\/p>\n","protected":false},"author":1,"featured_media":0,"parent":0,"menu_order":0,"comment_status":"closed","ping_status":"closed","template":"","meta":{"footnotes":""},"class_list":["post-51568","page","type-page","status-publish","hentry"],"blocksy_meta":[],"yoast_head":"<!-- This site is optimized with the Yoast SEO plugin v27.1.1 - https:\/\/yoast.com\/product\/yoast-seo-wordpress\/ -->\n<title>About Us - MobiWonder | Travel eSIM Provider<\/title>\n<meta name=\"description\" content=\"Learn about MobiWonder - the travel eSIM company built by travellers, for travellers. Save up to 90% on data roaming across 190+ countries.\" \/>\n<meta name=\"robots\" content=\"index, follow, max-snippet:-1, max-image-preview:large, max-video-preview:-1\" \/>\n<link rel=\"canonical\" href=\"https:\/\/mobiwonder.com\/fr\/about-us\/\" \/>\n<meta property=\"og:locale\" content=\"fr_FR\" \/>\n<meta property=\"og:type\" content=\"article\" \/>\n<meta property=\"og:title\" content=\"About Us - MobiWonder | Travel eSIM Provider\" \/>\n<meta property=\"og:description\" content=\"Learn about MobiWonder - the travel eSIM company built by travellers, for travellers. Save up to 90% on data roaming across 190+ countries.\" \/>\n<meta property=\"og:url\" content=\"https:\/\/mobiwonder.com\/fr\/about-us\/\" \/>\n<meta property=\"og:site_name\" content=\"MobiWonder\" \/>\n<meta property=\"article:modified_time\" content=\"2026-04-10T20:04:01+00:00\" \/>\n<meta property=\"og:image\" content=\"http:\/\/mobiwonder.com\/wp-content\/uploads\/2026\/04\/about-founders-new.png\" \/>\n<meta name=\"twitter:card\" content=\"summary_large_image\" \/>\n<meta name=\"twitter:label1\" content=\"Est. reading time\" \/>\n\t<meta name=\"twitter:data1\" content=\"2 minutes\" \/>\n<script type=\"application\/ld+json\" class=\"yoast-schema-graph\">{\"@context\":\"https:\/\/schema.org\",\"@graph\":[{\"@type\":\"WebPage\",\"@id\":\"https:\/\/mobiwonder.com\/fr\/about-us\/\",\"url\":\"https:\/\/mobiwonder.com\/fr\/about-us\/\",\"name\":\"About Us - MobiWonder | Travel eSIM Provider\",\"isPartOf\":{\"@id\":\"https:\/\/mobiwonder.com\/fr\/#website\"},\"primaryImageOfPage\":{\"@id\":\"https:\/\/mobiwonder.com\/fr\/about-us\/#primaryimage\"},\"image\":{\"@id\":\"https:\/\/mobiwonder.com\/fr\/about-us\/#primaryimage\"},\"thumbnailUrl\":\"http:\/\/mobiwonder.com\/wp-content\/uploads\/2026\/04\/about-founders-new.png\",\"datePublished\":\"2024-08-30T05:52:46+00:00\",\"dateModified\":\"2026-04-10T20:04:01+00:00\",\"description\":\"Learn about MobiWonder - the travel eSIM company built by travellers, for travellers. Save up to 90% on data roaming across 190+ countries.\",\"breadcrumb\":{\"@id\":\"https:\/\/mobiwonder.com\/fr\/about-us\/#breadcrumb\"},\"inLanguage\":\"fr-FR\",\"potentialAction\":[{\"@type\":\"ReadAction\",\"target\":[\"https:\/\/mobiwonder.com\/fr\/about-us\/\"]}]},{\"@type\":\"ImageObject\",\"inLanguage\":\"fr-FR\",\"@id\":\"https:\/\/mobiwonder.com\/fr\/about-us\/#primaryimage\",\"url\":\"http:\/\/mobiwonder.com\/wp-content\/uploads\/2026\/04\/about-founders-new.png\",\"contentUrl\":\"http:\/\/mobiwonder.com\/wp-content\/uploads\/2026\/04\/about-founders-new.png\"},{\"@type\":\"BreadcrumbList\",\"@id\":\"https:\/\/mobiwonder.com\/fr\/about-us\/#breadcrumb\",\"itemListElement\":[{\"@type\":\"ListItem\",\"position\":1,\"name\":\"Home\",\"item\":\"https:\/\/mobiwonder.com\/fr\/mobiwonder-com-2\/\"},{\"@type\":\"ListItem\",\"position\":2,\"name\":\"About Us\"}]},{\"@type\":\"WebSite\",\"@id\":\"https:\/\/mobiwonder.com\/fr\/#website\",\"url\":\"https:\/\/mobiwonder.com\/fr\/\",\"name\":\"MobiWonder\",\"description\":\"\",\"potentialAction\":[{\"@type\":\"SearchAction\",\"target\":{\"@type\":\"EntryPoint\",\"urlTemplate\":\"https:\/\/mobiwonder.com\/fr\/?s={search_term_string}\"},\"query-input\":{\"@type\":\"PropertyValueSpecification\",\"valueRequired\":true,\"valueName\":\"search_term_string\"}}],\"inLanguage\":\"fr-FR\"}]}<\/script>\n<!-- \/ Yoast SEO plugin. -->","yoast_head_json":{"title":"About Us - MobiWonder | Travel eSIM Provider","description":"Learn about MobiWonder - the travel eSIM company built by travellers, for travellers. Save up to 90% on data roaming across 190+ countries.","robots":{"index":"index","follow":"follow","max-snippet":"max-snippet:-1","max-image-preview":"max-image-preview:large","max-video-preview":"max-video-preview:-1"},"canonical":"https:\/\/mobiwonder.com\/fr\/about-us\/","og_locale":"fr_FR","og_type":"article","og_title":"About Us - MobiWonder | Travel eSIM Provider","og_description":"Learn about MobiWonder - the travel eSIM company built by travellers, for travellers. Save up to 90% on data roaming across 190+ countries.","og_url":"https:\/\/mobiwonder.com\/fr\/about-us\/","og_site_name":"MobiWonder","article_modified_time":"2026-04-10T20:04:01+00:00","og_image":[{"url":"http:\/\/mobiwonder.com\/wp-content\/uploads\/2026\/04\/about-founders-new.png","type":"","width":"","height":""}],"twitter_card":"summary_large_image","twitter_misc":{"Est. reading time":"2 minutes"},"schema":{"@context":"https:\/\/schema.org","@graph":[{"@type":"WebPage","@id":"https:\/\/mobiwonder.com\/fr\/about-us\/","url":"https:\/\/mobiwonder.com\/fr\/about-us\/","name":"About Us - MobiWonder | Travel eSIM Provider","isPartOf":{"@id":"https:\/\/mobiwonder.com\/fr\/#website"},"primaryImageOfPage":{"@id":"https:\/\/mobiwonder.com\/fr\/about-us\/#primaryimage"},"image":{"@id":"https:\/\/mobiwonder.com\/fr\/about-us\/#primaryimage"},"thumbnailUrl":"http:\/\/mobiwonder.com\/wp-content\/uploads\/2026\/04\/about-founders-new.png","datePublished":"2024-08-30T05:52:46+00:00","dateModified":"2026-04-10T20:04:01+00:00","description":"Learn about MobiWonder - the travel eSIM company built by travellers, for travellers. Save up to 90% on data roaming across 190+ countries.","breadcrumb":{"@id":"https:\/\/mobiwonder.com\/fr\/about-us\/#breadcrumb"},"inLanguage":"fr-FR","potentialAction":[{"@type":"ReadAction","target":["https:\/\/mobiwonder.com\/fr\/about-us\/"]}]},{"@type":"ImageObject","inLanguage":"fr-FR","@id":"https:\/\/mobiwonder.com\/fr\/about-us\/#primaryimage","url":"http:\/\/mobiwonder.com\/wp-content\/uploads\/2026\/04\/about-founders-new.png","contentUrl":"http:\/\/mobiwonder.com\/wp-content\/uploads\/2026\/04\/about-founders-new.png"},{"@type":"BreadcrumbList","@id":"https:\/\/mobiwonder.com\/fr\/about-us\/#breadcrumb","itemListElement":[{"@type":"ListItem","position":1,"name":"Home","item":"https:\/\/mobiwonder.com\/fr\/mobiwonder-com-2\/"},{"@type":"ListItem","position":2,"name":"About Us"}]},{"@type":"WebSite","@id":"https:\/\/mobiwonder.com\/fr\/#website","url":"https:\/\/mobiwonder.com\/fr\/","name":"MobiWonder","description":"","potentialAction":[{"@type":"SearchAction","target":{"@type":"EntryPoint","urlTemplate":"https:\/\/mobiwonder.com\/fr\/?s={search_term_string}"},"query-input":{"@type":"PropertyValueSpecification","valueRequired":true,"valueName":"search_term_string"}}],"inLanguage":"fr-FR"}]}},"_links":{"self":[{"href":"https:\/\/mobiwonder.com\/fr\/wp-json\/wp\/v2\/pages\/51568","targetHints":{"allow":["GET"]}}],"collection":[{"href":"https:\/\/mobiwonder.com\/fr\/wp-json\/wp\/v2\/pages"}],"about":[{"href":"https:\/\/mobiwonder.com\/fr\/wp-json\/wp\/v2\/types\/page"}],"author":[{"embeddable":true,"href":"https:\/\/mobiwonder.com\/fr\/wp-json\/wp\/v2\/users\/1"}],"replies":[{"embeddable":true,"href":"https:\/\/mobiwonder.com\/fr\/wp-json\/wp\/v2\/comments?post=51568"}],"version-history":[{"count":18,"href":"https:\/\/mobiwonder.com\/fr\/wp-json\/wp\/v2\/pages\/51568\/revisions"}],"predecessor-version":[{"id":55899,"href":"https:\/\/mobiwonder.com\/fr\/wp-json\/wp\/v2\/pages\/51568\/revisions\/55899"}],"wp:attachment":[{"href":"https:\/\/mobiwonder.com\/fr\/wp-json\/wp\/v2\/media?parent=51568"}],"curies":[{"name":"wp","href":"https:\/\/api.w.org\/{rel}","templated":true}]}}