{"id":51515,"date":"2025-11-13T11:02:49","date_gmt":"2025-11-13T16:02:49","guid":{"rendered":"https:\/\/mobiwonder.com\/product\/emiratos-arabes-unidos\/"},"modified":"2026-03-13T16:36:38","modified_gmt":"2026-03-13T20:36:38","slug":"emiratos-arabes-unidos","status":"publish","type":"product","link":"https:\/\/mobiwonder.com\/es\/producto\/emiratos-arabes-unidos\/","title":{"rendered":"Emiratos \u00c1rabes Unidos"},"content":{"rendered":"<p>Mantente conectado en Emiratos \u00c1rabes Unidos con nuestros planes de datos eSIM. Configuraci\u00f3n sencilla, activaci\u00f3n instant\u00e1nea y sin tarifas de roaming. Viaja inteligente con MobiWonder.<\/p>\n","protected":false},"excerpt":{"rendered":"<p>Mantente conectado en Emiratos \u00c1rabes Unidos con nuestros planes de datos eSIM. Configuraci\u00f3n sencilla, activaci\u00f3n instant\u00e1nea y sin tarifas de roaming. Viaja inteligente con MobiWonder.<\/p>\n","protected":false},"featured_media":41695,"template":"","meta":[],"product_brand":[],"product_cat":[3296,2801],"product_tag":[],"class_list":{"0":"post-51515","1":"product","2":"type-product","3":"status-publish","4":"has-post-thumbnail","6":"product_cat-emiratos-arabes-unidos","7":"product_cat-popular","8":"pa_2-choose-data-amount-1-gb-high-speed-day","9":"pa_2-choose-data-amount-2-gb-high-speed-day","10":"pa_2-choose-data-amount-30-days-1gb","11":"pa_2-choose-data-amount-30-days-2gb","12":"pa_2-choose-data-amount-30-days-3gb","13":"pa_2-choose-data-amount-30-days-500mb","14":"pa_2-choose-data-amount-30-days-5gb","15":"pa_2-choose-data-amount-30-days-10gb","16":"pa_2-choose-data-amount-30-days-20gb","17":"pa_2-choose-data-amount-30-days-30gb-standard","18":"pa_2-choose-data-amount-500-mb-high-speed-day","19":"pa_coverage-uae","20":"pa_network-uae","21":"pa_plan-type-standard-plan","22":"pa_plan-type-unlimited-plan","23":"pa_validity-10-days","24":"pa_validity-15-days","25":"pa_validity-20-days","26":"pa_validity-30-days","27":"pa_validity-05-days","28":"pa_validity-07-days","29":"pa_validity-standard-plan","31":"first","32":"instock","33":"shipping-taxable","34":"purchasable","35":"product-type-variable","36":"has-default-attributes"},"yoast_head":"<!-- This site is optimized with the Yoast SEO plugin v27.1.1 - https:\/\/yoast.com\/product\/yoast-seo-wordpress\/ -->\n<title>Emiratos \u00c1rabes Unidos - MobiWonder<\/title>\n<meta name=\"description\" content=\"Mantente conectado en Emiratos \u00c1rabes Unidos con nuestros planes de datos eSIM. Configuraci\u00f3n sencilla, activaci\u00f3n instant\u00e1nea y sin tarifas de roaming. Viaja inteligente con MobiWonder.\" \/>\n<meta name=\"robots\" content=\"index, follow, max-snippet:-1, max-image-preview:large, max-video-preview:-1\" \/>\n<link rel=\"canonical\" href=\"https:\/\/mobiwonder.com\/es\/producto\/emiratos-arabes-unidos\/\" \/>\n<meta property=\"og:locale\" content=\"es_ES\" \/>\n<meta property=\"og:type\" content=\"article\" \/>\n<meta property=\"og:title\" content=\"Emiratos \u00c1rabes Unidos - MobiWonder\" \/>\n<meta property=\"og:description\" content=\"Mantente conectado en Emiratos \u00c1rabes Unidos con nuestros planes de datos eSIM. Configuraci\u00f3n sencilla, activaci\u00f3n instant\u00e1nea y sin tarifas de roaming. Viaja inteligente con MobiWonder.\" \/>\n<meta property=\"og:url\" content=\"https:\/\/mobiwonder.com\/es\/producto\/emiratos-arabes-unidos\/\" \/>\n<meta property=\"og:site_name\" content=\"MobiWonder\" \/>\n<meta property=\"article:modified_time\" content=\"2026-03-13T20:36:38+00:00\" \/>\n<meta property=\"og:image\" content=\"https:\/\/mobiwonder.com\/wp-content\/uploads\/2025\/11\/uae-1.png\" \/>\n\t<meta property=\"og:image:width\" content=\"375\" \/>\n\t<meta property=\"og:image:height\" content=\"670\" \/>\n\t<meta property=\"og:image:type\" content=\"image\/png\" \/>\n<meta name=\"twitter:card\" content=\"summary_large_image\" \/>\n<meta name=\"twitter:label1\" content=\"Est. reading time\" \/>\n\t<meta name=\"twitter:data1\" content=\"1 minuto\" \/>\n<script type=\"application\/ld+json\" class=\"yoast-schema-graph\">{\"@context\":\"https:\/\/schema.org\",\"@graph\":[{\"@type\":\"WebPage\",\"@id\":\"https:\/\/mobiwonder.com\/es\/producto\/emiratos-arabes-unidos\/\",\"url\":\"https:\/\/mobiwonder.com\/es\/producto\/emiratos-arabes-unidos\/\",\"name\":\"Emiratos \u00c1rabes Unidos - MobiWonder\",\"isPartOf\":{\"@id\":\"https:\/\/mobiwonder.com\/es\/#website\"},\"primaryImageOfPage\":{\"@id\":\"https:\/\/mobiwonder.com\/es\/producto\/emiratos-arabes-unidos\/#primaryimage\"},\"image\":{\"@id\":\"https:\/\/mobiwonder.com\/es\/producto\/emiratos-arabes-unidos\/#primaryimage\"},\"thumbnailUrl\":\"https:\/\/mobiwonder.com\/wp-content\/uploads\/2025\/11\/uae-1.png\",\"datePublished\":\"2025-11-13T16:02:49+00:00\",\"dateModified\":\"2026-03-13T20:36:38+00:00\",\"description\":\"Mantente conectado en Emiratos \u00c1rabes Unidos con nuestros planes de datos eSIM. Configuraci\u00f3n sencilla, activaci\u00f3n instant\u00e1nea y sin tarifas de roaming. Viaja inteligente con MobiWonder.\",\"breadcrumb\":{\"@id\":\"https:\/\/mobiwonder.com\/es\/producto\/emiratos-arabes-unidos\/#breadcrumb\"},\"inLanguage\":\"es\",\"potentialAction\":[{\"@type\":\"ReadAction\",\"target\":[\"https:\/\/mobiwonder.com\/es\/producto\/emiratos-arabes-unidos\/\"]}]},{\"@type\":\"ImageObject\",\"inLanguage\":\"es\",\"@id\":\"https:\/\/mobiwonder.com\/es\/producto\/emiratos-arabes-unidos\/#primaryimage\",\"url\":\"https:\/\/mobiwonder.com\/wp-content\/uploads\/2025\/11\/uae-1.png\",\"contentUrl\":\"https:\/\/mobiwonder.com\/wp-content\/uploads\/2025\/11\/uae-1.png\",\"width\":375,\"height\":670,\"caption\":\"uae\"},{\"@type\":\"BreadcrumbList\",\"@id\":\"https:\/\/mobiwonder.com\/es\/producto\/emiratos-arabes-unidos\/#breadcrumb\",\"itemListElement\":[{\"@type\":\"ListItem\",\"position\":1,\"name\":\"Home\",\"item\":\"https:\/\/mobiwonder.com\/es\/\"},{\"@type\":\"ListItem\",\"position\":2,\"name\":\"Shop\",\"item\":\"https:\/\/mobiwonder.com\/es\/shop\/\"},{\"@type\":\"ListItem\",\"position\":3,\"name\":\"Emiratos \u00c1rabes Unidos\"}]},{\"@type\":\"WebSite\",\"@id\":\"https:\/\/mobiwonder.com\/es\/#website\",\"url\":\"https:\/\/mobiwonder.com\/es\/\",\"name\":\"MobiWonder\",\"description\":\"\",\"potentialAction\":[{\"@type\":\"SearchAction\",\"target\":{\"@type\":\"EntryPoint\",\"urlTemplate\":\"https:\/\/mobiwonder.com\/es\/?s={search_term_string}\"},\"query-input\":{\"@type\":\"PropertyValueSpecification\",\"valueRequired\":true,\"valueName\":\"search_term_string\"}}],\"inLanguage\":\"es\"}]}<\/script>\n<!-- \/ Yoast SEO plugin. -->","yoast_head_json":{"title":"Emiratos \u00c1rabes Unidos - MobiWonder","description":"Mantente conectado en Emiratos \u00c1rabes Unidos con nuestros planes de datos eSIM. Configuraci\u00f3n sencilla, activaci\u00f3n instant\u00e1nea y sin tarifas de roaming. Viaja inteligente con MobiWonder.","robots":{"index":"index","follow":"follow","max-snippet":"max-snippet:-1","max-image-preview":"max-image-preview:large","max-video-preview":"max-video-preview:-1"},"canonical":"https:\/\/mobiwonder.com\/es\/producto\/emiratos-arabes-unidos\/","og_locale":"es_ES","og_type":"article","og_title":"Emiratos \u00c1rabes Unidos - MobiWonder","og_description":"Mantente conectado en Emiratos \u00c1rabes Unidos con nuestros planes de datos eSIM. Configuraci\u00f3n sencilla, activaci\u00f3n instant\u00e1nea y sin tarifas de roaming. Viaja inteligente con MobiWonder.","og_url":"https:\/\/mobiwonder.com\/es\/producto\/emiratos-arabes-unidos\/","og_site_name":"MobiWonder","article_modified_time":"2026-03-13T20:36:38+00:00","og_image":[{"width":375,"height":670,"url":"https:\/\/mobiwonder.com\/wp-content\/uploads\/2025\/11\/uae-1.png","type":"image\/png"}],"twitter_card":"summary_large_image","twitter_misc":{"Est. reading time":"1 minuto"},"schema":{"@context":"https:\/\/schema.org","@graph":[{"@type":"WebPage","@id":"https:\/\/mobiwonder.com\/es\/producto\/emiratos-arabes-unidos\/","url":"https:\/\/mobiwonder.com\/es\/producto\/emiratos-arabes-unidos\/","name":"Emiratos \u00c1rabes Unidos - MobiWonder","isPartOf":{"@id":"https:\/\/mobiwonder.com\/es\/#website"},"primaryImageOfPage":{"@id":"https:\/\/mobiwonder.com\/es\/producto\/emiratos-arabes-unidos\/#primaryimage"},"image":{"@id":"https:\/\/mobiwonder.com\/es\/producto\/emiratos-arabes-unidos\/#primaryimage"},"thumbnailUrl":"https:\/\/mobiwonder.com\/wp-content\/uploads\/2025\/11\/uae-1.png","datePublished":"2025-11-13T16:02:49+00:00","dateModified":"2026-03-13T20:36:38+00:00","description":"Mantente conectado en Emiratos \u00c1rabes Unidos con nuestros planes de datos eSIM. Configuraci\u00f3n sencilla, activaci\u00f3n instant\u00e1nea y sin tarifas de roaming. Viaja inteligente con MobiWonder.","breadcrumb":{"@id":"https:\/\/mobiwonder.com\/es\/producto\/emiratos-arabes-unidos\/#breadcrumb"},"inLanguage":"es","potentialAction":[{"@type":"ReadAction","target":["https:\/\/mobiwonder.com\/es\/producto\/emiratos-arabes-unidos\/"]}]},{"@type":"ImageObject","inLanguage":"es","@id":"https:\/\/mobiwonder.com\/es\/producto\/emiratos-arabes-unidos\/#primaryimage","url":"https:\/\/mobiwonder.com\/wp-content\/uploads\/2025\/11\/uae-1.png","contentUrl":"https:\/\/mobiwonder.com\/wp-content\/uploads\/2025\/11\/uae-1.png","width":375,"height":670,"caption":"uae"},{"@type":"BreadcrumbList","@id":"https:\/\/mobiwonder.com\/es\/producto\/emiratos-arabes-unidos\/#breadcrumb","itemListElement":[{"@type":"ListItem","position":1,"name":"Home","item":"https:\/\/mobiwonder.com\/es\/"},{"@type":"ListItem","position":2,"name":"Shop","item":"https:\/\/mobiwonder.com\/es\/shop\/"},{"@type":"ListItem","position":3,"name":"Emiratos \u00c1rabes Unidos"}]},{"@type":"WebSite","@id":"https:\/\/mobiwonder.com\/es\/#website","url":"https:\/\/mobiwonder.com\/es\/","name":"MobiWonder","description":"","potentialAction":[{"@type":"SearchAction","target":{"@type":"EntryPoint","urlTemplate":"https:\/\/mobiwonder.com\/es\/?s={search_term_string}"},"query-input":{"@type":"PropertyValueSpecification","valueRequired":true,"valueName":"search_term_string"}}],"inLanguage":"es"}]}},"_links":{"self":[{"href":"https:\/\/mobiwonder.com\/es\/wp-json\/wp\/v2\/product\/51515","targetHints":{"allow":["GET"]}}],"collection":[{"href":"https:\/\/mobiwonder.com\/es\/wp-json\/wp\/v2\/product"}],"about":[{"href":"https:\/\/mobiwonder.com\/es\/wp-json\/wp\/v2\/types\/product"}],"wp:featuredmedia":[{"embeddable":true,"href":"https:\/\/mobiwonder.com\/es\/wp-json\/wp\/v2\/media\/41695"}],"wp:attachment":[{"href":"https:\/\/mobiwonder.com\/es\/wp-json\/wp\/v2\/media?parent=51515"}],"wp:term":[{"taxonomy":"product_brand","embeddable":true,"href":"https:\/\/mobiwonder.com\/es\/wp-json\/wp\/v2\/product_brand?post=51515"},{"taxonomy":"product_cat","embeddable":true,"href":"https:\/\/mobiwonder.com\/es\/wp-json\/wp\/v2\/product_cat?post=51515"},{"taxonomy":"product_tag","embeddable":true,"href":"https:\/\/mobiwonder.com\/es\/wp-json\/wp\/v2\/product_tag?post=51515"}],"curies":[{"name":"wp","href":"https:\/\/api.w.org\/{rel}","templated":true}]}}