{"id":47665,"date":"2025-09-17T13:33:11","date_gmt":"2025-09-17T17:33:11","guid":{"rendered":"https:\/\/mobiwonder.com\/product\/thailand\/"},"modified":"2026-03-13T16:07:00","modified_gmt":"2026-03-13T20:07:00","slug":"thailand","status":"publish","type":"product","link":"https:\/\/mobiwonder.com\/es\/producto\/thailand\/","title":{"rendered":"Tailandia"},"content":{"rendered":"<p>Mant\u00e9ngase conectado en Tailandia con nuestros planes de datos eSIM. Configuraci\u00f3n sencilla, activaci\u00f3n instant\u00e1nea y sin cargos por roaming. Viaje de forma inteligente con MobiWonder.<\/p>\n","protected":false},"excerpt":{"rendered":"<p>Mantente conectado en Tailandia con nuestros planes de datos eSIM. Configuraci\u00f3n sencilla, activaci\u00f3n instant\u00e1nea y sin tarifas de roaming. Viaja inteligente con MobiWonder.<\/p>\n","protected":false},"featured_media":41885,"template":"","meta":[],"product_brand":[],"product_cat":[3289,2788],"product_tag":[2055,2056,2716],"class_list":{"0":"post-47665","1":"product","2":"type-product","3":"status-publish","4":"has-post-thumbnail","6":"product_cat-thailand","7":"product_cat-uncategorized","8":"product_tag-thailand","9":"product_tag-2056","10":"product_tag-2716","11":"pa_2-choose-data-amount-1-gb-high-speed-day","12":"pa_2-choose-data-amount-15-days-5gb-standard","13":"pa_2-choose-data-amount-15-days-7gb","14":"pa_2-choose-data-amount-2-gb-high-speed-day","15":"pa_2-choose-data-amount-20-days-10gb","16":"pa_2-choose-data-amount-3-gb-high-speed-day","17":"pa_2-choose-data-amount-500-mb-high-speed-day","18":"pa_2-choose-data-amount-7-days-3gb","19":"pa_coverage-thailand","20":"pa_network-thailand","21":"pa_plan-type-standard-plan","22":"pa_plan-type-unlimited-plan","23":"pa_validity-1-day","24":"pa_validity-10-days","25":"pa_validity-12-days","26":"pa_validity-15-days","27":"pa_validity-2-days","28":"pa_validity-20-days","29":"pa_validity-3-days","30":"pa_validity-30-days","31":"pa_validity-4-days","32":"pa_validity-05-days","33":"pa_validity-6-days","34":"pa_validity-07-days","35":"pa_validity-standard-plan","37":"first","38":"instock","39":"shipping-taxable","40":"purchasable","41":"product-type-variable","42":"has-default-attributes"},"yoast_head":"<!-- This site is optimized with the Yoast SEO plugin v27.1.1 - https:\/\/yoast.com\/product\/yoast-seo-wordpress\/ -->\n<title>MobiWonder - Tailandia for Thailand travelers<\/title>\n<meta name=\"description\" content=\"Mantente conectado en Tailandia con nuestros planes de datos eSIM. Configuraci\u00f3n sencilla, activaci\u00f3n instant\u00e1nea y sin tarifas de roaming. Viaja inteligente con MobiWonder.\" \/>\n<meta name=\"robots\" content=\"index, follow, max-snippet:-1, max-image-preview:large, max-video-preview:-1\" \/>\n<link rel=\"canonical\" href=\"https:\/\/mobiwonder.com\/es\/producto\/thailand\/\" \/>\n<meta property=\"og:locale\" content=\"es_ES\" \/>\n<meta property=\"og:type\" content=\"article\" \/>\n<meta property=\"og:title\" content=\"MobiWonder - Tailandia for Thailand travelers\" \/>\n<meta property=\"og:description\" content=\"Mantente conectado en Tailandia con nuestros planes de datos eSIM. Configuraci\u00f3n sencilla, activaci\u00f3n instant\u00e1nea y sin tarifas de roaming. Viaja inteligente con MobiWonder.\" \/>\n<meta property=\"og:url\" content=\"https:\/\/mobiwonder.com\/es\/producto\/thailand\/\" \/>\n<meta property=\"og:site_name\" content=\"MobiWonder\" \/>\n<meta property=\"article:modified_time\" content=\"2026-03-13T20:07:00+00:00\" \/>\n<meta property=\"og:image\" content=\"https:\/\/mobiwonder.com\/wp-content\/uploads\/2025\/09\/thailand-1.png\" \/>\n\t<meta property=\"og:image:width\" content=\"375\" \/>\n\t<meta property=\"og:image:height\" content=\"670\" \/>\n\t<meta property=\"og:image:type\" content=\"image\/png\" \/>\n<meta name=\"twitter:card\" content=\"summary_large_image\" \/>\n<script type=\"application\/ld+json\" class=\"yoast-schema-graph\">{\"@context\":\"https:\/\/schema.org\",\"@graph\":[{\"@type\":\"WebPage\",\"@id\":\"https:\/\/mobiwonder.com\/es\/producto\/thailand\/\",\"url\":\"https:\/\/mobiwonder.com\/es\/producto\/thailand\/\",\"name\":\"MobiWonder - Tailandia for Thailand travelers\",\"isPartOf\":{\"@id\":\"https:\/\/mobiwonder.com\/es\/#website\"},\"primaryImageOfPage\":{\"@id\":\"https:\/\/mobiwonder.com\/es\/producto\/thailand\/#primaryimage\"},\"image\":{\"@id\":\"https:\/\/mobiwonder.com\/es\/producto\/thailand\/#primaryimage\"},\"thumbnailUrl\":\"https:\/\/mobiwonder.com\/wp-content\/uploads\/2025\/09\/thailand-1.png\",\"datePublished\":\"2025-09-17T17:33:11+00:00\",\"dateModified\":\"2026-03-13T20:07:00+00:00\",\"description\":\"Mantente conectado en Tailandia con nuestros planes de datos eSIM. Configuraci\u00f3n sencilla, activaci\u00f3n instant\u00e1nea y sin tarifas de roaming. Viaja inteligente con MobiWonder.\",\"breadcrumb\":{\"@id\":\"https:\/\/mobiwonder.com\/es\/producto\/thailand\/#breadcrumb\"},\"inLanguage\":\"es\",\"potentialAction\":[{\"@type\":\"ReadAction\",\"target\":[\"https:\/\/mobiwonder.com\/es\/producto\/thailand\/\"]}]},{\"@type\":\"ImageObject\",\"inLanguage\":\"es\",\"@id\":\"https:\/\/mobiwonder.com\/es\/producto\/thailand\/#primaryimage\",\"url\":\"https:\/\/mobiwonder.com\/wp-content\/uploads\/2025\/09\/thailand-1.png\",\"contentUrl\":\"https:\/\/mobiwonder.com\/wp-content\/uploads\/2025\/09\/thailand-1.png\",\"width\":375,\"height\":670,\"caption\":\"thailand\"},{\"@type\":\"BreadcrumbList\",\"@id\":\"https:\/\/mobiwonder.com\/es\/producto\/thailand\/#breadcrumb\",\"itemListElement\":[{\"@type\":\"ListItem\",\"position\":1,\"name\":\"Home\",\"item\":\"https:\/\/mobiwonder.com\/es\/\"},{\"@type\":\"ListItem\",\"position\":2,\"name\":\"Shop\",\"item\":\"https:\/\/mobiwonder.com\/es\/shop\/\"},{\"@type\":\"ListItem\",\"position\":3,\"name\":\"Tailandia\"}]},{\"@type\":\"WebSite\",\"@id\":\"https:\/\/mobiwonder.com\/es\/#website\",\"url\":\"https:\/\/mobiwonder.com\/es\/\",\"name\":\"MobiWonder\",\"description\":\"\",\"potentialAction\":[{\"@type\":\"SearchAction\",\"target\":{\"@type\":\"EntryPoint\",\"urlTemplate\":\"https:\/\/mobiwonder.com\/es\/?s={search_term_string}\"},\"query-input\":{\"@type\":\"PropertyValueSpecification\",\"valueRequired\":true,\"valueName\":\"search_term_string\"}}],\"inLanguage\":\"es\"}]}<\/script>\n<!-- \/ Yoast SEO plugin. -->","yoast_head_json":{"title":"MobiWonder - Tailandia for Thailand travelers","description":"Mantente conectado en Tailandia con nuestros planes de datos eSIM. Configuraci\u00f3n sencilla, activaci\u00f3n instant\u00e1nea y sin tarifas de roaming. Viaja inteligente con MobiWonder.","robots":{"index":"index","follow":"follow","max-snippet":"max-snippet:-1","max-image-preview":"max-image-preview:large","max-video-preview":"max-video-preview:-1"},"canonical":"https:\/\/mobiwonder.com\/es\/producto\/thailand\/","og_locale":"es_ES","og_type":"article","og_title":"MobiWonder - Tailandia for Thailand travelers","og_description":"Mantente conectado en Tailandia con nuestros planes de datos eSIM. Configuraci\u00f3n sencilla, activaci\u00f3n instant\u00e1nea y sin tarifas de roaming. Viaja inteligente con MobiWonder.","og_url":"https:\/\/mobiwonder.com\/es\/producto\/thailand\/","og_site_name":"MobiWonder","article_modified_time":"2026-03-13T20:07:00+00:00","og_image":[{"width":375,"height":670,"url":"https:\/\/mobiwonder.com\/wp-content\/uploads\/2025\/09\/thailand-1.png","type":"image\/png"}],"twitter_card":"summary_large_image","schema":{"@context":"https:\/\/schema.org","@graph":[{"@type":"WebPage","@id":"https:\/\/mobiwonder.com\/es\/producto\/thailand\/","url":"https:\/\/mobiwonder.com\/es\/producto\/thailand\/","name":"MobiWonder - Tailandia for Thailand travelers","isPartOf":{"@id":"https:\/\/mobiwonder.com\/es\/#website"},"primaryImageOfPage":{"@id":"https:\/\/mobiwonder.com\/es\/producto\/thailand\/#primaryimage"},"image":{"@id":"https:\/\/mobiwonder.com\/es\/producto\/thailand\/#primaryimage"},"thumbnailUrl":"https:\/\/mobiwonder.com\/wp-content\/uploads\/2025\/09\/thailand-1.png","datePublished":"2025-09-17T17:33:11+00:00","dateModified":"2026-03-13T20:07:00+00:00","description":"Mantente conectado en Tailandia con nuestros planes de datos eSIM. Configuraci\u00f3n sencilla, activaci\u00f3n instant\u00e1nea y sin tarifas de roaming. Viaja inteligente con MobiWonder.","breadcrumb":{"@id":"https:\/\/mobiwonder.com\/es\/producto\/thailand\/#breadcrumb"},"inLanguage":"es","potentialAction":[{"@type":"ReadAction","target":["https:\/\/mobiwonder.com\/es\/producto\/thailand\/"]}]},{"@type":"ImageObject","inLanguage":"es","@id":"https:\/\/mobiwonder.com\/es\/producto\/thailand\/#primaryimage","url":"https:\/\/mobiwonder.com\/wp-content\/uploads\/2025\/09\/thailand-1.png","contentUrl":"https:\/\/mobiwonder.com\/wp-content\/uploads\/2025\/09\/thailand-1.png","width":375,"height":670,"caption":"thailand"},{"@type":"BreadcrumbList","@id":"https:\/\/mobiwonder.com\/es\/producto\/thailand\/#breadcrumb","itemListElement":[{"@type":"ListItem","position":1,"name":"Home","item":"https:\/\/mobiwonder.com\/es\/"},{"@type":"ListItem","position":2,"name":"Shop","item":"https:\/\/mobiwonder.com\/es\/shop\/"},{"@type":"ListItem","position":3,"name":"Tailandia"}]},{"@type":"WebSite","@id":"https:\/\/mobiwonder.com\/es\/#website","url":"https:\/\/mobiwonder.com\/es\/","name":"MobiWonder","description":"","potentialAction":[{"@type":"SearchAction","target":{"@type":"EntryPoint","urlTemplate":"https:\/\/mobiwonder.com\/es\/?s={search_term_string}"},"query-input":{"@type":"PropertyValueSpecification","valueRequired":true,"valueName":"search_term_string"}}],"inLanguage":"es"}]}},"_links":{"self":[{"href":"https:\/\/mobiwonder.com\/es\/wp-json\/wp\/v2\/product\/47665","targetHints":{"allow":["GET"]}}],"collection":[{"href":"https:\/\/mobiwonder.com\/es\/wp-json\/wp\/v2\/product"}],"about":[{"href":"https:\/\/mobiwonder.com\/es\/wp-json\/wp\/v2\/types\/product"}],"wp:featuredmedia":[{"embeddable":true,"href":"https:\/\/mobiwonder.com\/es\/wp-json\/wp\/v2\/media\/41885"}],"wp:attachment":[{"href":"https:\/\/mobiwonder.com\/es\/wp-json\/wp\/v2\/media?parent=47665"}],"wp:term":[{"taxonomy":"product_brand","embeddable":true,"href":"https:\/\/mobiwonder.com\/es\/wp-json\/wp\/v2\/product_brand?post=47665"},{"taxonomy":"product_cat","embeddable":true,"href":"https:\/\/mobiwonder.com\/es\/wp-json\/wp\/v2\/product_cat?post=47665"},{"taxonomy":"product_tag","embeddable":true,"href":"https:\/\/mobiwonder.com\/es\/wp-json\/wp\/v2\/product_tag?post=47665"}],"curies":[{"name":"wp","href":"https:\/\/api.w.org\/{rel}","templated":true}]}}