{"id":47636,"date":"2025-09-17T12:22:19","date_gmt":"2025-09-17T16:22:19","guid":{"rendered":"https:\/\/mobiwonder.com\/product\/europe-esim\/"},"modified":"2026-03-13T16:07:00","modified_gmt":"2026-03-13T20:07:00","slug":"europe-esim","status":"publish","type":"product","link":"https:\/\/mobiwonder.com\/es\/producto\/europe-esim\/","title":{"rendered":"eSIM Europa"},"content":{"rendered":"<p>Mantente conectado en toda Europa con nuestros planes combinados eSIM. Configuraci\u00f3n sencilla, activaci\u00f3n instant\u00e1nea y sin cargos por roaming. Viaje de forma inteligente con MobiWonder.<\/p>\n","protected":false},"excerpt":{"rendered":"<p>Mantente conectado por toda Europa con nuestros planes combo eSIM. Configuraci\u00f3n sencilla, activaci\u00f3n instant\u00e1nea y sin tarifas de roaming. Viaja inteligente con MobiWonder.<\/p>\n","protected":false},"featured_media":41657,"template":"","meta":[],"product_brand":[],"product_cat":[3227,2788],"product_tag":[1995,1996,2637],"class_list":{"0":"post-47636","1":"product","2":"type-product","3":"status-publish","4":"has-post-thumbnail","6":"product_cat-europe","7":"product_cat-uncategorized","8":"product_tag-europe-esim","9":"product_tag--esim","11":"pa_2-choose-data-amount-1-gb-high-speed-day","12":"pa_2-choose-data-amount-10-days-5gb","13":"pa_2-choose-data-amount-15-days-6gb","14":"pa_2-choose-data-amount-2-gb-high-speed-day","15":"pa_2-choose-data-amount-3-gb-high-speed-day","16":"pa_2-choose-data-amount-30-days-10gb","17":"pa_2-choose-data-amount-30-days-20gb","18":"pa_2-choose-data-amount-30-days-30gb-standard","19":"pa_coverage-albania","20":"pa_coverage-austria","21":"pa_coverage-belgium","22":"pa_coverage-bosnia-and-herzegovina","23":"pa_coverage-bulgaria","24":"pa_coverage-croatia","25":"pa_coverage-cyprus","26":"pa_coverage-czech-republic","27":"pa_coverage-denmark","28":"pa_coverage-estonia","29":"pa_coverage-faroe-islands","30":"pa_coverage-finland","31":"pa_coverage-france","32":"pa_coverage-germany","33":"pa_coverage-gibraltar","34":"pa_coverage-greece","35":"pa_coverage-hungary","36":"pa_coverage-iceland","37":"pa_coverage-ireland","38":"pa_coverage-italy","39":"pa_coverage-latvia","40":"pa_coverage-lithuania","41":"pa_coverage-luxembourg","42":"pa_coverage-malta","43":"pa_coverage-montenegro","44":"pa_coverage-netherlands","45":"pa_coverage-norway","46":"pa_coverage-poland","47":"pa_coverage-portugal","48":"pa_coverage-romania","49":"pa_coverage-serbia","50":"pa_coverage-slovakia","51":"pa_coverage-slovenia","52":"pa_coverage-spain","53":"pa_coverage-sweden","54":"pa_coverage-switzerland","55":"pa_coverage-ukraine","56":"pa_coverage-united-kingdom","57":"pa_network-albania","58":"pa_network-austria","59":"pa_network-belgium","60":"pa_network-bosnia-and-herzegovina","61":"pa_network-bulgaria","62":"pa_network-croatia","63":"pa_network-cyprus","64":"pa_network-czech-republic","65":"pa_network-denmark","66":"pa_network-estonia","67":"pa_network-faroe-islands","68":"pa_network-finland","69":"pa_network-france","70":"pa_network-germany","71":"pa_network-gibraltar","72":"pa_network-greece","73":"pa_network-hungary","74":"pa_network-iceland","75":"pa_network-ireland","76":"pa_network-italy","77":"pa_network-latvia","78":"pa_network-lithuania","79":"pa_network-luxembourg","80":"pa_network-malta","81":"pa_network-montenegro","82":"pa_network-netherlands","83":"pa_network-norway","84":"pa_network-poland","85":"pa_network-portugal","86":"pa_network-romania","87":"pa_network-serbia","88":"pa_network-slovakia","89":"pa_network-slovenia","90":"pa_network-spain","91":"pa_network-sweden","92":"pa_network-switzerland","93":"pa_network-ukraine","94":"pa_network-united-kingdom","95":"pa_plan-type-standard-plan","96":"pa_plan-type-unlimited-plan","97":"pa_validity-10-days","98":"pa_validity-12-days","99":"pa_validity-15-days","100":"pa_validity-20-days","101":"pa_validity-30-days","102":"pa_validity-05-days","103":"pa_validity-07-days","104":"pa_validity-standard-plan","106":"first","107":"instock","108":"shipping-taxable","109":"purchasable","110":"product-type-variable","111":"has-default-attributes"},"yoast_head":"<!-- This site is optimized with the Yoast SEO plugin v27.1.1 - https:\/\/yoast.com\/product\/yoast-seo-wordpress\/ -->\n<title>MobiWonder - eSIM Europa for Europe travelers<\/title>\n<meta name=\"description\" content=\"Mantente conectado por toda Europa con nuestros planes combo eSIM. Configuraci\u00f3n sencilla, activaci\u00f3n instant\u00e1nea y sin tarifas de roaming. Viaja inteligente con MobiWonder.\" \/>\n<meta name=\"robots\" content=\"index, follow, max-snippet:-1, max-image-preview:large, max-video-preview:-1\" \/>\n<link rel=\"canonical\" href=\"https:\/\/mobiwonder.com\/es\/producto\/europe-esim\/\" \/>\n<meta property=\"og:locale\" content=\"es_ES\" \/>\n<meta property=\"og:type\" content=\"article\" \/>\n<meta property=\"og:title\" content=\"MobiWonder - eSIM Europa for Europe travelers\" \/>\n<meta property=\"og:description\" content=\"Mantente conectado por toda Europa con nuestros planes combo eSIM. Configuraci\u00f3n sencilla, activaci\u00f3n instant\u00e1nea y sin tarifas de roaming. Viaja inteligente con MobiWonder.\" \/>\n<meta property=\"og:url\" content=\"https:\/\/mobiwonder.com\/es\/producto\/europe-esim\/\" \/>\n<meta property=\"og:site_name\" content=\"MobiWonder\" \/>\n<meta property=\"article:modified_time\" content=\"2026-03-13T20:07:00+00:00\" \/>\n<meta property=\"og:image\" content=\"https:\/\/mobiwonder.com\/wp-content\/uploads\/2025\/09\/europe-esim.png\" \/>\n\t<meta property=\"og:image:width\" content=\"375\" \/>\n\t<meta property=\"og:image:height\" content=\"670\" \/>\n\t<meta property=\"og:image:type\" content=\"image\/png\" \/>\n<meta name=\"twitter:card\" content=\"summary_large_image\" \/>\n<meta name=\"twitter:label1\" content=\"Est. reading time\" \/>\n\t<meta name=\"twitter:data1\" content=\"1 minuto\" \/>\n<script type=\"application\/ld+json\" class=\"yoast-schema-graph\">{\"@context\":\"https:\/\/schema.org\",\"@graph\":[{\"@type\":\"WebPage\",\"@id\":\"https:\/\/mobiwonder.com\/es\/producto\/europe-esim\/\",\"url\":\"https:\/\/mobiwonder.com\/es\/producto\/europe-esim\/\",\"name\":\"MobiWonder - eSIM Europa for Europe travelers\",\"isPartOf\":{\"@id\":\"https:\/\/mobiwonder.com\/es\/#website\"},\"primaryImageOfPage\":{\"@id\":\"https:\/\/mobiwonder.com\/es\/producto\/europe-esim\/#primaryimage\"},\"image\":{\"@id\":\"https:\/\/mobiwonder.com\/es\/producto\/europe-esim\/#primaryimage\"},\"thumbnailUrl\":\"https:\/\/mobiwonder.com\/wp-content\/uploads\/2025\/09\/europe-esim.png\",\"datePublished\":\"2025-09-17T16:22:19+00:00\",\"dateModified\":\"2026-03-13T20:07:00+00:00\",\"description\":\"Mantente conectado por toda Europa con nuestros planes combo eSIM. Configuraci\u00f3n sencilla, activaci\u00f3n instant\u00e1nea y sin tarifas de roaming. Viaja inteligente con MobiWonder.\",\"breadcrumb\":{\"@id\":\"https:\/\/mobiwonder.com\/es\/producto\/europe-esim\/#breadcrumb\"},\"inLanguage\":\"es\",\"potentialAction\":[{\"@type\":\"ReadAction\",\"target\":[\"https:\/\/mobiwonder.com\/es\/producto\/europe-esim\/\"]}]},{\"@type\":\"ImageObject\",\"inLanguage\":\"es\",\"@id\":\"https:\/\/mobiwonder.com\/es\/producto\/europe-esim\/#primaryimage\",\"url\":\"https:\/\/mobiwonder.com\/wp-content\/uploads\/2025\/09\/europe-esim.png\",\"contentUrl\":\"https:\/\/mobiwonder.com\/wp-content\/uploads\/2025\/09\/europe-esim.png\",\"width\":375,\"height\":670,\"caption\":\"europe-esim\"},{\"@type\":\"BreadcrumbList\",\"@id\":\"https:\/\/mobiwonder.com\/es\/producto\/europe-esim\/#breadcrumb\",\"itemListElement\":[{\"@type\":\"ListItem\",\"position\":1,\"name\":\"Home\",\"item\":\"https:\/\/mobiwonder.com\/es\/\"},{\"@type\":\"ListItem\",\"position\":2,\"name\":\"Shop\",\"item\":\"https:\/\/mobiwonder.com\/es\/shop\/\"},{\"@type\":\"ListItem\",\"position\":3,\"name\":\"eSIM Europa\"}]},{\"@type\":\"WebSite\",\"@id\":\"https:\/\/mobiwonder.com\/es\/#website\",\"url\":\"https:\/\/mobiwonder.com\/es\/\",\"name\":\"MobiWonder\",\"description\":\"\",\"potentialAction\":[{\"@type\":\"SearchAction\",\"target\":{\"@type\":\"EntryPoint\",\"urlTemplate\":\"https:\/\/mobiwonder.com\/es\/?s={search_term_string}\"},\"query-input\":{\"@type\":\"PropertyValueSpecification\",\"valueRequired\":true,\"valueName\":\"search_term_string\"}}],\"inLanguage\":\"es\"}]}<\/script>\n<!-- \/ Yoast SEO plugin. -->","yoast_head_json":{"title":"MobiWonder - eSIM Europa for Europe travelers","description":"Mantente conectado por toda Europa con nuestros planes combo eSIM. Configuraci\u00f3n sencilla, activaci\u00f3n instant\u00e1nea y sin tarifas de roaming. Viaja inteligente con MobiWonder.","robots":{"index":"index","follow":"follow","max-snippet":"max-snippet:-1","max-image-preview":"max-image-preview:large","max-video-preview":"max-video-preview:-1"},"canonical":"https:\/\/mobiwonder.com\/es\/producto\/europe-esim\/","og_locale":"es_ES","og_type":"article","og_title":"MobiWonder - eSIM Europa for Europe travelers","og_description":"Mantente conectado por toda Europa con nuestros planes combo eSIM. Configuraci\u00f3n sencilla, activaci\u00f3n instant\u00e1nea y sin tarifas de roaming. Viaja inteligente con MobiWonder.","og_url":"https:\/\/mobiwonder.com\/es\/producto\/europe-esim\/","og_site_name":"MobiWonder","article_modified_time":"2026-03-13T20:07:00+00:00","og_image":[{"width":375,"height":670,"url":"https:\/\/mobiwonder.com\/wp-content\/uploads\/2025\/09\/europe-esim.png","type":"image\/png"}],"twitter_card":"summary_large_image","twitter_misc":{"Est. reading time":"1 minuto"},"schema":{"@context":"https:\/\/schema.org","@graph":[{"@type":"WebPage","@id":"https:\/\/mobiwonder.com\/es\/producto\/europe-esim\/","url":"https:\/\/mobiwonder.com\/es\/producto\/europe-esim\/","name":"MobiWonder - eSIM Europa for Europe travelers","isPartOf":{"@id":"https:\/\/mobiwonder.com\/es\/#website"},"primaryImageOfPage":{"@id":"https:\/\/mobiwonder.com\/es\/producto\/europe-esim\/#primaryimage"},"image":{"@id":"https:\/\/mobiwonder.com\/es\/producto\/europe-esim\/#primaryimage"},"thumbnailUrl":"https:\/\/mobiwonder.com\/wp-content\/uploads\/2025\/09\/europe-esim.png","datePublished":"2025-09-17T16:22:19+00:00","dateModified":"2026-03-13T20:07:00+00:00","description":"Mantente conectado por toda Europa con nuestros planes combo eSIM. Configuraci\u00f3n sencilla, activaci\u00f3n instant\u00e1nea y sin tarifas de roaming. Viaja inteligente con MobiWonder.","breadcrumb":{"@id":"https:\/\/mobiwonder.com\/es\/producto\/europe-esim\/#breadcrumb"},"inLanguage":"es","potentialAction":[{"@type":"ReadAction","target":["https:\/\/mobiwonder.com\/es\/producto\/europe-esim\/"]}]},{"@type":"ImageObject","inLanguage":"es","@id":"https:\/\/mobiwonder.com\/es\/producto\/europe-esim\/#primaryimage","url":"https:\/\/mobiwonder.com\/wp-content\/uploads\/2025\/09\/europe-esim.png","contentUrl":"https:\/\/mobiwonder.com\/wp-content\/uploads\/2025\/09\/europe-esim.png","width":375,"height":670,"caption":"europe-esim"},{"@type":"BreadcrumbList","@id":"https:\/\/mobiwonder.com\/es\/producto\/europe-esim\/#breadcrumb","itemListElement":[{"@type":"ListItem","position":1,"name":"Home","item":"https:\/\/mobiwonder.com\/es\/"},{"@type":"ListItem","position":2,"name":"Shop","item":"https:\/\/mobiwonder.com\/es\/shop\/"},{"@type":"ListItem","position":3,"name":"eSIM Europa"}]},{"@type":"WebSite","@id":"https:\/\/mobiwonder.com\/es\/#website","url":"https:\/\/mobiwonder.com\/es\/","name":"MobiWonder","description":"","potentialAction":[{"@type":"SearchAction","target":{"@type":"EntryPoint","urlTemplate":"https:\/\/mobiwonder.com\/es\/?s={search_term_string}"},"query-input":{"@type":"PropertyValueSpecification","valueRequired":true,"valueName":"search_term_string"}}],"inLanguage":"es"}]}},"_links":{"self":[{"href":"https:\/\/mobiwonder.com\/es\/wp-json\/wp\/v2\/product\/47636","targetHints":{"allow":["GET"]}}],"collection":[{"href":"https:\/\/mobiwonder.com\/es\/wp-json\/wp\/v2\/product"}],"about":[{"href":"https:\/\/mobiwonder.com\/es\/wp-json\/wp\/v2\/types\/product"}],"wp:featuredmedia":[{"embeddable":true,"href":"https:\/\/mobiwonder.com\/es\/wp-json\/wp\/v2\/media\/41657"}],"wp:attachment":[{"href":"https:\/\/mobiwonder.com\/es\/wp-json\/wp\/v2\/media?parent=47636"}],"wp:term":[{"taxonomy":"product_brand","embeddable":true,"href":"https:\/\/mobiwonder.com\/es\/wp-json\/wp\/v2\/product_brand?post=47636"},{"taxonomy":"product_cat","embeddable":true,"href":"https:\/\/mobiwonder.com\/es\/wp-json\/wp\/v2\/product_cat?post=47636"},{"taxonomy":"product_tag","embeddable":true,"href":"https:\/\/mobiwonder.com\/es\/wp-json\/wp\/v2\/product_tag?post=47636"}],"curies":[{"name":"wp","href":"https:\/\/api.w.org\/{rel}","templated":true}]}}