{"id":47635,"date":"2025-09-17T12:22:17","date_gmt":"2025-09-17T16:22:17","guid":{"rendered":"https:\/\/mobiwonder.com\/product\/caribbean-islands-esim\/"},"modified":"2026-03-13T16:07:00","modified_gmt":"2026-03-13T20:07:00","slug":"caribbean-islands-esim","status":"publish","type":"product","link":"https:\/\/mobiwonder.com\/es\/producto\/caribbean-islands-esim\/","title":{"rendered":"eSIM Islas del Caribe"},"content":{"rendered":"<p>Mantente conectado en el Caribe con nuestra eSIM Isla del Caribe. Configuraci\u00f3n sencilla, activaci\u00f3n instant\u00e1nea y sin cargos por roaming. Viaje de forma inteligente con MobiWonder.<\/p>\n","protected":false},"excerpt":{"rendered":"<p>Mantente conectado por toda Islas del Caribe con nuestros planes combo eSIM. Configuraci\u00f3n sencilla, activaci\u00f3n instant\u00e1nea y sin tarifas de roaming. Viaja inteligente con MobiWonder.<\/p>\n","protected":false},"featured_media":41835,"template":"","meta":[],"product_brand":[],"product_cat":[3222,2788],"product_tag":[1993,1994,2635],"class_list":{"0":"post-47635","1":"product","2":"type-product","3":"status-publish","4":"has-post-thumbnail","6":"product_cat-caribbean-islands","7":"product_cat-uncategorized","8":"product_tag-caribbean-islands-esim","9":"product_tag--esim","11":"pa_2-choose-data-amount-1-gb-high-speed-day","12":"pa_2-choose-data-amount-2-gb-high-speed-day","13":"pa_2-choose-data-amount-500-mb-high-speed-day","14":"pa_coverage-anguilla","15":"pa_coverage-antigua-and-barbuda","16":"pa_coverage-aruba","17":"pa_coverage-barbados","18":"pa_coverage-bermuda","19":"pa_coverage-british-virgin-islands","20":"pa_coverage-cayman-islands","21":"pa_coverage-curacao","22":"pa_coverage-dominica","23":"pa_coverage-dominica-republic","24":"pa_coverage-grenada","25":"pa_coverage-guadeloupe","26":"pa_coverage-haiti","27":"pa_coverage-jamaica","28":"pa_coverage-martinique","29":"pa_coverage-st-kitts-and-nevis","30":"pa_coverage-st-lucia","31":"pa_coverage-st-vincent","32":"pa_coverage-trinidad-and-tobago","33":"pa_coverage-turks-and-caicos","34":"pa_network-anguilla","35":"pa_network-antigua-and-barbuda","36":"pa_network-aruba","37":"pa_network-barbados","38":"pa_network-bermuda","39":"pa_network-british-virgin-islands","40":"pa_network-cayman-islands","41":"pa_network-curacao","42":"pa_network-dominica","43":"pa_network-dominica-republic","44":"pa_network-grenada","45":"pa_network-guadeloupe","46":"pa_network-haiti","47":"pa_network-jamaica","48":"pa_network-martinique","49":"pa_network-st-kitts-and-nevis","50":"pa_network-st-lucia","51":"pa_network-st-vincent","52":"pa_network-trinidad-and-tobago","53":"pa_network-turks-and-caicos","54":"pa_plan-type-unlimited-plan","55":"pa_validity-1-day","56":"pa_validity-10-days","57":"pa_validity-15-days","58":"pa_validity-20-days","59":"pa_validity-25-days","60":"pa_validity-3-days","61":"pa_validity-30-days","62":"pa_validity-05-days","63":"pa_validity-07-days","65":"first","66":"instock","67":"shipping-taxable","68":"purchasable","69":"product-type-variable","70":"has-default-attributes"},"yoast_head":"<!-- This site is optimized with the Yoast SEO plugin v27.1.1 - https:\/\/yoast.com\/product\/yoast-seo-wordpress\/ -->\n<title>MobiWonder - eSIM Islas del Caribe for Caribbean Island travelers<\/title>\n<meta name=\"description\" content=\"Mantente conectado por toda Islas del Caribe con nuestros planes combo eSIM. Configuraci\u00f3n sencilla, activaci\u00f3n instant\u00e1nea y sin tarifas de roaming. Viaja inteligente con MobiWonder.\" \/>\n<meta name=\"robots\" content=\"index, follow, max-snippet:-1, max-image-preview:large, max-video-preview:-1\" \/>\n<link rel=\"canonical\" href=\"https:\/\/mobiwonder.com\/es\/producto\/caribbean-islands-esim\/\" \/>\n<meta property=\"og:locale\" content=\"es_ES\" \/>\n<meta property=\"og:type\" content=\"article\" \/>\n<meta property=\"og:title\" content=\"MobiWonder - eSIM Islas del Caribe for Caribbean Island travelers\" \/>\n<meta property=\"og:description\" content=\"Mantente conectado por toda Islas del Caribe con nuestros planes combo eSIM. Configuraci\u00f3n sencilla, activaci\u00f3n instant\u00e1nea y sin tarifas de roaming. Viaja inteligente con MobiWonder.\" \/>\n<meta property=\"og:url\" content=\"https:\/\/mobiwonder.com\/es\/producto\/caribbean-islands-esim\/\" \/>\n<meta property=\"og:site_name\" content=\"MobiWonder\" \/>\n<meta property=\"article:modified_time\" content=\"2026-03-13T20:07:00+00:00\" \/>\n<meta property=\"og:image\" content=\"https:\/\/mobiwonder.com\/wp-content\/uploads\/2025\/09\/caribbean-islands-esim.png\" \/>\n\t<meta property=\"og:image:width\" content=\"375\" \/>\n\t<meta property=\"og:image:height\" content=\"670\" \/>\n\t<meta property=\"og:image:type\" content=\"image\/png\" \/>\n<meta name=\"twitter:card\" content=\"summary_large_image\" \/>\n<script type=\"application\/ld+json\" class=\"yoast-schema-graph\">{\"@context\":\"https:\/\/schema.org\",\"@graph\":[{\"@type\":\"WebPage\",\"@id\":\"https:\/\/mobiwonder.com\/es\/producto\/caribbean-islands-esim\/\",\"url\":\"https:\/\/mobiwonder.com\/es\/producto\/caribbean-islands-esim\/\",\"name\":\"MobiWonder - eSIM Islas del Caribe for Caribbean Island travelers\",\"isPartOf\":{\"@id\":\"https:\/\/mobiwonder.com\/es\/#website\"},\"primaryImageOfPage\":{\"@id\":\"https:\/\/mobiwonder.com\/es\/producto\/caribbean-islands-esim\/#primaryimage\"},\"image\":{\"@id\":\"https:\/\/mobiwonder.com\/es\/producto\/caribbean-islands-esim\/#primaryimage\"},\"thumbnailUrl\":\"https:\/\/mobiwonder.com\/wp-content\/uploads\/2025\/09\/caribbean-islands-esim.png\",\"datePublished\":\"2025-09-17T16:22:17+00:00\",\"dateModified\":\"2026-03-13T20:07:00+00:00\",\"description\":\"Mantente conectado por toda Islas del Caribe con nuestros planes combo eSIM. Configuraci\u00f3n sencilla, activaci\u00f3n instant\u00e1nea y sin tarifas de roaming. Viaja inteligente con MobiWonder.\",\"breadcrumb\":{\"@id\":\"https:\/\/mobiwonder.com\/es\/producto\/caribbean-islands-esim\/#breadcrumb\"},\"inLanguage\":\"es\",\"potentialAction\":[{\"@type\":\"ReadAction\",\"target\":[\"https:\/\/mobiwonder.com\/es\/producto\/caribbean-islands-esim\/\"]}]},{\"@type\":\"ImageObject\",\"inLanguage\":\"es\",\"@id\":\"https:\/\/mobiwonder.com\/es\/producto\/caribbean-islands-esim\/#primaryimage\",\"url\":\"https:\/\/mobiwonder.com\/wp-content\/uploads\/2025\/09\/caribbean-islands-esim.png\",\"contentUrl\":\"https:\/\/mobiwonder.com\/wp-content\/uploads\/2025\/09\/caribbean-islands-esim.png\",\"width\":375,\"height\":670,\"caption\":\"caribbean-islands-esim\"},{\"@type\":\"BreadcrumbList\",\"@id\":\"https:\/\/mobiwonder.com\/es\/producto\/caribbean-islands-esim\/#breadcrumb\",\"itemListElement\":[{\"@type\":\"ListItem\",\"position\":1,\"name\":\"Home\",\"item\":\"https:\/\/mobiwonder.com\/es\/\"},{\"@type\":\"ListItem\",\"position\":2,\"name\":\"Shop\",\"item\":\"https:\/\/mobiwonder.com\/es\/shop\/\"},{\"@type\":\"ListItem\",\"position\":3,\"name\":\"eSIM Islas del Caribe\"}]},{\"@type\":\"WebSite\",\"@id\":\"https:\/\/mobiwonder.com\/es\/#website\",\"url\":\"https:\/\/mobiwonder.com\/es\/\",\"name\":\"MobiWonder\",\"description\":\"\",\"potentialAction\":[{\"@type\":\"SearchAction\",\"target\":{\"@type\":\"EntryPoint\",\"urlTemplate\":\"https:\/\/mobiwonder.com\/es\/?s={search_term_string}\"},\"query-input\":{\"@type\":\"PropertyValueSpecification\",\"valueRequired\":true,\"valueName\":\"search_term_string\"}}],\"inLanguage\":\"es\"}]}<\/script>\n<!-- \/ Yoast SEO plugin. -->","yoast_head_json":{"title":"MobiWonder - eSIM Islas del Caribe for Caribbean Island travelers","description":"Mantente conectado por toda Islas del Caribe con nuestros planes combo eSIM. Configuraci\u00f3n sencilla, activaci\u00f3n instant\u00e1nea y sin tarifas de roaming. Viaja inteligente con MobiWonder.","robots":{"index":"index","follow":"follow","max-snippet":"max-snippet:-1","max-image-preview":"max-image-preview:large","max-video-preview":"max-video-preview:-1"},"canonical":"https:\/\/mobiwonder.com\/es\/producto\/caribbean-islands-esim\/","og_locale":"es_ES","og_type":"article","og_title":"MobiWonder - eSIM Islas del Caribe for Caribbean Island travelers","og_description":"Mantente conectado por toda Islas del Caribe con nuestros planes combo eSIM. Configuraci\u00f3n sencilla, activaci\u00f3n instant\u00e1nea y sin tarifas de roaming. Viaja inteligente con MobiWonder.","og_url":"https:\/\/mobiwonder.com\/es\/producto\/caribbean-islands-esim\/","og_site_name":"MobiWonder","article_modified_time":"2026-03-13T20:07:00+00:00","og_image":[{"width":375,"height":670,"url":"https:\/\/mobiwonder.com\/wp-content\/uploads\/2025\/09\/caribbean-islands-esim.png","type":"image\/png"}],"twitter_card":"summary_large_image","schema":{"@context":"https:\/\/schema.org","@graph":[{"@type":"WebPage","@id":"https:\/\/mobiwonder.com\/es\/producto\/caribbean-islands-esim\/","url":"https:\/\/mobiwonder.com\/es\/producto\/caribbean-islands-esim\/","name":"MobiWonder - eSIM Islas del Caribe for Caribbean Island travelers","isPartOf":{"@id":"https:\/\/mobiwonder.com\/es\/#website"},"primaryImageOfPage":{"@id":"https:\/\/mobiwonder.com\/es\/producto\/caribbean-islands-esim\/#primaryimage"},"image":{"@id":"https:\/\/mobiwonder.com\/es\/producto\/caribbean-islands-esim\/#primaryimage"},"thumbnailUrl":"https:\/\/mobiwonder.com\/wp-content\/uploads\/2025\/09\/caribbean-islands-esim.png","datePublished":"2025-09-17T16:22:17+00:00","dateModified":"2026-03-13T20:07:00+00:00","description":"Mantente conectado por toda Islas del Caribe con nuestros planes combo eSIM. Configuraci\u00f3n sencilla, activaci\u00f3n instant\u00e1nea y sin tarifas de roaming. Viaja inteligente con MobiWonder.","breadcrumb":{"@id":"https:\/\/mobiwonder.com\/es\/producto\/caribbean-islands-esim\/#breadcrumb"},"inLanguage":"es","potentialAction":[{"@type":"ReadAction","target":["https:\/\/mobiwonder.com\/es\/producto\/caribbean-islands-esim\/"]}]},{"@type":"ImageObject","inLanguage":"es","@id":"https:\/\/mobiwonder.com\/es\/producto\/caribbean-islands-esim\/#primaryimage","url":"https:\/\/mobiwonder.com\/wp-content\/uploads\/2025\/09\/caribbean-islands-esim.png","contentUrl":"https:\/\/mobiwonder.com\/wp-content\/uploads\/2025\/09\/caribbean-islands-esim.png","width":375,"height":670,"caption":"caribbean-islands-esim"},{"@type":"BreadcrumbList","@id":"https:\/\/mobiwonder.com\/es\/producto\/caribbean-islands-esim\/#breadcrumb","itemListElement":[{"@type":"ListItem","position":1,"name":"Home","item":"https:\/\/mobiwonder.com\/es\/"},{"@type":"ListItem","position":2,"name":"Shop","item":"https:\/\/mobiwonder.com\/es\/shop\/"},{"@type":"ListItem","position":3,"name":"eSIM Islas del Caribe"}]},{"@type":"WebSite","@id":"https:\/\/mobiwonder.com\/es\/#website","url":"https:\/\/mobiwonder.com\/es\/","name":"MobiWonder","description":"","potentialAction":[{"@type":"SearchAction","target":{"@type":"EntryPoint","urlTemplate":"https:\/\/mobiwonder.com\/es\/?s={search_term_string}"},"query-input":{"@type":"PropertyValueSpecification","valueRequired":true,"valueName":"search_term_string"}}],"inLanguage":"es"}]}},"_links":{"self":[{"href":"https:\/\/mobiwonder.com\/es\/wp-json\/wp\/v2\/product\/47635","targetHints":{"allow":["GET"]}}],"collection":[{"href":"https:\/\/mobiwonder.com\/es\/wp-json\/wp\/v2\/product"}],"about":[{"href":"https:\/\/mobiwonder.com\/es\/wp-json\/wp\/v2\/types\/product"}],"wp:featuredmedia":[{"embeddable":true,"href":"https:\/\/mobiwonder.com\/es\/wp-json\/wp\/v2\/media\/41835"}],"wp:attachment":[{"href":"https:\/\/mobiwonder.com\/es\/wp-json\/wp\/v2\/media?parent=47635"}],"wp:term":[{"taxonomy":"product_brand","embeddable":true,"href":"https:\/\/mobiwonder.com\/es\/wp-json\/wp\/v2\/product_brand?post=47635"},{"taxonomy":"product_cat","embeddable":true,"href":"https:\/\/mobiwonder.com\/es\/wp-json\/wp\/v2\/product_cat?post=47635"},{"taxonomy":"product_tag","embeddable":true,"href":"https:\/\/mobiwonder.com\/es\/wp-json\/wp\/v2\/product_tag?post=47635"}],"curies":[{"name":"wp","href":"https:\/\/api.w.org\/{rel}","templated":true}]}}