{"id":47632,"date":"2025-09-17T12:22:10","date_gmt":"2025-09-17T16:22:10","guid":{"rendered":"https:\/\/mobiwonder.com\/product\/asia-esim\/"},"modified":"2026-03-13T16:07:00","modified_gmt":"2026-03-13T20:07:00","slug":"asia-esim","status":"publish","type":"product","link":"https:\/\/mobiwonder.com\/es\/producto\/asia-esim\/","title":{"rendered":"eSIM asi\u00e1tica"},"content":{"rendered":"<p>Mantente conectado en 16 pa\u00edses asi\u00e1ticos con nuestra eSIM asi\u00e1tica. Configuraci\u00f3n sencilla, activaci\u00f3n instant\u00e1nea y sin cargos por roaming. Viaje de forma inteligente con MobiWonder.<\/p>\n","protected":false},"excerpt":{"rendered":"<p>Mantente conectado por toda asi\u00e1tica con nuestros planes combo eSIM. Configuraci\u00f3n sencilla, activaci\u00f3n instant\u00e1nea y sin tarifas de roaming. Viaja inteligente con MobiWonder.<\/p>\n","protected":false},"featured_media":41723,"template":"","meta":[],"product_brand":[],"product_cat":[3187,2788],"product_tag":[1987,1988,2627],"class_list":{"0":"post-47632","1":"product","2":"type-product","3":"status-publish","4":"has-post-thumbnail","6":"product_cat-asia","7":"product_cat-uncategorized","8":"product_tag-asia-esim","9":"product_tag--esim","11":"pa_2-choose-data-amount-1-gb-high-speed-day","12":"pa_2-choose-data-amount-2-gb-high-speed-day","13":"pa_2-choose-data-amount-500-mb-high-speed-day","14":"pa_coverage-cambodia","15":"pa_coverage-china","16":"pa_coverage-hong-kong","17":"pa_coverage-indonesia","18":"pa_coverage-japan","19":"pa_coverage-laos","20":"pa_coverage-macao","21":"pa_coverage-malaysia","22":"pa_coverage-pakistan","23":"pa_coverage-philippines","24":"pa_coverage-singapore","25":"pa_coverage-south-korea","26":"pa_coverage-sri-lanka","27":"pa_coverage-taiwan","28":"pa_coverage-thailand","29":"pa_coverage-vietnam","30":"pa_network-cambodia","31":"pa_network-china","32":"pa_network-hong-kong","33":"pa_network-indonesia","34":"pa_network-japan","35":"pa_network-laos","36":"pa_network-macao","37":"pa_network-malaysia","38":"pa_network-pakistan","39":"pa_network-philippines","40":"pa_network-singapore","41":"pa_network-south-korea","42":"pa_network-sri-lanka","43":"pa_network-taiwan","44":"pa_network-thailand","45":"pa_network-vietnam","46":"pa_plan-type-unlimited-plan","47":"pa_validity-12-days","48":"pa_validity-15-days","49":"pa_validity-30-days","50":"pa_validity-05-days","51":"pa_validity-8-days","53":"first","54":"instock","55":"shipping-taxable","56":"purchasable","57":"product-type-variable","58":"has-default-attributes"},"yoast_head":"<!-- This site is optimized with the Yoast SEO plugin v27.1.1 - https:\/\/yoast.com\/product\/yoast-seo-wordpress\/ -->\n<title>MobiWonder - eSIM asi\u00e1tica for Asia travelers<\/title>\n<meta name=\"description\" content=\"Mantente conectado por toda asi\u00e1tica con nuestros planes combo eSIM. Configuraci\u00f3n sencilla, activaci\u00f3n instant\u00e1nea y sin tarifas de roaming. Viaja inteligente con MobiWonder.\" \/>\n<meta name=\"robots\" content=\"index, follow, max-snippet:-1, max-image-preview:large, max-video-preview:-1\" \/>\n<link rel=\"canonical\" href=\"https:\/\/mobiwonder.com\/es\/producto\/asia-esim\/\" \/>\n<meta property=\"og:locale\" content=\"es_ES\" \/>\n<meta property=\"og:type\" content=\"article\" \/>\n<meta property=\"og:title\" content=\"MobiWonder - eSIM asi\u00e1tica for Asia travelers\" \/>\n<meta property=\"og:description\" content=\"Mantente conectado por toda asi\u00e1tica con nuestros planes combo eSIM. Configuraci\u00f3n sencilla, activaci\u00f3n instant\u00e1nea y sin tarifas de roaming. Viaja inteligente con MobiWonder.\" \/>\n<meta property=\"og:url\" content=\"https:\/\/mobiwonder.com\/es\/producto\/asia-esim\/\" \/>\n<meta property=\"og:site_name\" content=\"MobiWonder\" \/>\n<meta property=\"article:modified_time\" content=\"2026-03-13T20:07:00+00:00\" \/>\n<meta property=\"og:image\" content=\"https:\/\/mobiwonder.com\/wp-content\/uploads\/2025\/09\/asia-esim.png\" \/>\n\t<meta property=\"og:image:width\" content=\"375\" \/>\n\t<meta property=\"og:image:height\" content=\"670\" \/>\n\t<meta property=\"og:image:type\" content=\"image\/png\" \/>\n<meta name=\"twitter:card\" content=\"summary_large_image\" \/>\n<script type=\"application\/ld+json\" class=\"yoast-schema-graph\">{\"@context\":\"https:\/\/schema.org\",\"@graph\":[{\"@type\":\"WebPage\",\"@id\":\"https:\/\/mobiwonder.com\/es\/producto\/asia-esim\/\",\"url\":\"https:\/\/mobiwonder.com\/es\/producto\/asia-esim\/\",\"name\":\"MobiWonder - eSIM asi\u00e1tica for Asia travelers\",\"isPartOf\":{\"@id\":\"https:\/\/mobiwonder.com\/es\/#website\"},\"primaryImageOfPage\":{\"@id\":\"https:\/\/mobiwonder.com\/es\/producto\/asia-esim\/#primaryimage\"},\"image\":{\"@id\":\"https:\/\/mobiwonder.com\/es\/producto\/asia-esim\/#primaryimage\"},\"thumbnailUrl\":\"https:\/\/mobiwonder.com\/wp-content\/uploads\/2025\/09\/asia-esim.png\",\"datePublished\":\"2025-09-17T16:22:10+00:00\",\"dateModified\":\"2026-03-13T20:07:00+00:00\",\"description\":\"Mantente conectado por toda asi\u00e1tica con nuestros planes combo eSIM. Configuraci\u00f3n sencilla, activaci\u00f3n instant\u00e1nea y sin tarifas de roaming. Viaja inteligente con MobiWonder.\",\"breadcrumb\":{\"@id\":\"https:\/\/mobiwonder.com\/es\/producto\/asia-esim\/#breadcrumb\"},\"inLanguage\":\"es\",\"potentialAction\":[{\"@type\":\"ReadAction\",\"target\":[\"https:\/\/mobiwonder.com\/es\/producto\/asia-esim\/\"]}]},{\"@type\":\"ImageObject\",\"inLanguage\":\"es\",\"@id\":\"https:\/\/mobiwonder.com\/es\/producto\/asia-esim\/#primaryimage\",\"url\":\"https:\/\/mobiwonder.com\/wp-content\/uploads\/2025\/09\/asia-esim.png\",\"contentUrl\":\"https:\/\/mobiwonder.com\/wp-content\/uploads\/2025\/09\/asia-esim.png\",\"width\":375,\"height\":670,\"caption\":\"asia-esim\"},{\"@type\":\"BreadcrumbList\",\"@id\":\"https:\/\/mobiwonder.com\/es\/producto\/asia-esim\/#breadcrumb\",\"itemListElement\":[{\"@type\":\"ListItem\",\"position\":1,\"name\":\"Home\",\"item\":\"https:\/\/mobiwonder.com\/es\/\"},{\"@type\":\"ListItem\",\"position\":2,\"name\":\"Shop\",\"item\":\"https:\/\/mobiwonder.com\/es\/shop\/\"},{\"@type\":\"ListItem\",\"position\":3,\"name\":\"eSIM asi\u00e1tica\"}]},{\"@type\":\"WebSite\",\"@id\":\"https:\/\/mobiwonder.com\/es\/#website\",\"url\":\"https:\/\/mobiwonder.com\/es\/\",\"name\":\"MobiWonder\",\"description\":\"\",\"potentialAction\":[{\"@type\":\"SearchAction\",\"target\":{\"@type\":\"EntryPoint\",\"urlTemplate\":\"https:\/\/mobiwonder.com\/es\/?s={search_term_string}\"},\"query-input\":{\"@type\":\"PropertyValueSpecification\",\"valueRequired\":true,\"valueName\":\"search_term_string\"}}],\"inLanguage\":\"es\"}]}<\/script>\n<!-- \/ Yoast SEO plugin. -->","yoast_head_json":{"title":"MobiWonder - eSIM asi\u00e1tica for Asia travelers","description":"Mantente conectado por toda asi\u00e1tica con nuestros planes combo eSIM. Configuraci\u00f3n sencilla, activaci\u00f3n instant\u00e1nea y sin tarifas de roaming. Viaja inteligente con MobiWonder.","robots":{"index":"index","follow":"follow","max-snippet":"max-snippet:-1","max-image-preview":"max-image-preview:large","max-video-preview":"max-video-preview:-1"},"canonical":"https:\/\/mobiwonder.com\/es\/producto\/asia-esim\/","og_locale":"es_ES","og_type":"article","og_title":"MobiWonder - eSIM asi\u00e1tica for Asia travelers","og_description":"Mantente conectado por toda asi\u00e1tica con nuestros planes combo eSIM. Configuraci\u00f3n sencilla, activaci\u00f3n instant\u00e1nea y sin tarifas de roaming. Viaja inteligente con MobiWonder.","og_url":"https:\/\/mobiwonder.com\/es\/producto\/asia-esim\/","og_site_name":"MobiWonder","article_modified_time":"2026-03-13T20:07:00+00:00","og_image":[{"width":375,"height":670,"url":"https:\/\/mobiwonder.com\/wp-content\/uploads\/2025\/09\/asia-esim.png","type":"image\/png"}],"twitter_card":"summary_large_image","schema":{"@context":"https:\/\/schema.org","@graph":[{"@type":"WebPage","@id":"https:\/\/mobiwonder.com\/es\/producto\/asia-esim\/","url":"https:\/\/mobiwonder.com\/es\/producto\/asia-esim\/","name":"MobiWonder - eSIM asi\u00e1tica for Asia travelers","isPartOf":{"@id":"https:\/\/mobiwonder.com\/es\/#website"},"primaryImageOfPage":{"@id":"https:\/\/mobiwonder.com\/es\/producto\/asia-esim\/#primaryimage"},"image":{"@id":"https:\/\/mobiwonder.com\/es\/producto\/asia-esim\/#primaryimage"},"thumbnailUrl":"https:\/\/mobiwonder.com\/wp-content\/uploads\/2025\/09\/asia-esim.png","datePublished":"2025-09-17T16:22:10+00:00","dateModified":"2026-03-13T20:07:00+00:00","description":"Mantente conectado por toda asi\u00e1tica con nuestros planes combo eSIM. Configuraci\u00f3n sencilla, activaci\u00f3n instant\u00e1nea y sin tarifas de roaming. Viaja inteligente con MobiWonder.","breadcrumb":{"@id":"https:\/\/mobiwonder.com\/es\/producto\/asia-esim\/#breadcrumb"},"inLanguage":"es","potentialAction":[{"@type":"ReadAction","target":["https:\/\/mobiwonder.com\/es\/producto\/asia-esim\/"]}]},{"@type":"ImageObject","inLanguage":"es","@id":"https:\/\/mobiwonder.com\/es\/producto\/asia-esim\/#primaryimage","url":"https:\/\/mobiwonder.com\/wp-content\/uploads\/2025\/09\/asia-esim.png","contentUrl":"https:\/\/mobiwonder.com\/wp-content\/uploads\/2025\/09\/asia-esim.png","width":375,"height":670,"caption":"asia-esim"},{"@type":"BreadcrumbList","@id":"https:\/\/mobiwonder.com\/es\/producto\/asia-esim\/#breadcrumb","itemListElement":[{"@type":"ListItem","position":1,"name":"Home","item":"https:\/\/mobiwonder.com\/es\/"},{"@type":"ListItem","position":2,"name":"Shop","item":"https:\/\/mobiwonder.com\/es\/shop\/"},{"@type":"ListItem","position":3,"name":"eSIM asi\u00e1tica"}]},{"@type":"WebSite","@id":"https:\/\/mobiwonder.com\/es\/#website","url":"https:\/\/mobiwonder.com\/es\/","name":"MobiWonder","description":"","potentialAction":[{"@type":"SearchAction","target":{"@type":"EntryPoint","urlTemplate":"https:\/\/mobiwonder.com\/es\/?s={search_term_string}"},"query-input":{"@type":"PropertyValueSpecification","valueRequired":true,"valueName":"search_term_string"}}],"inLanguage":"es"}]}},"_links":{"self":[{"href":"https:\/\/mobiwonder.com\/es\/wp-json\/wp\/v2\/product\/47632","targetHints":{"allow":["GET"]}}],"collection":[{"href":"https:\/\/mobiwonder.com\/es\/wp-json\/wp\/v2\/product"}],"about":[{"href":"https:\/\/mobiwonder.com\/es\/wp-json\/wp\/v2\/types\/product"}],"wp:featuredmedia":[{"embeddable":true,"href":"https:\/\/mobiwonder.com\/es\/wp-json\/wp\/v2\/media\/41723"}],"wp:attachment":[{"href":"https:\/\/mobiwonder.com\/es\/wp-json\/wp\/v2\/media?parent=47632"}],"wp:term":[{"taxonomy":"product_brand","embeddable":true,"href":"https:\/\/mobiwonder.com\/es\/wp-json\/wp\/v2\/product_brand?post=47632"},{"taxonomy":"product_cat","embeddable":true,"href":"https:\/\/mobiwonder.com\/es\/wp-json\/wp\/v2\/product_cat?post=47632"},{"taxonomy":"product_tag","embeddable":true,"href":"https:\/\/mobiwonder.com\/es\/wp-json\/wp\/v2\/product_tag?post=47632"}],"curies":[{"name":"wp","href":"https:\/\/api.w.org\/{rel}","templated":true}]}}