{"id":47543,"date":"2025-07-17T13:24:32","date_gmt":"2025-07-17T17:24:32","guid":{"rendered":"https:\/\/mobiwonder.com\/product\/germany\/"},"modified":"2026-03-13T16:36:38","modified_gmt":"2026-03-13T20:36:38","slug":"germany","status":"publish","type":"product","link":"https:\/\/mobiwonder.com\/es\/producto\/germany\/","title":{"rendered":"Alemania"},"content":{"rendered":"<p>Mantente conectado en Alemania con nuestros planes de datos eSIM. Configuraci\u00f3n sencilla, activaci\u00f3n instant\u00e1nea y sin tarifas de roaming. Viaja inteligente con MobiWonder.<\/p>\n","protected":false},"excerpt":{"rendered":"<p>Mantente conectado en Alemania con nuestros planes de datos eSIM. Configuraci\u00f3n sencilla, activaci\u00f3n instant\u00e1nea y sin tarifas de roaming. Viaja inteligente con MobiWonder.<\/p>\n","protected":false},"featured_media":41841,"template":"","meta":[],"product_brand":[],"product_cat":[2913,2788],"product_tag":[1810,1811,2252],"class_list":{"0":"post-47543","1":"product","2":"type-product","3":"status-publish","4":"has-post-thumbnail","6":"product_cat-germany","7":"product_cat-uncategorized","8":"product_tag-germany","9":"product_tag-1811","10":"product_tag-2252","11":"pa_2-choose-data-amount-1-gb-high-speed-day","12":"pa_2-choose-data-amount-10-days-5gb","13":"pa_2-choose-data-amount-15-days-6gb","14":"pa_2-choose-data-amount-2-gb-high-speed-day","15":"pa_2-choose-data-amount-3-gb-high-speed-day","16":"pa_2-choose-data-amount-30-days-10gb","17":"pa_2-choose-data-amount-30-days-20gb","18":"pa_2-choose-data-amount-30-days-30gb-standard","19":"pa_coverage-germany","20":"pa_network-germany","21":"pa_plan-type-standard-plan","22":"pa_plan-type-unlimited-plan","23":"pa_validity-10-days","24":"pa_validity-15-days","25":"pa_validity-20-days","26":"pa_validity-30-days","27":"pa_validity-05-days","28":"pa_validity-07-days","29":"pa_validity-standard-plan","31":"first","32":"instock","33":"shipping-taxable","34":"purchasable","35":"product-type-variable","36":"has-default-attributes"},"yoast_head":"<!-- This site is optimized with the Yoast SEO plugin v27.1.1 - https:\/\/yoast.com\/product\/yoast-seo-wordpress\/ -->\n<title>Alemania - MobiWonder<\/title>\n<meta name=\"description\" content=\"Mantente conectado en Alemania con nuestros planes de datos eSIM. Configuraci\u00f3n sencilla, activaci\u00f3n instant\u00e1nea y sin tarifas de roaming. Viaja inteligente con MobiWonder.\" \/>\n<meta name=\"robots\" content=\"index, follow, max-snippet:-1, max-image-preview:large, max-video-preview:-1\" \/>\n<link rel=\"canonical\" href=\"https:\/\/mobiwonder.com\/es\/producto\/germany\/\" \/>\n<meta property=\"og:locale\" content=\"es_ES\" \/>\n<meta property=\"og:type\" content=\"article\" \/>\n<meta property=\"og:title\" content=\"Alemania - MobiWonder\" \/>\n<meta property=\"og:description\" content=\"Mantente conectado en Alemania con nuestros planes de datos eSIM. Configuraci\u00f3n sencilla, activaci\u00f3n instant\u00e1nea y sin tarifas de roaming. Viaja inteligente con MobiWonder.\" \/>\n<meta property=\"og:url\" content=\"https:\/\/mobiwonder.com\/es\/producto\/germany\/\" \/>\n<meta property=\"og:site_name\" content=\"MobiWonder\" \/>\n<meta property=\"article:modified_time\" content=\"2026-03-13T20:36:38+00:00\" \/>\n<meta property=\"og:image\" content=\"https:\/\/mobiwonder.com\/wp-content\/uploads\/2025\/07\/germany.png\" \/>\n\t<meta property=\"og:image:width\" content=\"375\" \/>\n\t<meta property=\"og:image:height\" content=\"670\" \/>\n\t<meta property=\"og:image:type\" content=\"image\/png\" \/>\n<meta name=\"twitter:card\" content=\"summary_large_image\" \/>\n<script type=\"application\/ld+json\" class=\"yoast-schema-graph\">{\"@context\":\"https:\/\/schema.org\",\"@graph\":[{\"@type\":\"WebPage\",\"@id\":\"https:\/\/mobiwonder.com\/es\/producto\/germany\/\",\"url\":\"https:\/\/mobiwonder.com\/es\/producto\/germany\/\",\"name\":\"Alemania - MobiWonder\",\"isPartOf\":{\"@id\":\"https:\/\/mobiwonder.com\/es\/#website\"},\"primaryImageOfPage\":{\"@id\":\"https:\/\/mobiwonder.com\/es\/producto\/germany\/#primaryimage\"},\"image\":{\"@id\":\"https:\/\/mobiwonder.com\/es\/producto\/germany\/#primaryimage\"},\"thumbnailUrl\":\"https:\/\/mobiwonder.com\/wp-content\/uploads\/2025\/07\/germany.png\",\"datePublished\":\"2025-07-17T17:24:32+00:00\",\"dateModified\":\"2026-03-13T20:36:38+00:00\",\"description\":\"Mantente conectado en Alemania con nuestros planes de datos eSIM. Configuraci\u00f3n sencilla, activaci\u00f3n instant\u00e1nea y sin tarifas de roaming. Viaja inteligente con MobiWonder.\",\"breadcrumb\":{\"@id\":\"https:\/\/mobiwonder.com\/es\/producto\/germany\/#breadcrumb\"},\"inLanguage\":\"es\",\"potentialAction\":[{\"@type\":\"ReadAction\",\"target\":[\"https:\/\/mobiwonder.com\/es\/producto\/germany\/\"]}]},{\"@type\":\"ImageObject\",\"inLanguage\":\"es\",\"@id\":\"https:\/\/mobiwonder.com\/es\/producto\/germany\/#primaryimage\",\"url\":\"https:\/\/mobiwonder.com\/wp-content\/uploads\/2025\/07\/germany.png\",\"contentUrl\":\"https:\/\/mobiwonder.com\/wp-content\/uploads\/2025\/07\/germany.png\",\"width\":375,\"height\":670,\"caption\":\"germany\"},{\"@type\":\"BreadcrumbList\",\"@id\":\"https:\/\/mobiwonder.com\/es\/producto\/germany\/#breadcrumb\",\"itemListElement\":[{\"@type\":\"ListItem\",\"position\":1,\"name\":\"Home\",\"item\":\"https:\/\/mobiwonder.com\/es\/\"},{\"@type\":\"ListItem\",\"position\":2,\"name\":\"Shop\",\"item\":\"https:\/\/mobiwonder.com\/es\/shop\/\"},{\"@type\":\"ListItem\",\"position\":3,\"name\":\"Alemania\"}]},{\"@type\":\"WebSite\",\"@id\":\"https:\/\/mobiwonder.com\/es\/#website\",\"url\":\"https:\/\/mobiwonder.com\/es\/\",\"name\":\"MobiWonder\",\"description\":\"\",\"potentialAction\":[{\"@type\":\"SearchAction\",\"target\":{\"@type\":\"EntryPoint\",\"urlTemplate\":\"https:\/\/mobiwonder.com\/es\/?s={search_term_string}\"},\"query-input\":{\"@type\":\"PropertyValueSpecification\",\"valueRequired\":true,\"valueName\":\"search_term_string\"}}],\"inLanguage\":\"es\"}]}<\/script>\n<!-- \/ Yoast SEO plugin. -->","yoast_head_json":{"title":"Alemania - MobiWonder","description":"Mantente conectado en Alemania con nuestros planes de datos eSIM. Configuraci\u00f3n sencilla, activaci\u00f3n instant\u00e1nea y sin tarifas de roaming. Viaja inteligente con MobiWonder.","robots":{"index":"index","follow":"follow","max-snippet":"max-snippet:-1","max-image-preview":"max-image-preview:large","max-video-preview":"max-video-preview:-1"},"canonical":"https:\/\/mobiwonder.com\/es\/producto\/germany\/","og_locale":"es_ES","og_type":"article","og_title":"Alemania - MobiWonder","og_description":"Mantente conectado en Alemania con nuestros planes de datos eSIM. Configuraci\u00f3n sencilla, activaci\u00f3n instant\u00e1nea y sin tarifas de roaming. Viaja inteligente con MobiWonder.","og_url":"https:\/\/mobiwonder.com\/es\/producto\/germany\/","og_site_name":"MobiWonder","article_modified_time":"2026-03-13T20:36:38+00:00","og_image":[{"width":375,"height":670,"url":"https:\/\/mobiwonder.com\/wp-content\/uploads\/2025\/07\/germany.png","type":"image\/png"}],"twitter_card":"summary_large_image","schema":{"@context":"https:\/\/schema.org","@graph":[{"@type":"WebPage","@id":"https:\/\/mobiwonder.com\/es\/producto\/germany\/","url":"https:\/\/mobiwonder.com\/es\/producto\/germany\/","name":"Alemania - MobiWonder","isPartOf":{"@id":"https:\/\/mobiwonder.com\/es\/#website"},"primaryImageOfPage":{"@id":"https:\/\/mobiwonder.com\/es\/producto\/germany\/#primaryimage"},"image":{"@id":"https:\/\/mobiwonder.com\/es\/producto\/germany\/#primaryimage"},"thumbnailUrl":"https:\/\/mobiwonder.com\/wp-content\/uploads\/2025\/07\/germany.png","datePublished":"2025-07-17T17:24:32+00:00","dateModified":"2026-03-13T20:36:38+00:00","description":"Mantente conectado en Alemania con nuestros planes de datos eSIM. Configuraci\u00f3n sencilla, activaci\u00f3n instant\u00e1nea y sin tarifas de roaming. Viaja inteligente con MobiWonder.","breadcrumb":{"@id":"https:\/\/mobiwonder.com\/es\/producto\/germany\/#breadcrumb"},"inLanguage":"es","potentialAction":[{"@type":"ReadAction","target":["https:\/\/mobiwonder.com\/es\/producto\/germany\/"]}]},{"@type":"ImageObject","inLanguage":"es","@id":"https:\/\/mobiwonder.com\/es\/producto\/germany\/#primaryimage","url":"https:\/\/mobiwonder.com\/wp-content\/uploads\/2025\/07\/germany.png","contentUrl":"https:\/\/mobiwonder.com\/wp-content\/uploads\/2025\/07\/germany.png","width":375,"height":670,"caption":"germany"},{"@type":"BreadcrumbList","@id":"https:\/\/mobiwonder.com\/es\/producto\/germany\/#breadcrumb","itemListElement":[{"@type":"ListItem","position":1,"name":"Home","item":"https:\/\/mobiwonder.com\/es\/"},{"@type":"ListItem","position":2,"name":"Shop","item":"https:\/\/mobiwonder.com\/es\/shop\/"},{"@type":"ListItem","position":3,"name":"Alemania"}]},{"@type":"WebSite","@id":"https:\/\/mobiwonder.com\/es\/#website","url":"https:\/\/mobiwonder.com\/es\/","name":"MobiWonder","description":"","potentialAction":[{"@type":"SearchAction","target":{"@type":"EntryPoint","urlTemplate":"https:\/\/mobiwonder.com\/es\/?s={search_term_string}"},"query-input":{"@type":"PropertyValueSpecification","valueRequired":true,"valueName":"search_term_string"}}],"inLanguage":"es"}]}},"_links":{"self":[{"href":"https:\/\/mobiwonder.com\/es\/wp-json\/wp\/v2\/product\/47543","targetHints":{"allow":["GET"]}}],"collection":[{"href":"https:\/\/mobiwonder.com\/es\/wp-json\/wp\/v2\/product"}],"about":[{"href":"https:\/\/mobiwonder.com\/es\/wp-json\/wp\/v2\/types\/product"}],"wp:featuredmedia":[{"embeddable":true,"href":"https:\/\/mobiwonder.com\/es\/wp-json\/wp\/v2\/media\/41841"}],"wp:attachment":[{"href":"https:\/\/mobiwonder.com\/es\/wp-json\/wp\/v2\/media?parent=47543"}],"wp:term":[{"taxonomy":"product_brand","embeddable":true,"href":"https:\/\/mobiwonder.com\/es\/wp-json\/wp\/v2\/product_brand?post=47543"},{"taxonomy":"product_cat","embeddable":true,"href":"https:\/\/mobiwonder.com\/es\/wp-json\/wp\/v2\/product_cat?post=47543"},{"taxonomy":"product_tag","embeddable":true,"href":"https:\/\/mobiwonder.com\/es\/wp-json\/wp\/v2\/product_tag?post=47543"}],"curies":[{"name":"wp","href":"https:\/\/api.w.org\/{rel}","templated":true}]}}