{"id":47511,"date":"2025-12-03T19:43:26","date_gmt":"2025-12-04T00:43:26","guid":{"rendered":"https:\/\/mobiwonder.com\/redeem-esim\/"},"modified":"2025-12-03T19:43:26","modified_gmt":"2025-12-04T00:43:26","slug":"redeem-esim","status":"publish","type":"page","link":"https:\/\/mobiwonder.com\/es\/redeem-esim\/","title":{"rendered":"Canjear eSIM"},"content":{"rendered":"<!-- wp:c\u00f3digo corto -->\n        <div id=\"mw-esim-redeem-container\">\n            <div class=\"mw-esim-header\">\n                <h1>Canjear eSIM<\/h1>\n                <p>Ingrese el n\u00famero de serie que se le envi\u00f3 por correo electr\u00f3nico despu\u00e9s de la compra. Si no ha recibido su n\u00famero de serie 24 horas despu\u00e9s de la compra, comun\u00edquese con el soporte t\u00e9cnico en help@mobiwonder.com                <\/p>\n            <\/div>\n\n            <div class=\"mw-esim-form-wrapper\">\n                <form id=\"mw-esim-form\" method=\"post\" action=\"javascript:void(0);\" onsubmit=\"return false;\">\n                    <div class=\"mw-esim-input-group\">\n                        <span class=\"mw-esim-icon\">\n                            <svg xmlns=\"http:\/\/www.w3.org\/2000\/svg\" width=\"16\" height=\"16\" fill=\"currentColor\"\n                                class=\"bi bi-file-text\" viewBox=\"0 0 16 16\">\n                                <path\n                                    d=\"M5 4a.5.5 0 0 0 0 1h6a.5.5 0 0 0 0-1H5zm-.5 2.5A.5.5 0 0 1 5 6h6a.5.5 0 0 1 0 1H5a.5.5 0 0 1-.5-.5zM5 8a.5.5 0 0 0 0 1h6a.5.5 0 0 0 0-1H5zm0 2a.5.5 0 0 0 0 1h3a.5.5 0 0 0 0-1H5z\" \/>\n                                <path\n                                    d=\"M2 2a2 2 0 0 1 2-2h8a2 2 0 0 1 2 2v12a2 2 0 0 1-2 2H4a2 2 0 0 1-2-2V2zm10-1H4a1 1 0 0 0-1 1v12a1 1 0 0 0 1 1h8a1 1 0 0 0 1-1V2a1 1 0 0 0-1-1z\" \/>\n                            <\/svg>\n                        <\/span>\n                        <input type=\"text\" id=\"mw-esim-serial\" name=\"serialNumber\"\n                            placeholder=\"Introduce el n\u00famero de serie de tu eSIM\" required>\n                        <button type=\"submit\"\n                            id=\"mw-esim-submit-btn\">Canjear eSIM<\/button>\n                    <\/div>\n                    <div id=\"mw-esim-serial-error\" class=\"mw-esim-error\"><\/div>\n                    <div id=\"mw-esim-global-error\" class=\"mw-esim-error\"><\/div>\n\n                    <!-- Placeholder for Recaptcha -->\n                    <div class=\"mw-esim-recaptcha-placeholder\" style=\"margin-top: 20px; text-align: center;\">\n                        <!-- Recaptcha would go here -->\n                    <\/div>\n                <\/form>\n            <\/div>\n\n            <div class=\"mw-esim-info-cards\">\n                <div class=\"mw-esim-card\">\n                    <h3>Verifique la compatibilidad de su dispositivo.<\/h3>\n                    <p>Aseg\u00farese de que su dispositivo sea compatible antes de comprarlo. Todas las ventas son definitivas. Para problemas de conectividad, consulte la p\u00e1gina de soporte o cont\u00e1ctenos.                    <\/p>\n                <\/div>\n                <div class=\"mw-esim-card\">\n                    <h3>Cada eSIM s\u00f3lo se puede instalar una vez.<\/h3>\n                    <p>Una vez que canjees tu eSIM, el c\u00f3digo QR es v\u00e1lido por 180 d\u00edas. La eSIM no es transferible una vez que se agrega a su dispositivo.                    <\/p>\n                <\/div>\n                <div class=\"mw-esim-card\">\n                    <h3>Instale la eSIM antes de su salida.<\/h3>\n                    <p>Se requiere conexi\u00f3n a Internet para instalar la eSIM. Cuando llegues a tu destino, ve a la configuraci\u00f3n de tu tel\u00e9fono para habilitar los datos m\u00f3viles eSIM.                    <\/p>\n                <\/div>\n            <\/div>\n\n            <!-- Hidden Success Section -->\n            <div id=\"mw-esim-success-container\" style=\"display: none;\">\n                <div class=\"mw-esim-success-header\">\n                    <h2 style=\"color: #10b981; margin-bottom: 20px;\">\n                        \u00a1eSIM canjeada con \u00e9xito!                    <\/h2>\n                    <div class=\"mw-esim-plan-info\">\n                        <p id=\"mw-esim-plan-name\">Plan eSIM: Cargando&#8230;<\/p>\n                        <p id=\"mw-esim-valid-date\" style=\"font-weight: bold;\">\n                            C\u00f3digo v\u00e1lido hasta&#8230;                        <\/p>\n                    <\/div>\n                <\/div>\n\n                <h2 style=\"text-align: center; margin: 40px 0;\">\n                    Dos formas de instalar la eSIM en tu dispositivo:                <\/h2>\n\n                <div class=\"mw-esim-install-options\">\n                    <!-- Option 1: Scan QR -->\n                    <div class=\"mw-esim-option-card\">\n                        <h3>1. Escanear c\u00f3digo QR de activaci\u00f3n<\/h3>\n                        <p>Para escanear el c\u00f3digo QR, primero deber\u00e1 <strong>printar el c\u00f3digo QR o usar otro dispositivo<\/strong> para acceder al historial de su cuenta MobiWonder.                        <\/p>\n\n                        <div class=\"mw-esim-qr-wrapper\">\n                            <img decoding=\"async\" id=\"mw-esim-qr-image\" src=\"\" alt=\"C\u00f3digo QR eSIM\">\n                        <\/div>\n\n                        <div style=\"margin-top: 10px; display: flex; gap: 10px; justify-content: center; flex-wrap: wrap;\">\n                            <a id=\"mw-esim-install-link\" href=\"#\" class=\"mw-esim-btn-pill\"\n                                style=\"text-decoration: none;\">Instalar eSIM<\/a>\n                            <button class=\"mw-esim-btn-pill\"\n                                onclick=\"window.print()\">Imprimir c\u00f3digo QR<\/button>\n                        <\/div>\n                    <\/div>\n\n                    <!-- Option 2: Manual Entry -->\n                    <div class=\"mw-esim-option-card\">\n                        <h3>2. Ingrese el c\u00f3digo de activaci\u00f3n<\/h3>\n                        <p><strong>iOS:<\/strong> Toca &quot;Ingresar detalles manualmente&quot; en la vista de escaneo de c\u00f3digos QR.<br><strong>Android:<\/strong> Toca &quot;Ingresar c\u00f3digo en su lugar&quot; (o algo similar) en la vista de escaneo de c\u00f3digos QR.<\/p>\n\n                        <div class=\"mw-esim-detail-group\">\n                            <label>Direcci\u00f3n SM-DP+ (si es necesario):<\/label>\n                            <div class=\"mw-esim-code-display\" id=\"mw-esim-smdp\"><\/div>\n                            <button class=\"mw-esim-btn-pill\"\n                                data-target=\"mw-esim-smdp\">Copiar<\/button>\n                        <\/div>\n\n                        <div class=\"mw-esim-detail-group\">\n                            <label>C\u00f3digo de activaci\u00f3n:<\/label>\n                            <div class=\"mw-esim-code-display\" id=\"mw-esim-activation-code\"><\/div>\n                            <button class=\"mw-esim-btn-pill\"\n                                data-target=\"mw-esim-activation-code\">Copiar<\/button>\n                        <\/div>\n                    <\/div>\n                <\/div>\n\n                <!-- Registration Notice -->\n                <div class=\"mw-esim-notice-card\">\n                    <h3>\u00bfViajas a Hong Kong o Taiw\u00e1n?<\/h3>\n                    <p>De acuerdo con las leyes y regulaciones implementadas en Hong Kong y Taiw\u00e1n, los clientes deben completar el registro ICCID y con el nombre real de sus tarjetas SIM antes de usarlas.                    <\/p>\n\n                    <div class=\"mw-esim-detail-row\">\n                        <span>Registro: <a\n                                href=\"https:\/\/global.cmlink.com\/en\/real-name\" target=\"_blank\"\n                                style=\"color: #10b981; font-weight: bold;\">https:\/\/global.cmlink.com\/en\/real-name<\/a><\/span>\n                        <a href=\"https:\/\/global.cmlink.com\/en\/real-name\" target=\"_blank\"\n                            class=\"mw-esim-btn-pill\">Visitar enlace<\/a>\n                    <\/div>\n\n                    <div class=\"mw-esim-detail-row\">\n                        <span>ICCID: <strong id=\"mw-esim-iccid\"\n                                style=\"color: #10b981;\">Cargando&#8230;<\/strong><\/span>\n                        <button class=\"mw-esim-btn-pill\"\n                            data-target=\"mw-esim-iccid\">Copiar<\/button>\n                    <\/div>\n                <\/div>\n\n                <!-- Installation Guide -->\n                <div class=\"mw-esim-guide-section\">\n                    <h3>C\u00f3mo instalar eSIM en un dispositivo m\u00f3vil:<\/h3>\n\n                    <div class=\"mw-esim-tabs\">\n                        <button class=\"mw-esim-tab active\"\n                            data-tab=\"ios\">iOS<\/button>\n                        <button class=\"mw-esim-tab\"\n                            data-tab=\"android\">Androide<\/button>\n                    <\/div>\n\n                    <div id=\"mw-esim-guide-ios\" class=\"mw-esim-guide-content active\">\n                        <div class=\"mw-esim-steps-grid\">\n                            <div class=\"mw-esim-step\">\n                                <img decoding=\"async\" src=\"https:\/\/mobiwondercom.local\/wp-content\/uploads\/2025\/12\/iOS-Instruction-1.png\"\n                                    alt=\"iOS Paso 1\">\n                                <p>1. Vaya a &quot;Celular&quot; en Configuraci\u00f3n<\/p>\n                            <\/div>\n                            <div class=\"mw-esim-step\">\n                                <img decoding=\"async\" src=\"https:\/\/mobiwondercom.local\/wp-content\/uploads\/2025\/12\/iOS-Instruction-2.png\"\n                                    alt=\"iOS Paso 2\">\n                                <p>2. En la secci\u00f3n eSIM, toque &quot;Agregar eSIM&quot;.                                <\/p>\n                            <\/div>\n                            <div class=\"mw-esim-step\">\n                                <img decoding=\"async\" src=\"https:\/\/mobiwondercom.local\/wp-content\/uploads\/2025\/12\/iOS-Instruction-3.png\"\n                                    alt=\"iOS Paso 3\">\n                                <p>3. Escanee el c\u00f3digo de barras o ingrese el c\u00f3digo de activaci\u00f3n.                                <\/p>\n                            <\/div>\n                            <div class=\"mw-esim-step\">\n                                <img decoding=\"async\" src=\"https:\/\/mobiwondercom.local\/wp-content\/uploads\/2025\/12\/iOS-Instruction-4.png\"\n                                    alt=\"iOS Paso 4\">\n                                <p>4. Siga las instrucciones que aparecen en pantalla para completar la configuraci\u00f3n.                                <\/p>\n                            <\/div>\n                        <\/div>\n                    <\/div>\n\n                    <div id=\"mw-esim-guide-android\" class=\"mw-esim-guide-content\">\n                        <div class=\"mw-esim-steps-grid\">\n                            <div class=\"mw-esim-step\">\n                                <img decoding=\"async\" src=\"https:\/\/mobiwondercom.local\/wp-content\/uploads\/2025\/12\/Android-Instruction-1.png\"\n                                    alt=\"Android Paso 1\">\n                                <p>1. Vaya a &quot;Red e Internet&quot; o &quot;Conexi\u00f3n&quot;                                <\/p>\n                            <\/div>\n                            <div class=\"mw-esim-step\">\n                                <img decoding=\"async\" src=\"https:\/\/mobiwondercom.local\/wp-content\/uploads\/2025\/12\/Android-Instruction-2.png\"\n                                    alt=\"Android Paso 2\">\n                                <p>2. Seleccione &quot;SIM&quot; o &quot;Administrador de SIM&quot;<\/p>\n                            <\/div>\n                            <div class=\"mw-esim-step\">\n                                <img decoding=\"async\" src=\"https:\/\/mobiwondercom.local\/wp-content\/uploads\/2025\/12\/Android-Instruction-3.png\"\n                                    alt=\"Android Paso 3\">\n                                <p>3. Elige la opci\u00f3n &quot;Agregar m\u00e1s&quot; o &quot;Agregar eSIM&quot;                                <\/p>\n                            <\/div>\n                            <div class=\"mw-esim-step\">\n                                <img decoding=\"async\" src=\"https:\/\/mobiwondercom.local\/wp-content\/uploads\/2025\/12\/Android-Instruction-4.png\"\n                                    alt=\"Android Paso 4\">\n                                <p>4. Siga las instrucciones para completar la configuraci\u00f3n de eSIM.                                <\/p>\n                            <\/div>\n                        <\/div>\n                    <\/div>\n                <\/div>\n            <\/div>\n        <\/div>\n        \n<!-- \/wp:c\u00f3digo corto -->\n\n<!-- wp:p\u00e1rrafo -->\n<p><\/p>\n<!-- \/wp:p\u00e1rrafo -->","protected":false},"excerpt":{"rendered":"","protected":false},"author":168,"featured_media":0,"parent":0,"menu_order":0,"comment_status":"closed","ping_status":"closed","template":"","meta":{"footnotes":""},"class_list":["post-47511","page","type-page","status-publish","hentry"],"blocksy_meta":[],"yoast_head":"<!-- This site is optimized with the Yoast SEO plugin v27.1.1 - https:\/\/yoast.com\/product\/yoast-seo-wordpress\/ -->\n<title>Canjear eSIM - MobiWonder<\/title>\n<meta name=\"robots\" content=\"index, follow, max-snippet:-1, max-image-preview:large, max-video-preview:-1\" \/>\n<link rel=\"canonical\" href=\"https:\/\/mobiwonder.com\/es\/redeem-esim\/\" \/>\n<meta property=\"og:locale\" content=\"es_ES\" \/>\n<meta property=\"og:type\" content=\"article\" \/>\n<meta property=\"og:title\" content=\"Canjear eSIM - MobiWonder\" \/>\n<meta property=\"og:url\" content=\"https:\/\/mobiwonder.com\/es\/redeem-esim\/\" \/>\n<meta property=\"og:site_name\" content=\"MobiWonder\" \/>\n<meta name=\"twitter:card\" content=\"summary_large_image\" \/>\n<script type=\"application\/ld+json\" class=\"yoast-schema-graph\">{\"@context\":\"https:\/\/schema.org\",\"@graph\":[{\"@type\":\"WebPage\",\"@id\":\"https:\/\/mobiwonder.com\/es\/redeem-esim\/\",\"url\":\"https:\/\/mobiwonder.com\/es\/redeem-esim\/\",\"name\":\"Canjear eSIM - MobiWonder\",\"isPartOf\":{\"@id\":\"https:\/\/mobiwonder.com\/es\/#website\"},\"datePublished\":\"2025-12-04T00:43:26+00:00\",\"breadcrumb\":{\"@id\":\"https:\/\/mobiwonder.com\/es\/redeem-esim\/#breadcrumb\"},\"inLanguage\":\"es\",\"potentialAction\":[{\"@type\":\"ReadAction\",\"target\":[\"https:\/\/mobiwonder.com\/es\/redeem-esim\/\"]}]},{\"@type\":\"BreadcrumbList\",\"@id\":\"https:\/\/mobiwonder.com\/es\/redeem-esim\/#breadcrumb\",\"itemListElement\":[{\"@type\":\"ListItem\",\"position\":1,\"name\":\"Home\",\"item\":\"https:\/\/mobiwonder.com\/es\/\"},{\"@type\":\"ListItem\",\"position\":2,\"name\":\"Redeem eSIM\"}]},{\"@type\":\"WebSite\",\"@id\":\"https:\/\/mobiwonder.com\/es\/#website\",\"url\":\"https:\/\/mobiwonder.com\/es\/\",\"name\":\"MobiWonder\",\"description\":\"\",\"potentialAction\":[{\"@type\":\"SearchAction\",\"target\":{\"@type\":\"EntryPoint\",\"urlTemplate\":\"https:\/\/mobiwonder.com\/es\/?s={search_term_string}\"},\"query-input\":{\"@type\":\"PropertyValueSpecification\",\"valueRequired\":true,\"valueName\":\"search_term_string\"}}],\"inLanguage\":\"es\"}]}<\/script>\n<!-- \/ Yoast SEO plugin. -->","yoast_head_json":{"title":"Canjear eSIM - MobiWonder","robots":{"index":"index","follow":"follow","max-snippet":"max-snippet:-1","max-image-preview":"max-image-preview:large","max-video-preview":"max-video-preview:-1"},"canonical":"https:\/\/mobiwonder.com\/es\/redeem-esim\/","og_locale":"es_ES","og_type":"article","og_title":"Canjear eSIM - MobiWonder","og_url":"https:\/\/mobiwonder.com\/es\/redeem-esim\/","og_site_name":"MobiWonder","twitter_card":"summary_large_image","schema":{"@context":"https:\/\/schema.org","@graph":[{"@type":"WebPage","@id":"https:\/\/mobiwonder.com\/es\/redeem-esim\/","url":"https:\/\/mobiwonder.com\/es\/redeem-esim\/","name":"Canjear eSIM - MobiWonder","isPartOf":{"@id":"https:\/\/mobiwonder.com\/es\/#website"},"datePublished":"2025-12-04T00:43:26+00:00","breadcrumb":{"@id":"https:\/\/mobiwonder.com\/es\/redeem-esim\/#breadcrumb"},"inLanguage":"es","potentialAction":[{"@type":"ReadAction","target":["https:\/\/mobiwonder.com\/es\/redeem-esim\/"]}]},{"@type":"BreadcrumbList","@id":"https:\/\/mobiwonder.com\/es\/redeem-esim\/#breadcrumb","itemListElement":[{"@type":"ListItem","position":1,"name":"Home","item":"https:\/\/mobiwonder.com\/es\/"},{"@type":"ListItem","position":2,"name":"Redeem eSIM"}]},{"@type":"WebSite","@id":"https:\/\/mobiwonder.com\/es\/#website","url":"https:\/\/mobiwonder.com\/es\/","name":"MobiWonder","description":"","potentialAction":[{"@type":"SearchAction","target":{"@type":"EntryPoint","urlTemplate":"https:\/\/mobiwonder.com\/es\/?s={search_term_string}"},"query-input":{"@type":"PropertyValueSpecification","valueRequired":true,"valueName":"search_term_string"}}],"inLanguage":"es"}]}},"_links":{"self":[{"href":"https:\/\/mobiwonder.com\/es\/wp-json\/wp\/v2\/pages\/47511","targetHints":{"allow":["GET"]}}],"collection":[{"href":"https:\/\/mobiwonder.com\/es\/wp-json\/wp\/v2\/pages"}],"about":[{"href":"https:\/\/mobiwonder.com\/es\/wp-json\/wp\/v2\/types\/page"}],"author":[{"embeddable":true,"href":"https:\/\/mobiwonder.com\/es\/wp-json\/wp\/v2\/users\/168"}],"replies":[{"embeddable":true,"href":"https:\/\/mobiwonder.com\/es\/wp-json\/wp\/v2\/comments?post=47511"}],"version-history":[{"count":0,"href":"https:\/\/mobiwonder.com\/es\/wp-json\/wp\/v2\/pages\/47511\/revisions"}],"wp:attachment":[{"href":"https:\/\/mobiwonder.com\/es\/wp-json\/wp\/v2\/media?parent=47511"}],"curies":[{"name":"wp","href":"https:\/\/api.w.org\/{rel}","templated":true}]}}