{"id":47271,"date":"2024-09-11T06:44:46","date_gmt":"2024-09-11T10:44:46","guid":{"rendered":"https:\/\/mobiwonder.com\/contacta-con-nosotros\/"},"modified":"2026-04-10T16:04:03","modified_gmt":"2026-04-10T20:04:03","slug":"contact-us","status":"publish","type":"page","link":"https:\/\/mobiwonder.com\/es\/contact-us\/","title":{"rendered":"Contact Us"},"content":{"rendered":"\n<div class=\"wp-block-group is-layout-constrained wp-container-core-group-is-layout-e42fd58f wp-block-group-is-layout-constrained\" style=\"padding-top:64px;padding-right:24px;padding-bottom:48px;padding-left:24px\">\n\n<h1 class=\"wp-block-heading has-text-align-center\" style=\"font-size:clamp(31.609px, 1.976rem + ((1vw - 3.2px) * 1.906), 56px);font-style:normal;font-weight:800;letter-spacing:-2px;line-height:1\">Encontrar tu camino es<br \/>parte de <span style=\"color:#006953\">la aventura.<\/span><\/h1>\n\n\n<p class=\"has-text-align-center\" style=\"font-size:clamp(14px, 0.875rem + ((1vw - 3.2px) * 0.469), 20px);line-height:1.6;margin-top:32px;color:#3d4944\">Ya sea que est\u00e9s perdido en las calles de ne\u00f3n de Tokio o en una caminata por los altos Andes, nuestro equipo de soporte global es el v\u00ednculo que te mantiene conectado. Estamos aqu\u00ed por cada kil\u00f3metro.<\/p>\n\n<\/div>\n\n\n\n<div class=\"wp-block-group alignfull has-background is-layout-constrained wp-container-core-group-is-layout-d4ff47ba wp-block-group-is-layout-constrained\" style=\"background-color:#f2f4f5;padding-top:48px;padding-right:24px;padding-bottom:48px;padding-left:24px;margin-bottom:64px\">\n\n<div class=\"wp-block-columns is-layout-flex wp-container-core-columns-is-layout-4a938530 wp-block-columns-is-layout-flex\">\n\n<div class=\"wp-block-column is-layout-flow wp-block-column-is-layout-flow\" style=\"background:white;border-radius:32px;padding:48px\">\n<p>\n<form method=\"post\" action=\"\" style=\"margin:0\">\n<input type=\"hidden\" id=\"mw_contact_nonce\" name=\"mw_contact_nonce\" value=\"6b8c1c147b\" \/><input type=\"hidden\" name=\"_wp_http_referer\" value=\"\/es\/wp-json\/wp\/v2\/pages\/47271\" \/>\n<input type=\"hidden\" name=\"mw_ts\" value=\"1777436878\"\/>\n\n<!-- Honeypot: invisible to humans, bots auto-fill it -->\n<div style=\"position:absolute;left:-9999px;top:-9999px\" aria-hidden=\"true\">\n  <label for=\"mw_website\">Website<\/label>\n  <input type=\"text\" name=\"mw_website\" id=\"mw_website\" tabindex=\"-1\" autocomplete=\"off\" value=\"\"\/>\n<\/div>\n\n<div style=\"display:grid;grid-template-columns:1fr 1fr;gap:24px;margin-bottom:24px\">\n  <div>\n    <label style=\"display:block;font-family:Inter,sans-serif;font-weight:500;font-size:14px;color:#3d4944;margin-bottom:8px\">Nombre<\/label>\n    <input type=\"text\" name=\"mw_first_name\" placeholder=\"Viajero\" required style=\"width:100%;box-sizing:border-box;background:#f2f4f5;border:none;border-radius:12px;padding:16px;font-family:\"Plus Jakarta Sans\",sans-serif;font-size:16px;color:#191c1d;outline:none\"\/>\n  <\/div>\n  <div>\n    <label style=\"display:block;font-family:Inter,sans-serif;font-weight:500;font-size:14px;color:#3d4944;margin-bottom:8px\">Apellido<\/label>\n    <input type=\"text\" name=\"mw_last_name\" placeholder=\"Apellido\" style=\"width:100%;box-sizing:border-box;background:#f2f4f5;border:none;border-radius:12px;padding:16px;font-family:\"Plus Jakarta Sans\",sans-serif;font-size:16px;color:#191c1d;outline:none\"\/>\n  <\/div>\n<\/div>\n\n<div style=\"margin-bottom:24px\">\n  <label style=\"display:block;font-family:Inter,sans-serif;font-weight:500;font-size:14px;color:#3d4944;margin-bottom:8px\">Correo electr\u00f3nico<\/label>\n  <input type=\"email\" name=\"mw_email\" placeholder=\"hola@viaje.com\" required style=\"width:100%;box-sizing:border-box;background:#f2f4f5;border:none;border-radius:12px;padding:16px;font-family:\"Plus Jakarta Sans\",sans-serif;font-size:16px;color:#191c1d;outline:none\"\/>\n<\/div>\n\n<div style=\"margin-bottom:24px\">\n  <label style=\"display:block;font-family:Inter,sans-serif;font-weight:500;font-size:14px;color:#3d4944;margin-bottom:8px\">Asunto<\/label>\n  <select name=\"mw_subject\" style=\"width:100%;box-sizing:border-box;background-color:#f2f4f5;border:none;border-radius:12px;padding:0 44px 0 16px;height:56px;line-height:56px;font-family:\"Plus Jakarta Sans\",sans-serif;font-size:16px;color:#191c1d;outline:none;appearance:none;-webkit-appearance:none;cursor:pointer;background-image:url(\"data:image\/svg+xml,%3Csvg width='24' height='24' viewBox='0 0 24 24' fill='none' xmlns='http:\/\/www.w3.org\/2000\/svg'%3E%3Cpath d='M7.2 9.6L12 14.4L16.8 9.6' stroke='%236B7280' stroke-width='1.8' stroke-linecap='round' stroke-linejoin='round'\/%3E%3C\/svg%3E\");background-repeat:no-repeat;background-position:right 12px center;background-size:24px\">\n    <option>Soporte t\u00e9cnico<\/option>\n    <option>Consultas de asociaci\u00f3n<\/option>\n    <option>Consejos de viaje<\/option>\n    <option>Consulta general<\/option>\n  <\/select>\n<\/div>\n\n<div style=\"margin-bottom:32px\">\n  <label style=\"display:block;font-family:Inter,sans-serif;font-weight:500;font-size:14px;color:#3d4944;margin-bottom:8px\">Mensaje<\/label>\n  <textarea name=\"mw_message\" placeholder=\"\u00bfC\u00f3mo podemos ayudarte a explorar hoy?\" required style=\"width:100%;box-sizing:border-box;background:#f2f4f5;border:none;border-radius:12px;padding:16px;font-family:\"Plus Jakarta Sans\",sans-serif;font-size:16px;color:#191c1d;outline:none;min-height:120px;resize:vertical\"><\/textarea>\n<\/div>\n\n<button type=\"submit\" style=\"display:block;width:100%;padding:20px 32px;border:none;border-radius:9999px;background:linear-gradient(129deg,#006953,#00846a);color:white;font-family:\"Plus Jakarta Sans\",sans-serif;font-weight:700;font-size:18px;cursor:pointer;transition:opacity 0.2s\" onmouseover=\"this.style.opacity='0.9'\" onmouseout=\"this.style.opacity='1'\">Enviar mensaje<\/button>\n\n<\/form><\/p>\n\n<\/div>\n\n\n<div class=\"wp-block-column is-vertically-aligned-top is-layout-flow wp-block-column-is-layout-flow\">\n\n<h2 class=\"wp-block-heading\" style=\"font-size:clamp(15.747px, 0.984rem + ((1vw - 3.2px) * 0.645), 24px);font-weight:700;margin-bottom:16px\">C\u00f3mo podemos ayudar<\/h2>\n\n<div style=\"background:#f2f4f5;border-radius:16px;padding:24px;overflow:hidden;margin-bottom:16px\"><div style=\"background:#87f7d4;border-radius:12px;width:48px;height:48px;min-width:48px;text-align:center;line-height:48px;float:left;margin-right:16px\"><img loading=\"lazy\" decoding=\"async\" src=\"http:\/\/mobiwonder.com\/wp-content\/uploads\/about-icons\/icon-headset.svg\" width=\"20\" height=\"18\" alt=\"\" style=\"vertical-align:middle\" \/><\/div><div style=\"overflow:hidden\"><p style=\"font-weight:700;font-size:16px;margin-bottom:4px\">Soporte global 24\/7<\/p><p style=\"font-size:14px;color:#3d4944;line-height:1.6\">Personas reales, ayuda real. Estamos despiertos cuando t\u00fa lo est\u00e1s, en cualquier zona horaria.<\/p><\/div><\/div><div style=\"background:#f2f4f5;border-radius:16px;padding:24px;overflow:hidden;margin-bottom:16px\"><div style=\"background:#c6eae3;border-radius:12px;width:48px;height:48px;min-width:48px;text-align:center;line-height:48px;float:left;margin-right:16px\"><img loading=\"lazy\" decoding=\"async\" src=\"http:\/\/mobiwonder.com\/wp-content\/uploads\/about-icons\/icon-partnership.svg\" width=\"22\" height=\"20\" alt=\"\" style=\"vertical-align:middle\" \/><\/div><div style=\"overflow:hidden\"><p style=\"font-weight:700;font-size:16px;margin-bottom:4px\">Consultas de asociaci\u00f3n<\/p><p style=\"font-size:14px;color:#3d4944;line-height:1.6\">\u00bfQuieres escalar la conectividad para tu flota o agencia? Hablemos a gran escala.<\/p><\/div><\/div><div style=\"background:#f2f4f5;border-radius:16px;padding:24px;overflow:hidden\"><div style=\"background:#dce3e8;border-radius:12px;width:48px;height:48px;min-width:48px;text-align:center;line-height:48px;float:left;margin-right:16px\"><img loading=\"lazy\" decoding=\"async\" src=\"http:\/\/mobiwonder.com\/wp-content\/uploads\/about-icons\/icon-compass.svg\" width=\"20\" height=\"20\" alt=\"\" style=\"vertical-align:middle\" \/><\/div><div style=\"overflow:hidden\"><p style=\"font-weight:700;font-size:16px;margin-bottom:4px\">Consejos de viaje<\/p><p style=\"font-size:14px;color:#3d4944;line-height:1.6\">\u00bfNecesitas ayuda para elegir un plan para un viaje a varios pa\u00edses? Nuestros expertos tienen los mapas.<\/p><\/div><\/div>\n<\/div>\n\n<\/div>\n\n<\/div>\n","protected":false},"excerpt":{"rendered":"<p>Encontrar tu camino esparte de la aventura. Ya sea que est\u00e9s perdido en las calles de ne\u00f3n de Tokio o en una caminata por los altos Andes, nuestro equipo de soporte global es el v\u00ednculo que te mantiene conectado. Estamos aqu\u00ed por cada kil\u00f3metro. C\u00f3mo podemos ayudar<\/p>\n","protected":false},"author":1,"featured_media":0,"parent":0,"menu_order":0,"comment_status":"closed","ping_status":"closed","template":"","meta":{"footnotes":""},"class_list":["post-47271","page","type-page","status-publish","hentry"],"blocksy_meta":[],"yoast_head":"<!-- This site is optimized with the Yoast SEO plugin v27.1.1 - https:\/\/yoast.com\/product\/yoast-seo-wordpress\/ -->\n<title>Contact Us - MobiWonder<\/title>\n<meta name=\"robots\" content=\"index, follow, max-snippet:-1, max-image-preview:large, max-video-preview:-1\" \/>\n<link rel=\"canonical\" href=\"https:\/\/mobiwonder.com\/es\/contact-us\/\" \/>\n<meta property=\"og:locale\" content=\"es_ES\" \/>\n<meta property=\"og:type\" content=\"article\" \/>\n<meta property=\"og:title\" content=\"Contact Us - MobiWonder\" \/>\n<meta property=\"og:description\" content=\"Encontrar tu camino esparte de la aventura. Ya sea que est\u00e9s perdido en las calles de ne\u00f3n de Tokio o en una caminata por los altos Andes, nuestro equipo de soporte global es el v\u00ednculo que te mantiene conectado. Estamos aqu\u00ed por cada kil\u00f3metro. C\u00f3mo podemos ayudar\" \/>\n<meta property=\"og:url\" content=\"https:\/\/mobiwonder.com\/es\/contact-us\/\" \/>\n<meta property=\"og:site_name\" content=\"MobiWonder\" \/>\n<meta property=\"article:modified_time\" content=\"2026-04-10T20:04:03+00:00\" \/>\n<meta property=\"og:image\" content=\"http:\/\/mobiwonder.com\/wp-content\/uploads\/about-icons\/icon-headset.svg\" \/>\n<meta name=\"twitter:card\" content=\"summary_large_image\" \/>\n<meta name=\"twitter:label1\" content=\"Est. reading time\" \/>\n\t<meta name=\"twitter:data1\" content=\"1 minuto\" \/>\n<script type=\"application\/ld+json\" class=\"yoast-schema-graph\">{\"@context\":\"https:\/\/schema.org\",\"@graph\":[{\"@type\":\"WebPage\",\"@id\":\"https:\/\/mobiwonder.com\/es\/contact-us\/\",\"url\":\"https:\/\/mobiwonder.com\/es\/contact-us\/\",\"name\":\"Contact Us - MobiWonder\",\"isPartOf\":{\"@id\":\"https:\/\/mobiwonder.com\/es\/#website\"},\"primaryImageOfPage\":{\"@id\":\"https:\/\/mobiwonder.com\/es\/contact-us\/#primaryimage\"},\"image\":{\"@id\":\"https:\/\/mobiwonder.com\/es\/contact-us\/#primaryimage\"},\"thumbnailUrl\":\"http:\/\/mobiwonder.com\/wp-content\/uploads\/about-icons\/icon-headset.svg\",\"datePublished\":\"2024-09-11T10:44:46+00:00\",\"dateModified\":\"2026-04-10T20:04:03+00:00\",\"breadcrumb\":{\"@id\":\"https:\/\/mobiwonder.com\/es\/contact-us\/#breadcrumb\"},\"inLanguage\":\"es\",\"potentialAction\":[{\"@type\":\"ReadAction\",\"target\":[\"https:\/\/mobiwonder.com\/es\/contact-us\/\"]}]},{\"@type\":\"ImageObject\",\"inLanguage\":\"es\",\"@id\":\"https:\/\/mobiwonder.com\/es\/contact-us\/#primaryimage\",\"url\":\"http:\/\/mobiwonder.com\/wp-content\/uploads\/about-icons\/icon-headset.svg\",\"contentUrl\":\"http:\/\/mobiwonder.com\/wp-content\/uploads\/about-icons\/icon-headset.svg\"},{\"@type\":\"BreadcrumbList\",\"@id\":\"https:\/\/mobiwonder.com\/es\/contact-us\/#breadcrumb\",\"itemListElement\":[{\"@type\":\"ListItem\",\"position\":1,\"name\":\"Home\",\"item\":\"https:\/\/mobiwonder.com\/es\/\"},{\"@type\":\"ListItem\",\"position\":2,\"name\":\"Contact Us\"}]},{\"@type\":\"WebSite\",\"@id\":\"https:\/\/mobiwonder.com\/es\/#website\",\"url\":\"https:\/\/mobiwonder.com\/es\/\",\"name\":\"MobiWonder\",\"description\":\"\",\"potentialAction\":[{\"@type\":\"SearchAction\",\"target\":{\"@type\":\"EntryPoint\",\"urlTemplate\":\"https:\/\/mobiwonder.com\/es\/?s={search_term_string}\"},\"query-input\":{\"@type\":\"PropertyValueSpecification\",\"valueRequired\":true,\"valueName\":\"search_term_string\"}}],\"inLanguage\":\"es\"}]}<\/script>\n<!-- \/ Yoast SEO plugin. -->","yoast_head_json":{"title":"Contact Us - MobiWonder","robots":{"index":"index","follow":"follow","max-snippet":"max-snippet:-1","max-image-preview":"max-image-preview:large","max-video-preview":"max-video-preview:-1"},"canonical":"https:\/\/mobiwonder.com\/es\/contact-us\/","og_locale":"es_ES","og_type":"article","og_title":"Contact Us - MobiWonder","og_description":"Encontrar tu camino esparte de la aventura. Ya sea que est\u00e9s perdido en las calles de ne\u00f3n de Tokio o en una caminata por los altos Andes, nuestro equipo de soporte global es el v\u00ednculo que te mantiene conectado. Estamos aqu\u00ed por cada kil\u00f3metro. C\u00f3mo podemos ayudar","og_url":"https:\/\/mobiwonder.com\/es\/contact-us\/","og_site_name":"MobiWonder","article_modified_time":"2026-04-10T20:04:03+00:00","og_image":[{"url":"http:\/\/mobiwonder.com\/wp-content\/uploads\/about-icons\/icon-headset.svg","type":"","width":"","height":""}],"twitter_card":"summary_large_image","twitter_misc":{"Est. reading time":"1 minuto"},"schema":{"@context":"https:\/\/schema.org","@graph":[{"@type":"WebPage","@id":"https:\/\/mobiwonder.com\/es\/contact-us\/","url":"https:\/\/mobiwonder.com\/es\/contact-us\/","name":"Contact Us - MobiWonder","isPartOf":{"@id":"https:\/\/mobiwonder.com\/es\/#website"},"primaryImageOfPage":{"@id":"https:\/\/mobiwonder.com\/es\/contact-us\/#primaryimage"},"image":{"@id":"https:\/\/mobiwonder.com\/es\/contact-us\/#primaryimage"},"thumbnailUrl":"http:\/\/mobiwonder.com\/wp-content\/uploads\/about-icons\/icon-headset.svg","datePublished":"2024-09-11T10:44:46+00:00","dateModified":"2026-04-10T20:04:03+00:00","breadcrumb":{"@id":"https:\/\/mobiwonder.com\/es\/contact-us\/#breadcrumb"},"inLanguage":"es","potentialAction":[{"@type":"ReadAction","target":["https:\/\/mobiwonder.com\/es\/contact-us\/"]}]},{"@type":"ImageObject","inLanguage":"es","@id":"https:\/\/mobiwonder.com\/es\/contact-us\/#primaryimage","url":"http:\/\/mobiwonder.com\/wp-content\/uploads\/about-icons\/icon-headset.svg","contentUrl":"http:\/\/mobiwonder.com\/wp-content\/uploads\/about-icons\/icon-headset.svg"},{"@type":"BreadcrumbList","@id":"https:\/\/mobiwonder.com\/es\/contact-us\/#breadcrumb","itemListElement":[{"@type":"ListItem","position":1,"name":"Home","item":"https:\/\/mobiwonder.com\/es\/"},{"@type":"ListItem","position":2,"name":"Contact Us"}]},{"@type":"WebSite","@id":"https:\/\/mobiwonder.com\/es\/#website","url":"https:\/\/mobiwonder.com\/es\/","name":"MobiWonder","description":"","potentialAction":[{"@type":"SearchAction","target":{"@type":"EntryPoint","urlTemplate":"https:\/\/mobiwonder.com\/es\/?s={search_term_string}"},"query-input":{"@type":"PropertyValueSpecification","valueRequired":true,"valueName":"search_term_string"}}],"inLanguage":"es"}]}},"_links":{"self":[{"href":"https:\/\/mobiwonder.com\/es\/wp-json\/wp\/v2\/pages\/47271","targetHints":{"allow":["GET"]}}],"collection":[{"href":"https:\/\/mobiwonder.com\/es\/wp-json\/wp\/v2\/pages"}],"about":[{"href":"https:\/\/mobiwonder.com\/es\/wp-json\/wp\/v2\/types\/page"}],"author":[{"embeddable":true,"href":"https:\/\/mobiwonder.com\/es\/wp-json\/wp\/v2\/users\/1"}],"replies":[{"embeddable":true,"href":"https:\/\/mobiwonder.com\/es\/wp-json\/wp\/v2\/comments?post=47271"}],"version-history":[{"count":11,"href":"https:\/\/mobiwonder.com\/es\/wp-json\/wp\/v2\/pages\/47271\/revisions"}],"predecessor-version":[{"id":55909,"href":"https:\/\/mobiwonder.com\/es\/wp-json\/wp\/v2\/pages\/47271\/revisions\/55909"}],"wp:attachment":[{"href":"https:\/\/mobiwonder.com\/es\/wp-json\/wp\/v2\/media?parent=47271"}],"curies":[{"name":"wp","href":"https:\/\/api.w.org\/{rel}","templated":true}]}}